{"id":22141,"date":"2022-12-04T13:24:09","date_gmt":"2022-12-04T11:24:09","guid":{"rendered":"https:\/\/historisches-kirchhellen.de\/?page_id=22141"},"modified":"2022-12-07T19:11:10","modified_gmt":"2022-12-07T17:11:10","slug":"gebaeude-nr-23","status":"publish","type":"page","link":"https:\/\/historisches-kirchhellen.de\/?page_id=22141","title":{"rendered":"Geb\u00e4ude Nr. 23"},"content":{"rendered":"\n<p><strong>Wohnhaus der Landwirtin Dahlmann (Dorf 4 &#8211; Senheimer Stra\u00dfe)<\/strong><\/p>\n\n\n\n<p>Das Hauptgeb\u00e4ude war zur Bogenstra\u00dfe (heute Senheimer Stra\u00dfe) ausgerichtet und der Schweinestall lag zur Hauptstra\u00dfe hin. Deshalb befand sich auch noch hier an der Hauptstra\u00dfe bis in die 1960er Jahre der letzte Misthaufen im Dorf. Der noch lange gebrauchte Rufname &#8222;J\u00f6sken&#8220; deutet darauf hin, dass der Vorbesitzer ein &#8222;Jost&#8220; gewesen sein muss. J\u00f6sken ist somit eine Verkleinerungsform von Jost, ein in fr\u00fcheren Zeiten gebr\u00e4uchlicher Vorname. In den 1960er Jahren wurde der Hof aufgegeben und Dahlmann hat an der M\u00fcnsterstra\u00dfe ein neues Haus erbaut.<\/p>\n\n\n\n<p>Im Adressbuch von 1914 werden aufgef\u00fchrt:<br>Dahlmann, Witwe Theodor, Landwirtin (Eigent\u00fcmerin)<br>Dahlmann, Theodor, Ackergehilfe<br>Beisenkamp, Wilhelmine, Magd<br>Dellwig, Mathilde, Magd<\/p>\n\n\n\n<figure class=\"wp-block-gallery has-nested-images columns-default is-cropped wp-block-gallery-1 is-layout-flex wp-block-gallery-is-layout-flex\">\n<figure class=\"wp-block-image size-large\"><a href=\"https:\/\/historisches-kirchhellen.de\/wp-content\/uploads\/2022\/01\/Dorf_4.jpg\"><img loading=\"lazy\" decoding=\"async\" width=\"1024\" height=\"683\" data-id=\"21396\" src=\"https:\/\/historisches-kirchhellen.de\/wp-content\/uploads\/2022\/01\/Dorf_4-1024x683.jpg\" alt=\"\" class=\"wp-image-21396\" srcset=\"https:\/\/historisches-kirchhellen.de\/wp-content\/uploads\/2022\/01\/Dorf_4-1024x683.jpg 1024w, https:\/\/historisches-kirchhellen.de\/wp-content\/uploads\/2022\/01\/Dorf_4-300x200.jpg 300w, https:\/\/historisches-kirchhellen.de\/wp-content\/uploads\/2022\/01\/Dorf_4-768x512.jpg 768w, https:\/\/historisches-kirchhellen.de\/wp-content\/uploads\/2022\/01\/Dorf_4-1536x1024.jpg 1536w, https:\/\/historisches-kirchhellen.de\/wp-content\/uploads\/2022\/01\/Dorf_4.jpg 1731w\" sizes=\"auto, (max-width: 1024px) 100vw, 1024px\" \/><\/a><figcaption class=\"wp-element-caption\">um 1950<\/figcaption><\/figure>\n\n\n\n<figure class=\"wp-block-image size-large\"><a href=\"https:\/\/historisches-kirchhellen.de\/wp-content\/uploads\/2022\/12\/23-scaled.jpg\"><img loading=\"lazy\" decoding=\"async\" width=\"1024\" height=\"768\" data-id=\"22268\" src=\"https:\/\/historisches-kirchhellen.de\/wp-content\/uploads\/2022\/12\/23-1024x768.jpg\" alt=\"\" class=\"wp-image-22268\" srcset=\"https:\/\/historisches-kirchhellen.de\/wp-content\/uploads\/2022\/12\/23-1024x768.jpg 1024w, https:\/\/historisches-kirchhellen.de\/wp-content\/uploads\/2022\/12\/23-300x225.jpg 300w, https:\/\/historisches-kirchhellen.de\/wp-content\/uploads\/2022\/12\/23-768x576.jpg 768w, https:\/\/historisches-kirchhellen.de\/wp-content\/uploads\/2022\/12\/23-1536x1152.jpg 1536w, https:\/\/historisches-kirchhellen.de\/wp-content\/uploads\/2022\/12\/23-2048x1536.jpg 2048w\" sizes=\"auto, (max-width: 1024px) 100vw, 1024px\" \/><\/a><figcaption class=\"wp-element-caption\">Modell<\/figcaption><\/figure>\n<\/figure>\n","protected":false},"excerpt":{"rendered":"<p>Wohnhaus der Landwirtin Dahlmann (Dorf 4 &#8211; Senheimer Stra\u00dfe) Das Hauptgeb\u00e4ude war zur Bogenstra\u00dfe (heute Senheimer Stra\u00dfe) ausgerichtet und der Schweinestall lag zur Hauptstra\u00dfe hin. &hellip; <\/p>\n","protected":false},"author":1,"featured_media":0,"parent":22071,"menu_order":24,"comment_status":"closed","ping_status":"closed","template":"","meta":{"_acf_changed":false,"footnotes":""},"class_list":["post-22141","page","type-page","status-publish","hentry"],"acf":[],"jetpack_sharing_enabled":true,"_links":{"self":[{"href":"https:\/\/historisches-kirchhellen.de\/index.php?rest_route=\/wp\/v2\/pages\/22141","targetHints":{"allow":["GET"]}}],"collection":[{"href":"https:\/\/historisches-kirchhellen.de\/index.php?rest_route=\/wp\/v2\/pages"}],"about":[{"href":"https:\/\/historisches-kirchhellen.de\/index.php?rest_route=\/wp\/v2\/types\/page"}],"author":[{"embeddable":true,"href":"https:\/\/historisches-kirchhellen.de\/index.php?rest_route=\/wp\/v2\/users\/1"}],"replies":[{"embeddable":true,"href":"https:\/\/historisches-kirchhellen.de\/index.php?rest_route=%2Fwp%2Fv2%2Fcomments&post=22141"}],"version-history":[{"count":0,"href":"https:\/\/historisches-kirchhellen.de\/index.php?rest_route=\/wp\/v2\/pages\/22141\/revisions"}],"up":[{"embeddable":true,"href":"https:\/\/historisches-kirchhellen.de\/index.php?rest_route=\/wp\/v2\/pages\/22071"}],"wp:attachment":[{"href":"https:\/\/historisches-kirchhellen.de\/index.php?rest_route=%2Fwp%2Fv2%2Fmedia&parent=22141"}],"curies":[{"name":"wp","href":"https:\/\/api.w.org\/{rel}","templated":true}]}}