{"id":22147,"date":"2022-12-04T13:24:10","date_gmt":"2022-12-04T11:24:10","guid":{"rendered":"https:\/\/historisches-kirchhellen.de\/?page_id=22147"},"modified":"2022-12-07T19:12:33","modified_gmt":"2022-12-07T17:12:33","slug":"gebaeude-nr-26","status":"publish","type":"page","link":"https:\/\/historisches-kirchhellen.de\/?page_id=22147","title":{"rendered":"Geb\u00e4ude Nr. 26"},"content":{"rendered":"\n<p><strong>Wohnhaus und Sattlerei von Bernhard M\u00f6ller (Dorf 2 &#8211; Senheimer Stra\u00dfe 7)<\/strong><\/p>\n\n\n\n<p>Das Haus wurde nach Unterlagen der Gemeindeversammlung um 1852 erbaut. Das Fachwerkhaus wurde im Jahre 1960 abgerissen und durch einen Neubau ersetzt.<\/p>\n\n\n\n<p>Das Adressbuch von 1914 verzeichnet dort:<br>M\u00f6ller, Bernhard Johann, Sattlermeister (Eigent\u00fcmer)<br>M\u00f6ller, Bernhard, Sattler<br>M\u00f6ller, Elisabeth, Magd<br>M\u00f6ller, Wilhelm, Sattler<br>Kortmann, Joseph, Sattler<\/p>\n\n\n\n<figure class=\"wp-block-gallery has-nested-images columns-default is-cropped wp-block-gallery-1 is-layout-flex wp-block-gallery-is-layout-flex\">\n<figure class=\"wp-block-image size-large\"><a href=\"https:\/\/historisches-kirchhellen.de\/wp-content\/uploads\/2022\/01\/Dorf_2.jpg\"><img loading=\"lazy\" decoding=\"async\" width=\"1024\" height=\"683\" data-id=\"21394\" src=\"https:\/\/historisches-kirchhellen.de\/wp-content\/uploads\/2022\/01\/Dorf_2-1024x683.jpg\" alt=\"\" class=\"wp-image-21394\" srcset=\"https:\/\/historisches-kirchhellen.de\/wp-content\/uploads\/2022\/01\/Dorf_2-1024x683.jpg 1024w, https:\/\/historisches-kirchhellen.de\/wp-content\/uploads\/2022\/01\/Dorf_2-300x200.jpg 300w, https:\/\/historisches-kirchhellen.de\/wp-content\/uploads\/2022\/01\/Dorf_2-768x512.jpg 768w, https:\/\/historisches-kirchhellen.de\/wp-content\/uploads\/2022\/01\/Dorf_2-1536x1024.jpg 1536w, https:\/\/historisches-kirchhellen.de\/wp-content\/uploads\/2022\/01\/Dorf_2-2048x1366.jpg 2048w\" sizes=\"auto, (max-width: 1024px) 100vw, 1024px\" \/><\/a><figcaption class=\"wp-element-caption\">um 1950<\/figcaption><\/figure>\n\n\n\n<figure class=\"wp-block-image size-large\"><a href=\"https:\/\/historisches-kirchhellen.de\/wp-content\/uploads\/2022\/12\/26-scaled.jpg\"><img loading=\"lazy\" decoding=\"async\" width=\"1024\" height=\"768\" data-id=\"22280\" src=\"https:\/\/historisches-kirchhellen.de\/wp-content\/uploads\/2022\/12\/26-1024x768.jpg\" alt=\"\" class=\"wp-image-22280\" srcset=\"https:\/\/historisches-kirchhellen.de\/wp-content\/uploads\/2022\/12\/26-1024x768.jpg 1024w, https:\/\/historisches-kirchhellen.de\/wp-content\/uploads\/2022\/12\/26-300x225.jpg 300w, https:\/\/historisches-kirchhellen.de\/wp-content\/uploads\/2022\/12\/26-768x576.jpg 768w, https:\/\/historisches-kirchhellen.de\/wp-content\/uploads\/2022\/12\/26-1536x1152.jpg 1536w, https:\/\/historisches-kirchhellen.de\/wp-content\/uploads\/2022\/12\/26-2048x1536.jpg 2048w\" sizes=\"auto, (max-width: 1024px) 100vw, 1024px\" \/><\/a><figcaption class=\"wp-element-caption\">Modell<\/figcaption><\/figure>\n<\/figure>\n","protected":false},"excerpt":{"rendered":"<p>Wohnhaus und Sattlerei von Bernhard M\u00f6ller (Dorf 2 &#8211; Senheimer Stra\u00dfe 7) Das Haus wurde nach Unterlagen der Gemeindeversammlung um 1852 erbaut. Das Fachwerkhaus wurde &hellip; <\/p>\n","protected":false},"author":1,"featured_media":0,"parent":22071,"menu_order":27,"comment_status":"closed","ping_status":"closed","template":"","meta":{"_acf_changed":false,"footnotes":""},"class_list":["post-22147","page","type-page","status-publish","hentry"],"acf":[],"jetpack_sharing_enabled":true,"_links":{"self":[{"href":"https:\/\/historisches-kirchhellen.de\/index.php?rest_route=\/wp\/v2\/pages\/22147","targetHints":{"allow":["GET"]}}],"collection":[{"href":"https:\/\/historisches-kirchhellen.de\/index.php?rest_route=\/wp\/v2\/pages"}],"about":[{"href":"https:\/\/historisches-kirchhellen.de\/index.php?rest_route=\/wp\/v2\/types\/page"}],"author":[{"embeddable":true,"href":"https:\/\/historisches-kirchhellen.de\/index.php?rest_route=\/wp\/v2\/users\/1"}],"replies":[{"embeddable":true,"href":"https:\/\/historisches-kirchhellen.de\/index.php?rest_route=%2Fwp%2Fv2%2Fcomments&post=22147"}],"version-history":[{"count":0,"href":"https:\/\/historisches-kirchhellen.de\/index.php?rest_route=\/wp\/v2\/pages\/22147\/revisions"}],"up":[{"embeddable":true,"href":"https:\/\/historisches-kirchhellen.de\/index.php?rest_route=\/wp\/v2\/pages\/22071"}],"wp:attachment":[{"href":"https:\/\/historisches-kirchhellen.de\/index.php?rest_route=%2Fwp%2Fv2%2Fmedia&parent=22147"}],"curies":[{"name":"wp","href":"https:\/\/api.w.org\/{rel}","templated":true}]}}