{"id":22153,"date":"2022-12-04T13:24:10","date_gmt":"2022-12-04T11:24:10","guid":{"rendered":"https:\/\/historisches-kirchhellen.de\/?page_id=22153"},"modified":"2022-12-07T19:13:17","modified_gmt":"2022-12-07T17:13:17","slug":"gebaeude-nr-29","status":"publish","type":"page","link":"https:\/\/historisches-kirchhellen.de\/?page_id=22153","title":{"rendered":"Geb\u00e4ude Nr. 29"},"content":{"rendered":"\n<p><strong>Wohnhaus und Schreinerei von Johann J\u00fcnger (Dorf 1\/0 &#8211; Gartenstra\u00dfe 3)<\/strong><\/p>\n\n\n\n<p>Im Adressbuch von 1914 sind verzeichnet:<br>J\u00fcnger, Johann, Schreiner (Eigent\u00fcmer)<br>J\u00fcnger, Johann, Schreiner<br>H\u00fcwe, Johanna, Dienstmagd<br>Willmes, Heinrich, Verwaltungs-Gehilfe<\/p>\n\n\n\n<figure class=\"wp-block-gallery has-nested-images columns-default is-cropped wp-block-gallery-1 is-layout-flex wp-block-gallery-is-layout-flex\">\n<figure class=\"wp-block-image size-large\"><a href=\"https:\/\/historisches-kirchhellen.de\/wp-content\/uploads\/2022\/01\/Dorf_1-0.jpg\"><img loading=\"lazy\" decoding=\"async\" width=\"486\" height=\"337\" data-id=\"21391\" src=\"https:\/\/historisches-kirchhellen.de\/wp-content\/uploads\/2022\/01\/Dorf_1-0.jpg\" alt=\"\" class=\"wp-image-21391\" srcset=\"https:\/\/historisches-kirchhellen.de\/wp-content\/uploads\/2022\/01\/Dorf_1-0.jpg 486w, https:\/\/historisches-kirchhellen.de\/wp-content\/uploads\/2022\/01\/Dorf_1-0-300x208.jpg 300w\" sizes=\"auto, (max-width: 486px) 100vw, 486px\" \/><\/a><figcaption class=\"wp-element-caption\">um 1910<\/figcaption><\/figure>\n\n\n\n<figure class=\"wp-block-image size-large\"><a href=\"https:\/\/historisches-kirchhellen.de\/wp-content\/uploads\/2022\/12\/29.jpg\"><img loading=\"lazy\" decoding=\"async\" width=\"1024\" height=\"768\" data-id=\"22290\" src=\"https:\/\/historisches-kirchhellen.de\/wp-content\/uploads\/2022\/12\/29-1024x768.jpg\" alt=\"\" class=\"wp-image-22290\" srcset=\"https:\/\/historisches-kirchhellen.de\/wp-content\/uploads\/2022\/12\/29-1024x768.jpg 1024w, https:\/\/historisches-kirchhellen.de\/wp-content\/uploads\/2022\/12\/29-300x225.jpg 300w, https:\/\/historisches-kirchhellen.de\/wp-content\/uploads\/2022\/12\/29-768x576.jpg 768w, https:\/\/historisches-kirchhellen.de\/wp-content\/uploads\/2022\/12\/29-1536x1152.jpg 1536w, https:\/\/historisches-kirchhellen.de\/wp-content\/uploads\/2022\/12\/29-2048x1536.jpg 2048w\" sizes=\"auto, (max-width: 1024px) 100vw, 1024px\" \/><\/a><figcaption class=\"wp-element-caption\">Modell<\/figcaption><\/figure>\n<\/figure>\n","protected":false},"excerpt":{"rendered":"<p>Wohnhaus und Schreinerei von Johann J\u00fcnger (Dorf 1\/0 &#8211; Gartenstra\u00dfe 3) Im Adressbuch von 1914 sind verzeichnet:J\u00fcnger, Johann, Schreiner (Eigent\u00fcmer)J\u00fcnger, Johann, SchreinerH\u00fcwe, Johanna, DienstmagdWillmes, Heinrich, &hellip; <\/p>\n","protected":false},"author":1,"featured_media":0,"parent":22071,"menu_order":30,"comment_status":"closed","ping_status":"closed","template":"","meta":{"_acf_changed":false,"footnotes":""},"class_list":["post-22153","page","type-page","status-publish","hentry"],"acf":[],"jetpack_sharing_enabled":true,"_links":{"self":[{"href":"https:\/\/historisches-kirchhellen.de\/index.php?rest_route=\/wp\/v2\/pages\/22153","targetHints":{"allow":["GET"]}}],"collection":[{"href":"https:\/\/historisches-kirchhellen.de\/index.php?rest_route=\/wp\/v2\/pages"}],"about":[{"href":"https:\/\/historisches-kirchhellen.de\/index.php?rest_route=\/wp\/v2\/types\/page"}],"author":[{"embeddable":true,"href":"https:\/\/historisches-kirchhellen.de\/index.php?rest_route=\/wp\/v2\/users\/1"}],"replies":[{"embeddable":true,"href":"https:\/\/historisches-kirchhellen.de\/index.php?rest_route=%2Fwp%2Fv2%2Fcomments&post=22153"}],"version-history":[{"count":0,"href":"https:\/\/historisches-kirchhellen.de\/index.php?rest_route=\/wp\/v2\/pages\/22153\/revisions"}],"up":[{"embeddable":true,"href":"https:\/\/historisches-kirchhellen.de\/index.php?rest_route=\/wp\/v2\/pages\/22071"}],"wp:attachment":[{"href":"https:\/\/historisches-kirchhellen.de\/index.php?rest_route=%2Fwp%2Fv2%2Fmedia&parent=22153"}],"curies":[{"name":"wp","href":"https:\/\/api.w.org\/{rel}","templated":true}]}}