{"id":22155,"date":"2022-12-04T13:24:10","date_gmt":"2022-12-04T11:24:10","guid":{"rendered":"https:\/\/historisches-kirchhellen.de\/?page_id=22155"},"modified":"2022-12-07T19:13:31","modified_gmt":"2022-12-07T17:13:31","slug":"gebaeude-nr-30","status":"publish","type":"page","link":"https:\/\/historisches-kirchhellen.de\/?page_id=22155","title":{"rendered":"Geb\u00e4ude Nr. 30"},"content":{"rendered":"\n<p><strong>Wohnhaus und Gastwirtschaft von Joseph Schmidt (Dorf 55\/2 &#8211; Hauptstra\u00dfe 43)<\/strong><\/p>\n\n\n\n<p>Erbaut wurde das Haus im Jahr 1911. Die Gastwirtschaft bekam sp\u00e4ter den Namen \u201eDorfsch\u00e4nke\u201c. In den 1970er Jahren wurde das Geb\u00e4ude abgebrochen. Heute steht dort ein Gesch\u00e4ftsgeb\u00e4ude mit Eiscaf\u00e9.<\/p>\n\n\n\n<p>Im Adressbuch von 1914 sind verzeichnet:<br>Schmidt, Joseph, Wirt (Eigent\u00fcmer)<br>Schmidt, Heinrich, Bautechniker<br>Schmidt, Joseph, B\u00e4ckergeselle<br>Gutmann, Sophia, Lehrerin<br>Sch\u00fctte, Anna, Lehrerin<br>Spangemacher, Jakobine, Lehrerin<br>L\u00f6ker, Gertrud, Magd<\/p>\n\n\n\n<figure class=\"wp-block-gallery has-nested-images columns-default is-cropped wp-block-gallery-1 is-layout-flex wp-block-gallery-is-layout-flex\">\n<figure class=\"wp-block-image size-large\"><a href=\"https:\/\/historisches-kirchhellen.de\/wp-content\/uploads\/2022\/01\/Dorf_55-2.jpg\"><img loading=\"lazy\" decoding=\"async\" width=\"1024\" height=\"683\" data-id=\"21440\" src=\"https:\/\/historisches-kirchhellen.de\/wp-content\/uploads\/2022\/01\/Dorf_55-2-1024x683.jpg\" alt=\"\" class=\"wp-image-21440\" srcset=\"https:\/\/historisches-kirchhellen.de\/wp-content\/uploads\/2022\/01\/Dorf_55-2-1024x683.jpg 1024w, https:\/\/historisches-kirchhellen.de\/wp-content\/uploads\/2022\/01\/Dorf_55-2-300x200.jpg 300w, https:\/\/historisches-kirchhellen.de\/wp-content\/uploads\/2022\/01\/Dorf_55-2-768x512.jpg 768w, https:\/\/historisches-kirchhellen.de\/wp-content\/uploads\/2022\/01\/Dorf_55-2-1536x1025.jpg 1536w, https:\/\/historisches-kirchhellen.de\/wp-content\/uploads\/2022\/01\/Dorf_55-2.jpg 1946w\" sizes=\"auto, (max-width: 1024px) 100vw, 1024px\" \/><\/a><figcaption class=\"wp-element-caption\">um 1915<\/figcaption><\/figure>\n\n\n\n<figure class=\"wp-block-image size-large\"><a href=\"https:\/\/historisches-kirchhellen.de\/wp-content\/uploads\/2022\/12\/30-scaled.jpg\"><img loading=\"lazy\" decoding=\"async\" width=\"1024\" height=\"768\" data-id=\"22293\" src=\"https:\/\/historisches-kirchhellen.de\/wp-content\/uploads\/2022\/12\/30-1024x768.jpg\" alt=\"\" class=\"wp-image-22293\" srcset=\"https:\/\/historisches-kirchhellen.de\/wp-content\/uploads\/2022\/12\/30-1024x768.jpg 1024w, https:\/\/historisches-kirchhellen.de\/wp-content\/uploads\/2022\/12\/30-300x225.jpg 300w, https:\/\/historisches-kirchhellen.de\/wp-content\/uploads\/2022\/12\/30-768x576.jpg 768w, https:\/\/historisches-kirchhellen.de\/wp-content\/uploads\/2022\/12\/30-1536x1152.jpg 1536w, https:\/\/historisches-kirchhellen.de\/wp-content\/uploads\/2022\/12\/30-2048x1536.jpg 2048w\" sizes=\"auto, (max-width: 1024px) 100vw, 1024px\" \/><\/a><figcaption class=\"wp-element-caption\">Modell<\/figcaption><\/figure>\n<\/figure>\n","protected":false},"excerpt":{"rendered":"<p>Wohnhaus und Gastwirtschaft von Joseph Schmidt (Dorf 55\/2 &#8211; Hauptstra\u00dfe 43) Erbaut wurde das Haus im Jahr 1911. Die Gastwirtschaft bekam sp\u00e4ter den Namen \u201eDorfsch\u00e4nke\u201c. &hellip; <\/p>\n","protected":false},"author":1,"featured_media":0,"parent":22071,"menu_order":31,"comment_status":"closed","ping_status":"closed","template":"","meta":{"_acf_changed":false,"footnotes":""},"class_list":["post-22155","page","type-page","status-publish","hentry"],"acf":[],"jetpack_sharing_enabled":true,"_links":{"self":[{"href":"https:\/\/historisches-kirchhellen.de\/index.php?rest_route=\/wp\/v2\/pages\/22155","targetHints":{"allow":["GET"]}}],"collection":[{"href":"https:\/\/historisches-kirchhellen.de\/index.php?rest_route=\/wp\/v2\/pages"}],"about":[{"href":"https:\/\/historisches-kirchhellen.de\/index.php?rest_route=\/wp\/v2\/types\/page"}],"author":[{"embeddable":true,"href":"https:\/\/historisches-kirchhellen.de\/index.php?rest_route=\/wp\/v2\/users\/1"}],"replies":[{"embeddable":true,"href":"https:\/\/historisches-kirchhellen.de\/index.php?rest_route=%2Fwp%2Fv2%2Fcomments&post=22155"}],"version-history":[{"count":0,"href":"https:\/\/historisches-kirchhellen.de\/index.php?rest_route=\/wp\/v2\/pages\/22155\/revisions"}],"up":[{"embeddable":true,"href":"https:\/\/historisches-kirchhellen.de\/index.php?rest_route=\/wp\/v2\/pages\/22071"}],"wp:attachment":[{"href":"https:\/\/historisches-kirchhellen.de\/index.php?rest_route=%2Fwp%2Fv2%2Fmedia&parent=22155"}],"curies":[{"name":"wp","href":"https:\/\/api.w.org\/{rel}","templated":true}]}}