{"id":22167,"date":"2022-12-04T13:24:11","date_gmt":"2022-12-04T11:24:11","guid":{"rendered":"https:\/\/historisches-kirchhellen.de\/?page_id=22167"},"modified":"2022-12-07T19:15:40","modified_gmt":"2022-12-07T17:15:40","slug":"gebaeude-nr-36","status":"publish","type":"page","link":"https:\/\/historisches-kirchhellen.de\/?page_id=22167","title":{"rendered":"Geb\u00e4ude Nr. 36"},"content":{"rendered":"\n<p><strong>Wohnhaus im Besitz der Witwe Jakob Fuchs (Dorf 52 &#8211; Senheimer Stra\u00dfe 14)<\/strong><\/p>\n\n\n\n<p>Im Adressbuch von 1914 sind genannt:<br>Fuchs, Witwe Jakob (Eigent\u00fcmerin, nicht im Haus wohnend)<br>Stappert, Wilhelm, Ackerer<br>Hemming, Klara, Tagel\u00f6hnerin<br>Rottmann, Johann, Tagel\u00f6hner<\/p>\n\n\n\n<figure class=\"wp-block-gallery has-nested-images columns-default is-cropped wp-block-gallery-1 is-layout-flex wp-block-gallery-is-layout-flex\">\n<figure class=\"wp-block-image size-full\"><a href=\"https:\/\/historisches-kirchhellen.de\/wp-content\/uploads\/2022\/12\/IMG_9570a.jpg\"><img loading=\"lazy\" decoding=\"async\" width=\"273\" height=\"276\" data-id=\"22313\" src=\"https:\/\/historisches-kirchhellen.de\/wp-content\/uploads\/2022\/12\/IMG_9570a.jpg\" alt=\"\" class=\"wp-image-22313\"\/><\/a><figcaption class=\"wp-element-caption\">um 1910<\/figcaption><\/figure>\n\n\n\n<figure class=\"wp-block-image size-large\"><a href=\"https:\/\/historisches-kirchhellen.de\/wp-content\/uploads\/2022\/12\/36.jpg\"><img loading=\"lazy\" decoding=\"async\" width=\"1024\" height=\"768\" data-id=\"22314\" src=\"https:\/\/historisches-kirchhellen.de\/wp-content\/uploads\/2022\/12\/36-1024x768.jpg\" alt=\"\" class=\"wp-image-22314\" srcset=\"https:\/\/historisches-kirchhellen.de\/wp-content\/uploads\/2022\/12\/36-1024x768.jpg 1024w, https:\/\/historisches-kirchhellen.de\/wp-content\/uploads\/2022\/12\/36-300x225.jpg 300w, https:\/\/historisches-kirchhellen.de\/wp-content\/uploads\/2022\/12\/36-768x576.jpg 768w, https:\/\/historisches-kirchhellen.de\/wp-content\/uploads\/2022\/12\/36.jpg 1252w\" sizes=\"auto, (max-width: 1024px) 100vw, 1024px\" \/><\/a><figcaption class=\"wp-element-caption\">Modell<\/figcaption><\/figure>\n<\/figure>\n","protected":false},"excerpt":{"rendered":"<p>Wohnhaus im Besitz der Witwe Jakob Fuchs (Dorf 52 &#8211; Senheimer Stra\u00dfe 14) Im Adressbuch von 1914 sind genannt:Fuchs, Witwe Jakob (Eigent\u00fcmerin, nicht im Haus &hellip; <\/p>\n","protected":false},"author":1,"featured_media":0,"parent":22071,"menu_order":37,"comment_status":"closed","ping_status":"closed","template":"","meta":{"_acf_changed":false,"footnotes":""},"class_list":["post-22167","page","type-page","status-publish","hentry"],"acf":[],"jetpack_sharing_enabled":true,"_links":{"self":[{"href":"https:\/\/historisches-kirchhellen.de\/index.php?rest_route=\/wp\/v2\/pages\/22167","targetHints":{"allow":["GET"]}}],"collection":[{"href":"https:\/\/historisches-kirchhellen.de\/index.php?rest_route=\/wp\/v2\/pages"}],"about":[{"href":"https:\/\/historisches-kirchhellen.de\/index.php?rest_route=\/wp\/v2\/types\/page"}],"author":[{"embeddable":true,"href":"https:\/\/historisches-kirchhellen.de\/index.php?rest_route=\/wp\/v2\/users\/1"}],"replies":[{"embeddable":true,"href":"https:\/\/historisches-kirchhellen.de\/index.php?rest_route=%2Fwp%2Fv2%2Fcomments&post=22167"}],"version-history":[{"count":0,"href":"https:\/\/historisches-kirchhellen.de\/index.php?rest_route=\/wp\/v2\/pages\/22167\/revisions"}],"up":[{"embeddable":true,"href":"https:\/\/historisches-kirchhellen.de\/index.php?rest_route=\/wp\/v2\/pages\/22071"}],"wp:attachment":[{"href":"https:\/\/historisches-kirchhellen.de\/index.php?rest_route=%2Fwp%2Fv2%2Fmedia&parent=22167"}],"curies":[{"name":"wp","href":"https:\/\/api.w.org\/{rel}","templated":true}]}}