{"id":22173,"date":"2022-12-07T19:17:53","date_gmt":"2022-12-07T17:17:53","guid":{"rendered":"https:\/\/historisches-kirchhellen.de\/?page_id=22173"},"modified":"2022-12-07T19:17:54","modified_gmt":"2022-12-07T17:17:54","slug":"gebaeude-nr-39","status":"publish","type":"page","link":"https:\/\/historisches-kirchhellen.de\/?page_id=22173","title":{"rendered":"Geb\u00e4ude Nr. 39"},"content":{"rendered":"\n<p><strong>Wohnhaus im Besitz der Witwe Otterbeck, vermietet (Dorf 46\/1 &#8211; Senheimer Stra\u00dfe)<\/strong><\/p>\n\n\n\n<p>Das kleine Haus s\u00fcd\u00f6stlich der Besitzung Senheimer Stra\u00dfe 10 geh\u00f6rte zur K\u00fcsterei Otterbeck. Es wurde unter anderem auch von der Familie Barbet bewohnt. Danach folgte die Familie M\u00f6nning. Zuletzt war das Haus von Johann Stappert und seiner Frau bewohnt. <\/p>\n\n\n\n<p>Auf Bildern ist das Haus nur schlecht zu erkennen, weshalb Teile des Geb\u00e4udes rekonstruiert wurden.<\/p>\n\n\n\n<figure class=\"wp-block-gallery has-nested-images columns-default is-cropped wp-block-gallery-1 is-layout-flex wp-block-gallery-is-layout-flex\">\n<figure class=\"wp-block-image size-large\"><a href=\"https:\/\/historisches-kirchhellen.de\/?attachment_id=22322\"><img loading=\"lazy\" decoding=\"async\" width=\"1024\" height=\"768\" data-id=\"22322\" src=\"https:\/\/historisches-kirchhellen.de\/wp-content\/uploads\/2022\/12\/39-1024x768.jpg\" alt=\"\" class=\"wp-image-22322\" srcset=\"https:\/\/historisches-kirchhellen.de\/wp-content\/uploads\/2022\/12\/39-1024x768.jpg 1024w, https:\/\/historisches-kirchhellen.de\/wp-content\/uploads\/2022\/12\/39-300x225.jpg 300w, https:\/\/historisches-kirchhellen.de\/wp-content\/uploads\/2022\/12\/39-768x576.jpg 768w, https:\/\/historisches-kirchhellen.de\/wp-content\/uploads\/2022\/12\/39.jpg 1413w\" sizes=\"auto, (max-width: 1024px) 100vw, 1024px\" \/><\/a><figcaption class=\"wp-element-caption\">Modell<\/figcaption><\/figure>\n<\/figure>\n","protected":false},"excerpt":{"rendered":"<p>Wohnhaus im Besitz der Witwe Otterbeck, vermietet (Dorf 46\/1 &#8211; Senheimer Stra\u00dfe) Das kleine Haus s\u00fcd\u00f6stlich der Besitzung Senheimer Stra\u00dfe 10 geh\u00f6rte zur K\u00fcsterei Otterbeck. &hellip; <\/p>\n","protected":false},"author":1,"featured_media":0,"parent":22071,"menu_order":40,"comment_status":"closed","ping_status":"closed","template":"","meta":{"_acf_changed":false,"footnotes":""},"class_list":["post-22173","page","type-page","status-publish","hentry"],"acf":[],"jetpack_sharing_enabled":true,"_links":{"self":[{"href":"https:\/\/historisches-kirchhellen.de\/index.php?rest_route=\/wp\/v2\/pages\/22173","targetHints":{"allow":["GET"]}}],"collection":[{"href":"https:\/\/historisches-kirchhellen.de\/index.php?rest_route=\/wp\/v2\/pages"}],"about":[{"href":"https:\/\/historisches-kirchhellen.de\/index.php?rest_route=\/wp\/v2\/types\/page"}],"author":[{"embeddable":true,"href":"https:\/\/historisches-kirchhellen.de\/index.php?rest_route=\/wp\/v2\/users\/1"}],"replies":[{"embeddable":true,"href":"https:\/\/historisches-kirchhellen.de\/index.php?rest_route=%2Fwp%2Fv2%2Fcomments&post=22173"}],"version-history":[{"count":0,"href":"https:\/\/historisches-kirchhellen.de\/index.php?rest_route=\/wp\/v2\/pages\/22173\/revisions"}],"up":[{"embeddable":true,"href":"https:\/\/historisches-kirchhellen.de\/index.php?rest_route=\/wp\/v2\/pages\/22071"}],"wp:attachment":[{"href":"https:\/\/historisches-kirchhellen.de\/index.php?rest_route=%2Fwp%2Fv2%2Fmedia&parent=22173"}],"curies":[{"name":"wp","href":"https:\/\/api.w.org\/{rel}","templated":true}]}}