{"id":22175,"date":"2022-12-07T19:18:07","date_gmt":"2022-12-07T17:18:07","guid":{"rendered":"https:\/\/historisches-kirchhellen.de\/?page_id=22175"},"modified":"2022-12-07T19:18:08","modified_gmt":"2022-12-07T17:18:08","slug":"gebaeude-nr-40","status":"publish","type":"page","link":"https:\/\/historisches-kirchhellen.de\/?page_id=22175","title":{"rendered":"Geb\u00e4ude Nr. 40"},"content":{"rendered":"\n<p><strong>Wohnhaus der K\u00fcsterwitwe Otterbeck&nbsp;(Dorf&nbsp;47 &#8211; Senheimer Stra\u00dfe)<\/strong><\/p>\n\n\n\n<p>Ein St\u00fcck entfernt von der Senheimer Stra\u00dfe lag das Wohnhaus Otterbeck. Die Familie Otterbeck ist daher bekannt, weil sie \u00fcber Generationen (ab ca. 1600) die K\u00fcster der Kirchhellener Kirche stellten. Auch ein Pastor und die erste Kirchhellener Brezelk\u00f6nigin stammten aus der Familie. Weiterhin erscheint auch der Mattis Otterbeck auf der 1642 gegossenen Johannesglocke. Vermutlich war Mattis Otterbeck zu dieser Zeit der K\u00fcster. Die Ehe des letzten Otterbeck, Johann, und seiner Frau Bernardine war kinderlos. Das Ehepaar nahm als Pflegekinder die Halbwaisen Theodor Haake und dessen Schwester Agnes Ambrosina zu sich. Nach dem Tod des Pflegevaters setzte Theodor Haake dann die K\u00fcstertradition der Familie Otterbeck fort.<\/p>\n\n\n\n<p>Die Balkeninschrift des 1937 abgebrochenen Fachwerkhauses lautete:<\/p>\n\n\n\n<p class=\"has-text-align-center\"><em>Arbeitsam und fleissig sein und nicht f\u00fcr M\u00fch erbeben und sich seines Lohnes alsdan erfreuen dies erh\u00f6ht das Leben. Dieses Haus ist unter die Eheleute Werner Otterbeck und Anne Maria Terbeck verfertigt und aufgerichtet durch Meister Werner R.W.K dem 25ten Julii Anno 1809.<\/em><\/p>\n\n\n\n<p>Im Adressbuch von 1914 sind aufgef\u00fchrt:<br>Otterbeck, Witwe Johann (Eigent\u00fcmerin)<br>Eckrath, Maria, Magd<br>Sch\u00e4permeier, Heinrich, Postbote<br>Haake, Theodor, Ackerer<\/p>\n\n\n\n<figure class=\"wp-block-gallery has-nested-images columns-default is-cropped wp-block-gallery-1 is-layout-flex wp-block-gallery-is-layout-flex\">\n<figure class=\"wp-block-image size-large\"><a href=\"https:\/\/historisches-kirchhellen.de\/wp-content\/uploads\/2022\/01\/Dorf_47.jpg\"><img loading=\"lazy\" decoding=\"async\" width=\"1024\" height=\"683\" data-id=\"21436\" src=\"https:\/\/historisches-kirchhellen.de\/wp-content\/uploads\/2022\/01\/Dorf_47-1024x683.jpg\" alt=\"\" class=\"wp-image-21436\" srcset=\"https:\/\/historisches-kirchhellen.de\/wp-content\/uploads\/2022\/01\/Dorf_47-1024x683.jpg 1024w, https:\/\/historisches-kirchhellen.de\/wp-content\/uploads\/2022\/01\/Dorf_47-300x200.jpg 300w, https:\/\/historisches-kirchhellen.de\/wp-content\/uploads\/2022\/01\/Dorf_47-768x512.jpg 768w, https:\/\/historisches-kirchhellen.de\/wp-content\/uploads\/2022\/01\/Dorf_47.jpg 1460w\" sizes=\"auto, (max-width: 1024px) 100vw, 1024px\" \/><\/a><figcaption class=\"wp-element-caption\">um 1930<\/figcaption><\/figure>\n\n\n\n<figure class=\"wp-block-image size-large\"><a href=\"https:\/\/historisches-kirchhellen.de\/wp-content\/uploads\/2022\/12\/40-scaled.jpg\"><img loading=\"lazy\" decoding=\"async\" width=\"1024\" height=\"768\" data-id=\"22327\" src=\"https:\/\/historisches-kirchhellen.de\/wp-content\/uploads\/2022\/12\/40-1024x768.jpg\" alt=\"\" class=\"wp-image-22327\" srcset=\"https:\/\/historisches-kirchhellen.de\/wp-content\/uploads\/2022\/12\/40-1024x768.jpg 1024w, https:\/\/historisches-kirchhellen.de\/wp-content\/uploads\/2022\/12\/40-300x225.jpg 300w, https:\/\/historisches-kirchhellen.de\/wp-content\/uploads\/2022\/12\/40-768x576.jpg 768w, https:\/\/historisches-kirchhellen.de\/wp-content\/uploads\/2022\/12\/40-1536x1152.jpg 1536w, https:\/\/historisches-kirchhellen.de\/wp-content\/uploads\/2022\/12\/40-2048x1536.jpg 2048w\" sizes=\"auto, (max-width: 1024px) 100vw, 1024px\" \/><\/a><figcaption class=\"wp-element-caption\">Modell<\/figcaption><\/figure>\n<\/figure>\n","protected":false},"excerpt":{"rendered":"<p>Wohnhaus der K\u00fcsterwitwe Otterbeck&nbsp;(Dorf&nbsp;47 &#8211; Senheimer Stra\u00dfe) Ein St\u00fcck entfernt von der Senheimer Stra\u00dfe lag das Wohnhaus Otterbeck. Die Familie Otterbeck ist daher bekannt, weil &hellip; <\/p>\n","protected":false},"author":1,"featured_media":0,"parent":22071,"menu_order":41,"comment_status":"closed","ping_status":"closed","template":"","meta":{"_acf_changed":false,"footnotes":""},"class_list":["post-22175","page","type-page","status-publish","hentry"],"acf":[],"jetpack_sharing_enabled":true,"_links":{"self":[{"href":"https:\/\/historisches-kirchhellen.de\/index.php?rest_route=\/wp\/v2\/pages\/22175","targetHints":{"allow":["GET"]}}],"collection":[{"href":"https:\/\/historisches-kirchhellen.de\/index.php?rest_route=\/wp\/v2\/pages"}],"about":[{"href":"https:\/\/historisches-kirchhellen.de\/index.php?rest_route=\/wp\/v2\/types\/page"}],"author":[{"embeddable":true,"href":"https:\/\/historisches-kirchhellen.de\/index.php?rest_route=\/wp\/v2\/users\/1"}],"replies":[{"embeddable":true,"href":"https:\/\/historisches-kirchhellen.de\/index.php?rest_route=%2Fwp%2Fv2%2Fcomments&post=22175"}],"version-history":[{"count":0,"href":"https:\/\/historisches-kirchhellen.de\/index.php?rest_route=\/wp\/v2\/pages\/22175\/revisions"}],"up":[{"embeddable":true,"href":"https:\/\/historisches-kirchhellen.de\/index.php?rest_route=\/wp\/v2\/pages\/22071"}],"wp:attachment":[{"href":"https:\/\/historisches-kirchhellen.de\/index.php?rest_route=%2Fwp%2Fv2%2Fmedia&parent=22175"}],"curies":[{"name":"wp","href":"https:\/\/api.w.org\/{rel}","templated":true}]}}