{"id":22183,"date":"2022-12-07T19:19:06","date_gmt":"2022-12-07T17:19:06","guid":{"rendered":"https:\/\/historisches-kirchhellen.de\/?page_id=22183"},"modified":"2022-12-07T19:19:08","modified_gmt":"2022-12-07T17:19:08","slug":"gebaeude-nr-44","status":"publish","type":"page","link":"https:\/\/historisches-kirchhellen.de\/?page_id=22183","title":{"rendered":"Geb\u00e4ude Nr. 44"},"content":{"rendered":"\n<p>Wohnhaus des K\u00f6tters Johann R\u00f6hling (Dorf 42 &#8211; Oberhofstra\u00dfe)<\/p>\n\n\n\n<p>Das Haus wurde bei dem Fall der Luftmine am 1. Mai 1943 zerst\u00f6rt. <\/p>\n\n\n\n<p>Im Adressbuch von 1914 sind verzeichnet:<br>R\u00f6hling, Johann, K\u00f6tter (Eigent\u00fcmer)<br>R\u00f6hling, Johann, Witwer, Maurer<br>R\u00f6hling, Heinrich, Klempner<br>Siebenborn, Anna, Magd<\/p>\n\n\n\n<figure class=\"wp-block-gallery has-nested-images columns-default is-cropped wp-block-gallery-1 is-layout-flex wp-block-gallery-is-layout-flex\">\n<figure class=\"wp-block-image size-large\"><a href=\"https:\/\/historisches-kirchhellen.de\/wp-content\/uploads\/2022\/12\/08504a.jpg\"><img loading=\"lazy\" decoding=\"async\" width=\"359\" height=\"329\" data-id=\"22338\" src=\"https:\/\/historisches-kirchhellen.de\/wp-content\/uploads\/2022\/12\/08504a.jpg\" alt=\"\" class=\"wp-image-22338\" srcset=\"https:\/\/historisches-kirchhellen.de\/wp-content\/uploads\/2022\/12\/08504a.jpg 359w, https:\/\/historisches-kirchhellen.de\/wp-content\/uploads\/2022\/12\/08504a-300x275.jpg 300w\" sizes=\"auto, (max-width: 359px) 100vw, 359px\" \/><\/a><figcaption class=\"wp-element-caption\">um 1910<\/figcaption><\/figure>\n\n\n\n<figure class=\"wp-block-image size-large\"><a href=\"https:\/\/historisches-kirchhellen.de\/wp-content\/uploads\/2022\/12\/44.jpg\"><img loading=\"lazy\" decoding=\"async\" width=\"1024\" height=\"768\" data-id=\"22339\" src=\"https:\/\/historisches-kirchhellen.de\/wp-content\/uploads\/2022\/12\/44-1024x768.jpg\" alt=\"\" class=\"wp-image-22339\" srcset=\"https:\/\/historisches-kirchhellen.de\/wp-content\/uploads\/2022\/12\/44-1024x768.jpg 1024w, https:\/\/historisches-kirchhellen.de\/wp-content\/uploads\/2022\/12\/44-300x225.jpg 300w, https:\/\/historisches-kirchhellen.de\/wp-content\/uploads\/2022\/12\/44-768x576.jpg 768w, https:\/\/historisches-kirchhellen.de\/wp-content\/uploads\/2022\/12\/44-1536x1152.jpg 1536w, https:\/\/historisches-kirchhellen.de\/wp-content\/uploads\/2022\/12\/44.jpg 2021w\" sizes=\"auto, (max-width: 1024px) 100vw, 1024px\" \/><\/a><figcaption class=\"wp-element-caption\">Modell<\/figcaption><\/figure>\n<\/figure>\n","protected":false},"excerpt":{"rendered":"<p>Wohnhaus des K\u00f6tters Johann R\u00f6hling (Dorf 42 &#8211; Oberhofstra\u00dfe) Das Haus wurde bei dem Fall der Luftmine am 1. Mai 1943 zerst\u00f6rt. Im Adressbuch von &hellip; <\/p>\n","protected":false},"author":1,"featured_media":0,"parent":22071,"menu_order":45,"comment_status":"closed","ping_status":"closed","template":"","meta":{"_acf_changed":false,"footnotes":""},"class_list":["post-22183","page","type-page","status-publish","hentry"],"acf":[],"jetpack_sharing_enabled":true,"_links":{"self":[{"href":"https:\/\/historisches-kirchhellen.de\/index.php?rest_route=\/wp\/v2\/pages\/22183","targetHints":{"allow":["GET"]}}],"collection":[{"href":"https:\/\/historisches-kirchhellen.de\/index.php?rest_route=\/wp\/v2\/pages"}],"about":[{"href":"https:\/\/historisches-kirchhellen.de\/index.php?rest_route=\/wp\/v2\/types\/page"}],"author":[{"embeddable":true,"href":"https:\/\/historisches-kirchhellen.de\/index.php?rest_route=\/wp\/v2\/users\/1"}],"replies":[{"embeddable":true,"href":"https:\/\/historisches-kirchhellen.de\/index.php?rest_route=%2Fwp%2Fv2%2Fcomments&post=22183"}],"version-history":[{"count":0,"href":"https:\/\/historisches-kirchhellen.de\/index.php?rest_route=\/wp\/v2\/pages\/22183\/revisions"}],"up":[{"embeddable":true,"href":"https:\/\/historisches-kirchhellen.de\/index.php?rest_route=\/wp\/v2\/pages\/22071"}],"wp:attachment":[{"href":"https:\/\/historisches-kirchhellen.de\/index.php?rest_route=%2Fwp%2Fv2%2Fmedia&parent=22183"}],"curies":[{"name":"wp","href":"https:\/\/api.w.org\/{rel}","templated":true}]}}