{"id":22372,"date":"2022-12-07T19:00:25","date_gmt":"2022-12-07T17:00:25","guid":{"rendered":"https:\/\/historisches-kirchhellen.de\/?page_id=22372"},"modified":"2022-12-07T19:34:48","modified_gmt":"2022-12-07T17:34:48","slug":"ueberblick-dorfmodell","status":"publish","type":"page","link":"https:\/\/historisches-kirchhellen.de\/?page_id=22372","title":{"rendered":"\u00dcberblick &#8211; Dorfmodell"},"content":{"rendered":"\n<figure class=\"wp-block-gallery has-nested-images columns-default is-cropped wp-block-gallery-1 is-layout-flex wp-block-gallery-is-layout-flex\">\n<figure class=\"wp-block-image size-full\"><a href=\"https:\/\/historisches-kirchhellen.de\/wp-content\/uploads\/2022\/12\/Karte3.jpg\"><img loading=\"lazy\" decoding=\"async\" width=\"1066\" height=\"768\" data-id=\"22376\" src=\"https:\/\/historisches-kirchhellen.de\/wp-content\/uploads\/2022\/12\/Karte3.jpg\" alt=\"\" class=\"wp-image-22376\" srcset=\"https:\/\/historisches-kirchhellen.de\/wp-content\/uploads\/2022\/12\/Karte3.jpg 1066w, https:\/\/historisches-kirchhellen.de\/wp-content\/uploads\/2022\/12\/Karte3-300x216.jpg 300w, https:\/\/historisches-kirchhellen.de\/wp-content\/uploads\/2022\/12\/Karte3-1024x738.jpg 1024w, https:\/\/historisches-kirchhellen.de\/wp-content\/uploads\/2022\/12\/Karte3-768x553.jpg 768w, https:\/\/historisches-kirchhellen.de\/wp-content\/uploads\/2022\/12\/Karte3-120x85.jpg 120w\" sizes=\"auto, (max-width: 1066px) 100vw, 1066px\" \/><\/a><\/figure>\n<\/figure>\n\n\n\n<p>Das Modell zeigt den alten Ortskern Kirchhellen um 1915 mit der alten Kirche im Mittelpunkt. Begrenzt wurde der alte Ortskern in etwa durch die heutige Oberhofstra\u00dfe (S\u00fcden), die heutige Hauptstra\u00dfe (Norden, Westen) und den heutigen Johann-Breuker-Platz (Osten). In hellrot sind Wohngeb\u00e4ude gekennzeichnet, Wirtschaftsgeb\u00e4ude dagegen sind in einem Braunton dargestellt.<\/p>\n\n\n\n<p>Von den dargestellten Geb\u00e4uden stehen lediglich noch:<\/p>\n\n\n\n<ul class=\"wp-block-list\">\n<li><a href=\"https:\/\/historisches-kirchhellen.de\/?page_id=22076\" data-type=\"page\" data-id=\"22076\">Nr. 1: Oberhofstra\u00dfe 1<\/a><\/li>\n\n\n\n<li><a href=\"https:\/\/historisches-kirchhellen.de\/?page_id=22088\" data-type=\"page\" data-id=\"22088\">Nr. 3: Hauptstra\u00dfe 20a<\/a><\/li>\n\n\n\n<li><a href=\"https:\/\/historisches-kirchhellen.de\/?page_id=22105\" data-type=\"page\" data-id=\"22105\">Nr. 5: Am Alten Kirchplatz 1<\/a><\/li>\n\n\n\n<li>N<a href=\"https:\/\/historisches-kirchhellen.de\/?page_id=22113\" data-type=\"page\" data-id=\"22113\">r. 9: Am Alten Kirchplatz 3<\/a><\/li>\n\n\n\n<li><a href=\"https:\/\/historisches-kirchhellen.de\/?page_id=22131\" data-type=\"page\" data-id=\"22131\">Nr. 18: Hauptstra\u00dfe 30<\/a><\/li>\n\n\n\n<li><a href=\"https:\/\/historisches-kirchhellen.de\/?page_id=22135\" data-type=\"page\" data-id=\"22135\">Nr. 20: Am Alten Kirchplatz 13<\/a><\/li>\n\n\n\n<li><a href=\"https:\/\/historisches-kirchhellen.de\/?page_id=22169\" data-type=\"page\" data-id=\"22169\">Nr. 37: Senheimer Stra\u00dfe 12<\/a><\/li>\n\n\n\n<li><a href=\"https:\/\/historisches-kirchhellen.de\/?page_id=22171\" data-type=\"page\" data-id=\"22171\">Nr. 38: Senheimer Stra\u00dfe 14<\/a><\/li>\n\n\n\n<li><a href=\"https:\/\/historisches-kirchhellen.de\/?page_id=22179\" data-type=\"page\" data-id=\"22179\">Nr. 42: Am Alten Kirchplatz 4<\/a><\/li>\n<\/ul>\n","protected":false},"excerpt":{"rendered":"<p>Das Modell zeigt den alten Ortskern Kirchhellen um 1915 mit der alten Kirche im Mittelpunkt. Begrenzt wurde der alte Ortskern in etwa durch die heutige &hellip; <\/p>\n","protected":false},"author":1,"featured_media":0,"parent":22071,"menu_order":1,"comment_status":"closed","ping_status":"closed","template":"","meta":{"_acf_changed":false,"footnotes":""},"class_list":["post-22372","page","type-page","status-publish","hentry"],"acf":[],"jetpack_sharing_enabled":true,"_links":{"self":[{"href":"https:\/\/historisches-kirchhellen.de\/index.php?rest_route=\/wp\/v2\/pages\/22372","targetHints":{"allow":["GET"]}}],"collection":[{"href":"https:\/\/historisches-kirchhellen.de\/index.php?rest_route=\/wp\/v2\/pages"}],"about":[{"href":"https:\/\/historisches-kirchhellen.de\/index.php?rest_route=\/wp\/v2\/types\/page"}],"author":[{"embeddable":true,"href":"https:\/\/historisches-kirchhellen.de\/index.php?rest_route=\/wp\/v2\/users\/1"}],"replies":[{"embeddable":true,"href":"https:\/\/historisches-kirchhellen.de\/index.php?rest_route=%2Fwp%2Fv2%2Fcomments&post=22372"}],"version-history":[{"count":0,"href":"https:\/\/historisches-kirchhellen.de\/index.php?rest_route=\/wp\/v2\/pages\/22372\/revisions"}],"up":[{"embeddable":true,"href":"https:\/\/historisches-kirchhellen.de\/index.php?rest_route=\/wp\/v2\/pages\/22071"}],"wp:attachment":[{"href":"https:\/\/historisches-kirchhellen.de\/index.php?rest_route=%2Fwp%2Fv2%2Fmedia&parent=22372"}],"curies":[{"name":"wp","href":"https:\/\/api.w.org\/{rel}","templated":true}]}}