{"id":22531,"date":"2023-11-22T00:56:24","date_gmt":"2023-11-21T22:56:24","guid":{"rendered":"https:\/\/historisches-kirchhellen.de\/?page_id=22531"},"modified":"2023-11-22T00:56:27","modified_gmt":"2023-11-21T22:56:27","slug":"der-teufel-und-der-alte-schmied-in-ekel","status":"publish","type":"page","link":"https:\/\/historisches-kirchhellen.de\/?page_id=22531","title":{"rendered":"Der Teufel und der alte Schmied in Ekel"},"content":{"rendered":"\n<p class=\"has-text-align-justify\">Einst wohnte auf einem alten Kotten in Ekel ein alter Schmied, der war ein sonderbarer, verschlossener Mann. Er arbeitete stets allein und hatte nur eine Ziege, die er jeden Morgen auf die Weide f\u00fchrte.<\/p>\n\n\n\n<p class=\"has-text-align-justify\">Zu diesem kam eines Tages der Teufel mit einer zerbrochenen Mistgabel und sagte, er solle ihm eine neue schmieden. Der Schmied erwiderte, er h\u00e4tte genug f\u00fcr die anderen Leute zu tun, der Teufel solle sich nur selbst an den Amboss stellen, und scherte sich nicht weiter um den Teufel.<\/p>\n\n\n\n<p class=\"has-text-align-justify\">Da wurde der Satan zornig und rief: \u201dWenn du mir die Mistgabel nicht machst, sollen dich die M\u00e4use und Ratten fressen!\u201d\u2019 Der Schmied lachte und meinte: &#8222;Lot se men kommen, ick sall ehr woll helpen!\u201d, nahm den dicken Schmiedehammer und wollte den Teufel erschlagen. Dieser sprang mit einem Fluch zur Seite und durch das geschlossene Fenster, ohne dass die Scheiben zerbrachen.<\/p>\n\n\n\n<p class=\"has-text-align-justify\">Den Schmied bek\u00fcmmerte der sonderbare Besuch nicht mehr und er arbeitete ruhig weiter, bis er nach zehn Jahren pl\u00f6tzlich starb. Da sollen aus ganz Ekel die M\u00e4use und Ratten zum Hause des Schmiedes gezogen sein und seine Leiche aufgefressen haben. Das sah ein Nachbarskind, das dem Schmied am Abend die Ziege in den Stall bringen sollte.<\/p>\n\n\n\n<p class=\"has-text-align-justify\">Seit dieser Zeit bekreuzigten sich die Leute aus Ekel, wenn sie an der Schmiede vorbei mussten, und der alte Kotten wurde bald abgerissen, denn kein Mensch wollte dort wohnen, wo der Leibhaftige einmal seinen Fu\u00df \u00fcber die Schwelle gesetzt hatte.<\/p>\n\n\n\n<p class=\"has-text-align-justify\"><span style=\"text-decoration: underline;\">Anmerkung: <\/span>Die Schmiede wird in Bartels H\u00fctte lokalisiert. Sie lag in der Br\u00e4uke zwischen dem Hof Breuker und der G\u00e4rtnerei Mues. \u2014 In einer Aufstellung schulpflichtiger Kinder aus dem Jahre 1799 wird unter &#8222;Eickel&#8220; (Ekel) ein Kind aus dem Hause &#8222;Bartels H\u00fctte\u2019\u2019 aufgef\u00fchrt.<\/p>\n\n\n\n<p class=\"has-text-align-justify\"><em>aus: Schriftenreihe Nr. 6 des Vereins f\u00fcr Orts- und Heimatkunde Kirchhellen; nach einem Aufsatz von Strangemann, \u00fcberarbeitet von Paul Schnieder.<\/em><\/p>\n","protected":false},"excerpt":{"rendered":"<p>Einst wohnte auf einem alten Kotten in Ekel ein alter Schmied, der war ein sonderbarer, verschlossener Mann. Er arbeitete stets allein und hatte nur eine &hellip; <\/p>\n","protected":false},"author":1,"featured_media":0,"parent":0,"menu_order":0,"comment_status":"closed","ping_status":"closed","template":"","meta":{"_acf_changed":false,"footnotes":""},"class_list":["post-22531","page","type-page","status-publish","hentry"],"acf":[],"jetpack_sharing_enabled":true,"_links":{"self":[{"href":"https:\/\/historisches-kirchhellen.de\/index.php?rest_route=\/wp\/v2\/pages\/22531","targetHints":{"allow":["GET"]}}],"collection":[{"href":"https:\/\/historisches-kirchhellen.de\/index.php?rest_route=\/wp\/v2\/pages"}],"about":[{"href":"https:\/\/historisches-kirchhellen.de\/index.php?rest_route=\/wp\/v2\/types\/page"}],"author":[{"embeddable":true,"href":"https:\/\/historisches-kirchhellen.de\/index.php?rest_route=\/wp\/v2\/users\/1"}],"replies":[{"embeddable":true,"href":"https:\/\/historisches-kirchhellen.de\/index.php?rest_route=%2Fwp%2Fv2%2Fcomments&post=22531"}],"version-history":[{"count":2,"href":"https:\/\/historisches-kirchhellen.de\/index.php?rest_route=\/wp\/v2\/pages\/22531\/revisions"}],"predecessor-version":[{"id":22533,"href":"https:\/\/historisches-kirchhellen.de\/index.php?rest_route=\/wp\/v2\/pages\/22531\/revisions\/22533"}],"wp:attachment":[{"href":"https:\/\/historisches-kirchhellen.de\/index.php?rest_route=%2Fwp%2Fv2%2Fmedia&parent=22531"}],"curies":[{"name":"wp","href":"https:\/\/api.w.org\/{rel}","templated":true}]}}