{"id":22536,"date":"2023-11-22T00:53:29","date_gmt":"2023-11-21T22:53:29","guid":{"rendered":"https:\/\/historisches-kirchhellen.de\/?page_id=22536"},"modified":"2023-11-22T00:53:58","modified_gmt":"2023-11-21T22:53:58","slug":"der-schwarze-hund-1","status":"publish","type":"page","link":"https:\/\/historisches-kirchhellen.de\/?page_id=22536","title":{"rendered":"Der schwarze Hund (1)"},"content":{"rendered":"\n<p><em>von Johannes Rottmann<\/em><\/p>\n\n\n\n<p class=\"has-text-align-justify\">Oma M. glaubte steif und fest an das n\u00e4chtliche Treiben des &#8222;schwarzen Hundes&#8220;, der eine kurze Kette mit sich zog. Er nahm seinen Weg vom Hagelkreuz in Overhagen durch den damals fast v\u00f6llig einen Hohlweg bildenden und mit Strauchwerk ums\u00e4umten Lippweg, lief dann \u00fcber die Bahnhofstra\u00dfe<sup data-fn=\"6cd60d55-81cc-4490-b447-a872d1c7c16e\" class=\"fn\"><a href=\"#6cd60d55-81cc-4490-b447-a872d1c7c16e\" id=\"6cd60d55-81cc-4490-b447-a872d1c7c16e-link\">1<\/a><\/sup> bis zur Gabelung Bogen-<sup data-fn=\"6dc90459-7f5e-418b-985f-da189aab6791\" class=\"fn\"><a href=\"#6dc90459-7f5e-418b-985f-da189aab6791\" id=\"6dc90459-7f5e-418b-985f-da189aab6791-link\">2<\/a><\/sup> und Hauptstra\u00dfe, somit ausgerechnet bis zu ihrer Wohnung. Das Herannahen des schwarzen Hundes wollte Oma M. durch das Bellen und Rumoren ihres Haushundes, eines m\u00e4chtigen und furchtlosen Schl\u00e4chterhundes, festgestellt wissen. Gesehen hat sie den schwarzen Hund jedoch nie.<\/p>\n\n\n\n<p><em>aus: Gladbecker Bl\u00e4tter 1933<\/em><\/p>\n\n\n<ol class=\"wp-block-footnotes\"><li id=\"6cd60d55-81cc-4490-b447-a872d1c7c16e\">heutige <a href=\"https:\/\/historisches-kirchhellen.de\/?page_id=417\" data-type=\"page\" data-id=\"417\">Hauptstra\u00dfe<\/a> <a href=\"#6cd60d55-81cc-4490-b447-a872d1c7c16e-link\" aria-label=\"Zur Fu\u00dfnotenreferenz 1 navigieren\">\u21a9\ufe0e<\/a><\/li><li id=\"6dc90459-7f5e-418b-985f-da189aab6791\">heutige <a href=\"https:\/\/historisches-kirchhellen.de\/?page_id=250\" data-type=\"page\" data-id=\"250\">Senheimer Stra\u00dfe<\/a> <a href=\"#6dc90459-7f5e-418b-985f-da189aab6791-link\" aria-label=\"Zur Fu\u00dfnotenreferenz 2 navigieren\">\u21a9\ufe0e<\/a><\/li><\/ol>","protected":false},"excerpt":{"rendered":"<p>von Johannes Rottmann Oma M. glaubte steif und fest an das n\u00e4chtliche Treiben des &#8222;schwarzen Hundes&#8220;, der eine kurze Kette mit sich zog. Er nahm &hellip; <\/p>\n","protected":false},"author":1,"featured_media":0,"parent":0,"menu_order":0,"comment_status":"closed","ping_status":"closed","template":"","meta":{"_acf_changed":false,"footnotes":"[{\"content\":\"heutige <a href=\\\"https:\/\/historisches-kirchhellen.de\/?page_id=417\\\" data-type=\\\"page\\\" data-id=\\\"417\\\">Hauptstra\u00dfe<\/a>\",\"id\":\"6cd60d55-81cc-4490-b447-a872d1c7c16e\"},{\"content\":\"heutige <a href=\\\"https:\/\/historisches-kirchhellen.de\/?page_id=250\\\" data-type=\\\"page\\\" data-id=\\\"250\\\">Senheimer Stra\u00dfe<\/a>\",\"id\":\"6dc90459-7f5e-418b-985f-da189aab6791\"}]"},"class_list":["post-22536","page","type-page","status-publish","hentry"],"acf":[],"jetpack_sharing_enabled":true,"_links":{"self":[{"href":"https:\/\/historisches-kirchhellen.de\/index.php?rest_route=\/wp\/v2\/pages\/22536","targetHints":{"allow":["GET"]}}],"collection":[{"href":"https:\/\/historisches-kirchhellen.de\/index.php?rest_route=\/wp\/v2\/pages"}],"about":[{"href":"https:\/\/historisches-kirchhellen.de\/index.php?rest_route=\/wp\/v2\/types\/page"}],"author":[{"embeddable":true,"href":"https:\/\/historisches-kirchhellen.de\/index.php?rest_route=\/wp\/v2\/users\/1"}],"replies":[{"embeddable":true,"href":"https:\/\/historisches-kirchhellen.de\/index.php?rest_route=%2Fwp%2Fv2%2Fcomments&post=22536"}],"version-history":[{"count":3,"href":"https:\/\/historisches-kirchhellen.de\/index.php?rest_route=\/wp\/v2\/pages\/22536\/revisions"}],"predecessor-version":[{"id":22559,"href":"https:\/\/historisches-kirchhellen.de\/index.php?rest_route=\/wp\/v2\/pages\/22536\/revisions\/22559"}],"wp:attachment":[{"href":"https:\/\/historisches-kirchhellen.de\/index.php?rest_route=%2Fwp%2Fv2%2Fmedia&parent=22536"}],"curies":[{"name":"wp","href":"https:\/\/api.w.org\/{rel}","templated":true}]}}