{"id":22557,"date":"2023-11-22T00:57:53","date_gmt":"2023-11-21T22:57:53","guid":{"rendered":"https:\/\/historisches-kirchhellen.de\/?page_id=22557"},"modified":"2023-11-22T00:57:55","modified_gmt":"2023-11-21T22:57:55","slug":"caesars-grab","status":"publish","type":"page","link":"https:\/\/historisches-kirchhellen.de\/?page_id=22557","title":{"rendered":"C\u00e4sars Grab"},"content":{"rendered":"\n<p><em>von Johannes Rottmann<\/em><\/p>\n\n\n\n<p class=\"has-text-align-justify\">Der <a href=\"https:\/\/historisches-kirchhellen.de\/?page_id=130\" data-type=\"page\" data-id=\"130\">Alte Postweg<\/a> ist ein alter, wenn nicht gar ein uralter Verkehrsweg. Es soll sich bei ihm n\u00e4mlich um einen Handelsweg aus vorgeschichtlicher Zeit handeln, Auf ihm soll Nordsee-Bernstein zum S\u00fcden nach der griechischen Siedlung Massilia, dem heutigen Marseille, und von dort sollen die in Germanien knappen Metalle zum Norden bef\u00f6rdert worden sein. Umschlagplatz der Waren war Asciburgium, eine Siedlung in der N\u00e4he des heutigen Duisburg. Diese Siedlung wird bereits in der &#8222;Germania&#8220; des Tacitus erw\u00e4hnt.<\/p>\n\n\n\n<p class=\"has-text-align-justify\">Es w\u00e4re geradezu ein Wunder, wenn die R\u00f6mer w\u00e4hrend ihres nur wenige Jahrzehnte dauernden Aufenthalts in unserem Gebiet diesen Weg nicht benutzt h\u00e4tten. Somit bringt die Sage diesen historischen Weg mit den R\u00f6mern in Beziehung. Ein inzwischen weggebaggerter Sandh\u00fcgel hart \u00f6stlich des Alten Postweges in Ekel, etwa 200 m von der sageumwobenen <a href=\"https:\/\/historisches-kirchhellen.de\/?page_id=22551\" data-type=\"page\" data-id=\"22551\">M\u00f6nchskuhle<\/a> entfernt, hie\u00df nach der \u00dcberlieferung C\u00e4sars Berg. Hier habe, so wurde den Kindern der Schule auf der Hardt erz\u00e4hlt, C\u00e4sar mit seinen Soldaten gerastet. Nicht nur das, hier soll ein h\u00f6herer r\u00f6mischer Heerf\u00fchrer, ein C\u00e4sar, sein Grab gefunden haben.<\/p>\n\n\n\n<p class=\"has-text-align-justify\">C\u00e4sar selbst hat den Alten Postweg nie gesehen. Aber Drusus und Germanikus, C\u00e4sarenbruder und sp\u00e4terer C\u00e4sar, k\u00f6nnten mit ihren Heeren auf ihren Kriegsz\u00fcgen in Germanien um die Zeitenwende \u00fcber den Alten Postweg gezogen sein. Ganz ohne geschichtlichen Hintergrund ist die \u00dcberlieferung, die sich in der Namengebung &#8220;C\u00e4sars Berg\u201d niedergeschlagen hat, daher nicht.<\/p>\n\n\n\n<p class=\"has-text-align-justify\">Als im Jahre 1965 die Ausssandung des H\u00fcgels begann, waren die Historiker nicht m\u00fc\u00dfig. Bei den Arbeiten wurden jedoch keinerlei Funde gemacht, welche die \u00dcberlieferung best\u00e4tigten. Es konnte auch nicht festgestellt werden, dass der H\u00fcgel als Begr\u00e4bnisst\u00e4tte gedient hat. <\/p>\n\n\n\n<p>Was bleibt, ist die Wahrscheinlichkeit, dass &#8222;C\u00e4sars Berg&#8220; r\u00f6mische Legionen w\u00e4hrend ihrer Eroberungsz\u00fcge in Germanien gesehen hat.<\/p>\n\n\n\n<p><em>aus: Schriftenreihe Nr. 6 des Vereins f\u00fcr Orts- und Heimatkunde Kirchhellen<\/em><\/p>\n","protected":false},"excerpt":{"rendered":"<p>von Johannes Rottmann Der Alte Postweg ist ein alter, wenn nicht gar ein uralter Verkehrsweg. Es soll sich bei ihm n\u00e4mlich um einen Handelsweg aus &hellip; <\/p>\n","protected":false},"author":1,"featured_media":0,"parent":0,"menu_order":0,"comment_status":"closed","ping_status":"closed","template":"","meta":{"_acf_changed":false,"footnotes":""},"class_list":["post-22557","page","type-page","status-publish","hentry"],"acf":[],"jetpack_sharing_enabled":true,"_links":{"self":[{"href":"https:\/\/historisches-kirchhellen.de\/index.php?rest_route=\/wp\/v2\/pages\/22557","targetHints":{"allow":["GET"]}}],"collection":[{"href":"https:\/\/historisches-kirchhellen.de\/index.php?rest_route=\/wp\/v2\/pages"}],"about":[{"href":"https:\/\/historisches-kirchhellen.de\/index.php?rest_route=\/wp\/v2\/types\/page"}],"author":[{"embeddable":true,"href":"https:\/\/historisches-kirchhellen.de\/index.php?rest_route=\/wp\/v2\/users\/1"}],"replies":[{"embeddable":true,"href":"https:\/\/historisches-kirchhellen.de\/index.php?rest_route=%2Fwp%2Fv2%2Fcomments&post=22557"}],"version-history":[{"count":2,"href":"https:\/\/historisches-kirchhellen.de\/index.php?rest_route=\/wp\/v2\/pages\/22557\/revisions"}],"predecessor-version":[{"id":22562,"href":"https:\/\/historisches-kirchhellen.de\/index.php?rest_route=\/wp\/v2\/pages\/22557\/revisions\/22562"}],"wp:attachment":[{"href":"https:\/\/historisches-kirchhellen.de\/index.php?rest_route=%2Fwp%2Fv2%2Fmedia&parent=22557"}],"curies":[{"name":"wp","href":"https:\/\/api.w.org\/{rel}","templated":true}]}}