{"id":22587,"date":"2023-11-23T23:46:13","date_gmt":"2023-11-23T21:46:13","guid":{"rendered":"https:\/\/historisches-kirchhellen.de\/?page_id=22587"},"modified":"2023-11-23T23:46:16","modified_gmt":"2023-11-23T21:46:16","slug":"liste-der-hand-und-spanndienste-1748","status":"publish","type":"page","link":"https:\/\/historisches-kirchhellen.de\/?page_id=22587","title":{"rendered":"Liste der Hand- und Spanndienste 1748"},"content":{"rendered":"\n<h4 class=\"wp-block-heading\"><strong>Spanndienste im Kirspell Kirchellen<\/strong><\/h4>\n\n\n\n<p>Kirspell Kirchellen, dies Kirspell bestehet aus f\u00fcnf Gespann, so folgender gestalt Eingetheilt seyndt: Das erste Gespann nennet sich das <strong>Feldth\u00e4user<\/strong> Gespann, wozu folgende geh\u00f6ren al\u00df<\/p>\n\n\n\n<ol class=\"wp-block-list\">\n<li>Terfeldt, und gibt anneben 1 ggld Dienstgeldt so mit 1 rt1 30 stb zahlt wirdt undt mu\u00df verm\u00f6ge Lagerbuch 2 M\u00e4he Dienste praestiren oder 1\/2 Kopfst\u00fcck daf\u00fcr zahlen.<\/li>\n\n\n\n<li>Dickman uti antecendens (Wie vorhergehend)<\/li>\n\n\n\n<li>Wiescherbur similiter (gleichfalls)<\/li>\n\n\n\n<li>Schulte zu Kirchellen, und zahlt anneben auch 1 ggld Dienstgeld<\/li>\n\n\n\n<li>Horsthoff dienet mit 1\/2 Pferdt und zahlt 1\/2 ggld Dienstgeld<\/li>\n\n\n\n<li>Hollbeck uti antecedens<\/li>\n\n\n\n<li>Frie mu\u00df verm\u00f6ge Lagerbuch mit ein Pferdt quartaliter (viertelj\u00e4hrlich) dienen und zahlen 1 ggld Dienstgeldt<\/li>\n<\/ol>\n\n\n\n<p>Diese machen ein Gespann aus und dienen quartaliter.<\/p>\n\n\n\n<p>2tes Gespann nennet sich das <strong>Holth\u00e4user<\/strong> Gespann, wozu geh\u00f6ren:<\/p>\n\n\n\n<ol class=\"wp-block-list\">\n<li>Holthaus und gibt anneben 1 ggld dienstgeldt<\/li>\n\n\n\n<li>Mierman similiter<\/li>\n\n\n\n<li>Haseke und gibt dieser anneben 2 ggld Dienstgeldt<\/li>\n\n\n\n<li>Laerman und gibt j\u00e4hrlich anneben 1 ggld Dienstgeldt<\/li>\n\n\n\n<li>Deffte uti antecedens, f\u00fcr M\u00e4hedienste aber zahlt dieser verm\u00f6ge Lagerbuchs j\u00e4hrlich drey Rader albus, so der Ambtfrohne referirt niemahlen empfangen zu haben<\/li>\n\n\n\n<li>Giese uti antecedens<\/li>\n<\/ol>\n\n\n\n<p>Vorstehende sech\u00df formiren das Gespann also und dienen quartaliter.<\/p>\n\n\n\n<p>3tes Gespann ist das <strong>Haddinghauser <\/strong>Gespann, so aus folgendem bestehet:<\/p>\n\n\n\n<ol class=\"wp-block-list\">\n<li>Ekamp undt mu\u00df anneben zahlen 1 geld dienstgeld item mu\u00df dieser verm\u00f6ge Lagerbuchs 1 M\u00e4he Dienst praestiren, den M\u00e4hedienst gestehet nicht.<\/li>\n\n\n\n<li>Overbeck uti antecedens<\/li>\n\n\n\n<li>Stratman similiter. Dieser mu\u00df aber verm\u00f6ge Lagerbuch 2 M\u00e4hedienste praestiren.<\/li>\n\n\n\n<li>Rottman uti antecedens<\/li>\n\n\n\n<li>Stappert similiter<\/li>\n\n\n\n<li>Benien similiter<\/li>\n\n\n\n<li>Hasebrinck similiter<\/li>\n\n\n\n<li>Reckforth similiter<\/li>\n<\/ol>\n\n\n\n<p>welche acht das Gespann machen und quartaliter dienen.<\/p>\n\n\n\n<p>4tes Gespann ist das<strong> Ekeler<\/strong> Gespann, so aus nachfolgenden bestehet als<\/p>\n\n\n\n<ol class=\"wp-block-list\">\n<li>Baumeister und gibt annebens 1 ggld. Dienstgeld, mu\u00df auch verm\u00f6ge Lagerbuchs zwey M\u00e4hedienste praestiren,<\/li>\n\n\n\n<li>Pelster mu\u00df Verm\u00f6g Lagerbuchs mit 1 pferdt quartaliter dienen, auch 1 ggld. Dienstgeldt geben, und zwey M\u00e4hedienste praestiren, will nuhr 1\/2 ggld zahlen, auch quartaliter 1\/2 Pferdt lieferen<\/li>\n\n\n\n<li>Schulte Eckel gibt anneben 1 ggld Dienstgeldt und mu\u00df verm\u00f6ge Lagerbuchs 2 M\u00e4hedienste<\/li>\n\n\n\n<li>Maes uti antecedens, praestirt aber keine M\u00e4hedienste<\/li>\n\n\n\n<li>H\u00f6ving similiter<\/li>\n\n\n\n<li>Breyll gibt 1 ggld dienstgeldt auch, mu\u00df anneben verm\u00f6ge<\/li>\n\n\n\n<li>Lagerbuch 2 \u201c\u00e4hedienste praestiren<\/li>\n\n\n\n<li>Westenbohm similiter<\/li>\n\n\n\n<li>Holtkamp similiter<\/li>\n<\/ol>\n\n\n\n<p>Welche acht das Gespann ausmachen und quartaliter dienen.<\/p>\n\n\n\n<p>5tes Gespann ist das <strong>Overhagen<\/strong> Gespann, so aus folgenden bestehet und dienen gleichfalls quartaliter<\/p>\n\n\n\n<ol class=\"wp-block-list\">\n<li>Hageman undt gibt anneben 1 ggld dienstgeldt<\/li>\n\n\n\n<li>Thogerechte uti antecedens, mu\u00df aber anneben verm\u00f6ge Lagerbuch zwey M\u00e4hedienste praestiren<\/li>\n\n\n\n<li>H\u00fclsken uti antecedens<\/li>\n\n\n\n<li>Boekholt similiter<\/li>\n\n\n\n<li>Bu\u00dfman ein Kirchenguth, similiter. Ferner mu\u00df der Bu\u00dfman von der Kaldenhove quartaliter mit ein Pferdt dienen, item 1\/2 ggld dienstgeldt bezahlen undt einen M\u00e4hedienst praestiren. Dieser aber will nur einfach dienen.<\/li>\n\n\n\n<li>Allekaute dienet quartaliter auch mit ein Pferdt, gibt 1 ggld Dienstgeldt und mu\u00df verm\u00f6ge Lagerbuch 2 M\u00e4hedienste praestiren, will nur mit 1\/2 Pferdt quartaliter dienen<\/li>\n\n\n\n<li>Baumeister uti antecedens<\/li>\n\n\n\n<li>Borneman dienet quartaliter mit 1 Pferdt; gibt 1 ggld Dienstgeldt und praestirt verm\u00f6ge Lagerbuch auch zwey M\u00e4hedienste<\/li>\n<\/ol>\n\n\n\n<p class=\"has-text-align-justify\">Bronnendorf ist eine H\u00f6ve anjetzo in Creditoren H\u00e4nden als Weisbauer, Stoffer Rockholt, J\u00f6rgen und Dierich ahn der Schantze, davon mu\u00df quartaliter mit Pferd gedienet, sodan 1 ggld bezahlet werden. Nach Aussage des Ambtsfrohnen wurden zwey ggld bezahlet aber keine Dienste verrichtet.<\/p>\n\n\n\n<p class=\"has-text-align-justify\">Dahlman Overhagen zahlt 1 ggld Dienstgeld und ist pferdtdienstpflichtig.<\/p>\n\n\n\n<p class=\"has-text-align-justify\">Brockman in Haddinghausen ist pferddienstpflichtig verm\u00f6ge Lagerbuch und mu\u00df 1\/2 ggld Dienstgeld bezahlen und einen M\u00e4hedienst praestiren. Will sich aber zu nichts verstehen.<\/p>\n\n\n\n<p class=\"has-text-align-justify\">Zu merken ist dahin, da\u00df aus denen f\u00fcnf Gespann im Kirspell Kirchhellen wenigstens sechs regulirt werden k\u00f6nnen.<\/p>\n\n\n\n<h4 class=\"wp-block-heading\"><strong>Handtdienste im Kirspell Kirchellen<\/strong><\/h4>\n\n\n\n<p class=\"has-text-align-justify\">Diese sollen verm\u00f6ge Lagerbuch zu 14 Tage, w\u00f6llen aber nur quartaliter mit dem Leibe dienen, obschon verm\u00f6ge des alten Dienstregisters zu 14. Tagen ahngeschlagen .<\/p>\n\n\n\n<p>Folgen diejenige au\u00df <strong>Haddinghausen<\/strong><\/p>\n\n\n\n<ol class=\"wp-block-list\">\n<li>Lanferman<\/li>\n\n\n\n<li>Bergman alias aufm Berge<\/li>\n\n\n\n<li>Rummel<\/li>\n\n\n\n<li>Althoff<\/li>\n\n\n\n<li>Kreyenkamp<\/li>\n\n\n\n<li>Klaverkamp<\/li>\n\n\n\n<li>Spaen<\/li>\n\n\n\n<li>Beuckman<\/li>\n\n\n\n<li>M\u00fchlenkamp<\/li>\n\n\n\n<li>Breucker<\/li>\n\n\n\n<li>Schlierman jetzo Baurbote und bi\u00df dahin frey.<\/li>\n<\/ol>\n\n\n\n<p class=\"has-text-align-justify\">Putzhove undt Reehshove seyndt verm\u00f6ge Lagerbuch mit dem Leibe zu dienen schuldig, seyndt aber noch nicht erfindtlich.<\/p>\n\n\n\n<p>Aus der Baurschaft <strong>Eckell<\/strong><\/p>\n\n\n\n<ol class=\"wp-block-list\" start=\"12\">\n<li>Vohselman alias Vohseler<\/li>\n\n\n\n<li>Pette jetza Baurbote<\/li>\n\n\n\n<li>Luer<\/li>\n\n\n\n<li>Bauckholt<\/li>\n\n\n\n<li>Fanebroick ist verm\u00f6ge Lagerbuch dienstpflichtig, will sich aber darzu nicht verstehen.<br>Jan achter dem Baum ist dienstpflichtig aber noch nicht erfindlich.<\/li>\n\n\n\n<li>Schencke ist verm\u00f6ge Lagerbuch dienstpflichtig, will sich aber darzu nicht verstehen.<\/li>\n<\/ol>\n\n\n\n<p>Aus der Baurschaft <strong>Holthausen<\/strong><\/p>\n\n\n\n<ol class=\"wp-block-list\" start=\"18\">\n<li>Beckedahl und mu\u00df anneben f\u00fcr M\u00e4hegeld zahlen 6 Rader albus<\/li>\n\n\n\n<li>M\u00fchlert<\/li>\n\n\n\n<li>Pieper<\/li>\n\n\n\n<li>Hesterkamp jetzo Baurbote<\/li>\n\n\n\n<li>Claes alias Berndt aufm Kampen<\/li>\n\n\n\n<li>Rademacher alias Wilm aufm Kampen<\/li>\n\n\n\n<li>Langweg<\/li>\n\n\n\n<li>Wienert<\/li>\n\n\n\n<li>H\u00f6rster<\/li>\n<\/ol>\n\n\n\n<p>Heu\u00dfkes Kotten ist dienstpflichtig, aber nicht erfindlich, der Haseke soll jedoch diesen verm\u00f6ge Lagerbuchs in Gebrauch gehabt haben.<\/p>\n\n\n\n<p>Jobst Blauferber ist verm\u00f6ge Lagerbuch dienstpflichtig, ist aber in dieser Baurschaft nicht erfindlich, au\u00dfer, da\u00df die Haddingh\u00e4user ein K\u00f6tter des Nahmens wohne.<\/p>\n\n\n\n<p>Aus der <strong>Dorfbaurschaft<\/strong><\/p>\n\n\n\n<ol class=\"wp-block-list\" start=\"27\">\n<li>Rademacher<\/li>\n\n\n\n<li>K\u00fcper<\/li>\n\n\n\n<li>Schumacher<\/li>\n\n\n\n<li>Schneider auf der Heyden<\/li>\n\n\n\n<li>Spers<\/li>\n\n\n\n<li>Terwellen<\/li>\n\n\n\n<li>Koppelman ist verm\u00f6ge Lagerbuch dienstpflichtig, will sich dazu aber nicht verstehen<\/li>\n\n\n\n<li>Jan Schmidt ist Brieftr\u00e4ger, sonst dienstpflichtig<\/li>\n\n\n\n<li>Henrich jetzo Berndt zur Burg ist verm\u00f6ge Lagenbuch dienstpflichtig<\/li>\n<\/ol>\n\n\n\n<p>Otterbeck im Dorf gibt j\u00e4hrlich 1 ggld Dienstgeld und sagt, sonst immer gedient zu haben.<\/p>\n\n\n\n<p>Aus der Baurschaft <strong>Overhagen<\/strong><\/p>\n\n\n\n<ol class=\"wp-block-list\" start=\"36\">\n<li>Schlagkamp ist verm\u00f6ge Lagerbuch dienstpflichtig<\/li>\n\n\n\n<li>Trillenkamp similiter<\/li>\n\n\n\n<li>auf der Wey similiter<\/li>\n<\/ol>\n\n\n\n<p>Notandum:<\/p>\n\n\n\n<p class=\"has-text-align-justify\">Uchtman oder \u00dcchting in Overhagen mu\u00df verm\u00f6ge Lagerbuch gew\u00f6hnliche Pferdtsdienst leisten. Item 2 M\u00e4hedienste praestiren und 1 ggld Dienstgeldt bezahlen. Zahlt nur 1 ggld Dienstgeld, zu den \u00fcbrigen will sich nicht verstehen.<\/p>\n\n\n\n<p class=\"has-text-align-justify\">NB.: Von vorstehenden Handtdiensten praetendirt der Ambtsfrohne Neune f\u00fcr sich.<\/p>\n\n\n\n<h4 class=\"wp-block-heading\"><strong>Ne\u00fc ahngebauete, undt so noch nicht gedienet im Kirspell Kirchellen<\/strong><\/h4>\n\n\n\n<p>Folgen die Ne\u00fc ahngebawete, undt so noch nicht gedienet.<\/p>\n\n\n\n<p>Aus der Baurschaft <strong>Eckel<\/strong><\/p>\n\n\n\n<ol class=\"wp-block-list\">\n<li>Jan Dierich Schulte Terwieschen, Einw\u00f6hner beym Baumeister<\/li>\n\n\n\n<li>Jan Dierich Barheyer, Einw\u00f6hner bey Pelster<\/li>\n\n\n\n<li>Jan Dierich Maehs, Einw\u00f6hner bey Maehs<\/li>\n\n\n\n<li>Fielen Schepfer, des Fielen Einw\u00f6hner<\/li>\n\n\n\n<li>R\u00f6ttger Fielen, auch Fielen Einw\u00f6hner<\/li>\n\n\n\n<li>Jan Henrich Kreyenkamp, Hewings Einw\u00f6hner<\/li>\n\n\n\n<li>Dierich Rickert genandt Kl\u00fcmper, auf Kleine Breyls Hof<\/li>\n\n\n\n<li>Vincent Kuhlman, Breyls Einw\u00f6hner<\/li>\n\n\n\n<li>T\u00f6ns Peter, Ein K\u00f6tter<\/li>\n\n\n\n<li>Diereck ahn der Heyde, ein K\u00f6tter<\/li>\n\n\n\n<li>Heesterkamp<\/li>\n\n\n\n<li>Trine im Busch auf von Siegen Grund<\/li>\n\n\n\n<li>Schulten Jan auf Repeler Grund<\/li>\n<\/ol>\n\n\n\n<p>Diese genie\u00dfen die Gemeinheit.<\/p>\n\n\n\n<p>In der Baurschaft <strong>Overhagen<\/strong><\/p>\n\n\n\n<ol class=\"wp-block-list\" start=\"14\">\n<li>Hagemans Einw\u00f6hner<\/li>\n\n\n\n<li>Embersbaurs Einw\u00f6hner<\/li>\n\n\n\n<li>Thogerechten Einw\u00f6hner<\/li>\n\n\n\n<li>Bu\u00dfmans Einw\u00f6hner<\/li>\n\n\n\n<li>Hulekens Einw\u00f6hner<\/li>\n<\/ol>\n\n\n\n<p>in der Baurschaft <strong>Holthausen<\/strong><\/p>\n\n\n\n<ol class=\"wp-block-list\" start=\"19\">\n<li>Jan Knecht ein K\u00f6tter<\/li>\n\n\n\n<li>L\u00f6bbert<\/li>\n\n\n\n<li>Schneider<\/li>\n\n\n\n<li>K\u00fcper<\/li>\n\n\n\n<li>Diederich Hermans<\/li>\n\n\n\n<li>Eulerich<\/li>\n\n\n\n<li>Strattman<\/li>\n\n\n\n<li>Utschlag<\/li>\n\n\n\n<li>Claes in das alte Haus<\/li>\n\n\n\n<li>H\u00fclsman<\/li>\n\n\n\n<li>Wolter K\u00f6ller in Heymarths Wiese<\/li>\n\n\n\n<li>Henrich Scheper auf Heymarths Grund<\/li>\n\n\n\n<li>Blotenkamp<\/li>\n\n\n\n<li>Andrehs Bramkamp auf Defften Grund<\/li>\n<\/ol>\n\n\n\n<p>in der <strong>Dorf Baurschaft<\/strong>:<\/p>\n\n\n\n<ol class=\"wp-block-list\" start=\"33\">\n<li>Schepers Einw\u00f6hner<\/li>\n\n\n\n<li>Hollenders Einw\u00f6hner<\/li>\n\n\n\n<li>Musfeldt auf Schulten Grundt, genie\u00dfet die Gemeinheit<\/li>\n\n\n\n<li>Knippinck ein K\u00f6tter<\/li>\n\n\n\n<li>Jan Schulten auf Schulten Erbe<\/li>\n\n\n\n<li>Jan Henrich Wefer ibidem<\/li>\n\n\n\n<li>Gulicher ein K\u00f6tter<\/li>\n\n\n\n<li>Witte Junge auf Schulte Grundt<\/li>\n\n\n\n<li>Peter Bierbohm ein K\u00f6tter<\/li>\n\n\n\n<li>R\u00f6tger Brewer auf Kirchgrundt<\/li>\n\n\n\n<li>Hilp geh\u00f6ret nach der Pastorath zu D\u00f6rsten<\/li>\n\n\n\n<li>Borgs Berndt ein K\u00f6tter<\/li>\n\n\n\n<li>J\u00fcrgens Zwey Einw\u00f6hner<\/li>\n\n\n\n<li>Schmudden Evert ein K\u00f6tter<\/li>\n\n\n\n<li>Tepper geh\u00f6ret nacher Brabeck<\/li>\n\n\n\n<li>Jan am Kirchhoff<\/li>\n\n\n\n<li>R\u00f6ttger Erlekotte geh\u00f6ret nach dem adelichen Hau\u00df Becke<\/li>\n\n\n\n<li>Leppert auf Schulten Grundt<\/li>\n\n\n\n<li>Wolters Michelt ibidem<\/li>\n<\/ol>\n\n\n\n<p>au\u00df der Baurschaft <strong>Haddinghausen<\/strong>:<\/p>\n\n\n\n<ol class=\"wp-block-list\" start=\"52\">\n<li>Tautmans Einw\u00f6hner<\/li>\n\n\n\n<li>Backmans Einw\u00f6hner<\/li>\n\n\n\n<li>Stapperts Einw\u00f6hner<\/li>\n\n\n\n<li>Heckmans Einw\u00f6hner<\/li>\n\n\n\n<li>Beniens Einw\u00f6hner<\/li>\n\n\n\n<li>Jan in Cluesener Cammer<\/li>\n\n\n\n<li>Berndt auf Hemmings Hof<\/li>\n\n\n\n<li>Heselman geh\u00f6ret nach dem adelichen Hau\u00dfe Becke<\/li>\n\n\n\n<li>Zens Brauman<\/li>\n\n\n\n<li>Peter Brauman<\/li>\n\n\n\n<li>Dierck Scheffer<\/li>\n\n\n\n<li>Marien Jan<\/li>\n\n\n\n<li>Jan Dierich Kreyenkamp<\/li>\n\n\n\n<li>Kleppe im Lohe<\/li>\n\n\n\n<li>Dierich im Lohe<\/li>\n\n\n\n<li>Jan Gram<\/li>\n\n\n\n<li>Claes im Lohe<\/li>\n\n\n\n<li>Wulff<\/li>\n<\/ol>\n\n\n\n<p>Bi\u00df hierhin das Unter Vest und folget nuhnmehr das Ober-Vest.<\/p>\n\n\n\n<p><em>Quelle: Stadt- und Vestisches Archiv Recklinghausen, Herzoglich Arenbergisches Archiv, II E 59 Erneutes Dienstregister \u00fcber Hand- und Spanndienste<\/em><\/p>\n","protected":false},"excerpt":{"rendered":"<p>Spanndienste im Kirspell Kirchellen Kirspell Kirchellen, dies Kirspell bestehet aus f\u00fcnf Gespann, so folgender gestalt Eingetheilt seyndt: Das erste Gespann nennet sich das Feldth\u00e4user Gespann, &hellip; <\/p>\n","protected":false},"author":1,"featured_media":0,"parent":0,"menu_order":0,"comment_status":"closed","ping_status":"closed","template":"","meta":{"_acf_changed":false,"footnotes":""},"class_list":["post-22587","page","type-page","status-publish","hentry"],"acf":[],"jetpack_sharing_enabled":true,"_links":{"self":[{"href":"https:\/\/historisches-kirchhellen.de\/index.php?rest_route=\/wp\/v2\/pages\/22587","targetHints":{"allow":["GET"]}}],"collection":[{"href":"https:\/\/historisches-kirchhellen.de\/index.php?rest_route=\/wp\/v2\/pages"}],"about":[{"href":"https:\/\/historisches-kirchhellen.de\/index.php?rest_route=\/wp\/v2\/types\/page"}],"author":[{"embeddable":true,"href":"https:\/\/historisches-kirchhellen.de\/index.php?rest_route=\/wp\/v2\/users\/1"}],"replies":[{"embeddable":true,"href":"https:\/\/historisches-kirchhellen.de\/index.php?rest_route=%2Fwp%2Fv2%2Fcomments&post=22587"}],"version-history":[{"count":3,"href":"https:\/\/historisches-kirchhellen.de\/index.php?rest_route=\/wp\/v2\/pages\/22587\/revisions"}],"predecessor-version":[{"id":22590,"href":"https:\/\/historisches-kirchhellen.de\/index.php?rest_route=\/wp\/v2\/pages\/22587\/revisions\/22590"}],"wp:attachment":[{"href":"https:\/\/historisches-kirchhellen.de\/index.php?rest_route=%2Fwp%2Fv2%2Fmedia&parent=22587"}],"curies":[{"name":"wp","href":"https:\/\/api.w.org\/{rel}","templated":true}]}}