{"id":22591,"date":"2023-11-23T23:49:33","date_gmt":"2023-11-23T21:49:33","guid":{"rendered":"https:\/\/historisches-kirchhellen.de\/?page_id=22591"},"modified":"2023-11-23T23:49:35","modified_gmt":"2023-11-23T21:49:35","slug":"verzeichniss-der-schulfaehigen-kinder-welche-zur-feldhaeuser-schule-gerechnet-werden-koennen-06-09-1799","status":"publish","type":"page","link":"https:\/\/historisches-kirchhellen.de\/?page_id=22591","title":{"rendered":"Verzeichni\u00df der Schulf\u00e4higen Kinder welche zur Feldh\u00e4user Schule gerechnet werden k\u00f6nnen \u2013 06.09.1799"},"content":{"rendered":"\n<h4 class=\"wp-block-heading\">Bauerschaft Feldhausen<\/h4>\n\n\n\n<figure class=\"wp-block-table\"><table><tbody><tr><td><strong>Namen des Hauses<\/strong><\/td><td><strong>Namen des Kindes<\/strong><\/td><td><strong>Alter<\/strong><\/td><td><strong>Entfernung zur Schule<\/strong><\/td><\/tr><tr><td>Schmit<\/td><td>Franz<\/td><td>9<\/td><td>in u. nahe bey Feldhausen<\/td><\/tr><tr><td>&nbsp;<\/td><td>Bernard<\/td><td>7<\/td><td>&nbsp;<\/td><\/tr><tr><td>K\u00fcster<\/td><td>Susanna<\/td><td>5<\/td><td>&nbsp;<\/td><\/tr><tr><td>Auf Getlers Heide<\/td><td>Maria Katharina<\/td><td>14<\/td><td>&nbsp;<\/td><\/tr><tr><td>&nbsp;<\/td><td>Anna Maria<\/td><td>12<\/td><td>&nbsp;<\/td><\/tr><tr><td>&nbsp;<\/td><td>Katharina<\/td><td>9<\/td><td>&nbsp;<\/td><\/tr><tr><td>Reiners<\/td><td>Johannes<\/td><td>11<\/td><td>&nbsp;<\/td><\/tr><tr><td>Auf Reiners Hof<\/td><td>Adolpf<\/td><td>7<\/td><td>&nbsp;<\/td><\/tr><tr><td>Gerts<\/td><td>Elisabeth<\/td><td>8<\/td><td>&nbsp;<\/td><\/tr><tr><td>Huisken<\/td><td>Petrus<\/td><td>10<\/td><td>&nbsp;<\/td><\/tr><tr><td>&nbsp;<\/td><td>Henrich<\/td><td>8<\/td><td>&nbsp;<\/td><\/tr><tr><td>Schulte zur Wieschen<\/td><td>Theodor<\/td><td>11<\/td><td>&nbsp;<\/td><\/tr><tr><td>In Heikes Busch<\/td><td>Elisabeth<\/td><td>11<\/td><td>&nbsp;<\/td><\/tr><tr><td>&nbsp;<\/td><td>Anna Maria<\/td><td>8<\/td><td>&nbsp;<\/td><\/tr><tr><td>Getler<\/td><td>Bernard<\/td><td>7<\/td><td>&nbsp;<\/td><\/tr><tr><td>Pute<\/td><td>Johannes<\/td><td>7<\/td><td>&nbsp;<\/td><\/tr><tr><td>Schulte<\/td><td>Elisabeth<\/td><td>6<\/td><td>&nbsp;<\/td><\/tr><tr><td>Borfayer<\/td><td>Angela<\/td><td>10<\/td><td>&nbsp;<\/td><\/tr><tr><td>Hemmer<\/td><td>Johannes<\/td><td>13<\/td><td>&nbsp;<\/td><\/tr><tr><td>&nbsp;<\/td><td>Susanna<\/td><td>12<\/td><td>&nbsp;<\/td><\/tr><tr><td>Fa\u00dfberger<\/td><td>Theodor<\/td><td>14<\/td><td>\u00bc<\/td><\/tr><tr><td>Nobel<\/td><td>Wilhelm<\/td><td>9<\/td><td>&nbsp;<\/td><\/tr><tr><td>&nbsp;<\/td><td>Theodor<\/td><td>6<\/td><td>&nbsp;<\/td><\/tr><tr><td>T\u00f6nsberger<\/td><td>Bernard<\/td><td>12<\/td><td>\u00bd<\/td><\/tr><tr><td>Wengenborg<\/td><td>Bernard<\/td><td>12<\/td><td>&nbsp;<\/td><\/tr><tr><td>&nbsp;<\/td><td>Maria Katharina<\/td><td>11<\/td><td>&nbsp;<\/td><\/tr><tr><td>Orselen<\/td><td>Johannes<\/td><td>6<\/td><td>&nbsp;<\/td><\/tr><tr><td>Wengenborg<\/td><td>Johannes<\/td><td>7<\/td><td>&nbsp;<\/td><\/tr><\/tbody><\/table><\/figure>\n\n\n\n<h4 class=\"wp-block-heading\">Eickel<\/h4>\n\n\n\n<figure class=\"wp-block-table\"><table><tbody><tr><td><strong>Namen des Hauses<\/strong><\/td><td><strong>Namen des Kindes<\/strong><\/td><td><strong>Alter<\/strong><\/td><td><strong>Entfernung zur Schule<\/strong><\/td><\/tr><tr><td>Bartels H\u00fctte<\/td><td>Johann Theodor<\/td><td>6<\/td><td>\u00bc<\/td><\/tr><tr><td>K\u00fcper in Heuwings Brink<\/td><td>Anna Maria<\/td><td>12<\/td><td>&nbsp;<\/td><\/tr><tr><td><\/td><td>Angela<\/td><td>8<\/td><td>&nbsp;<\/td><\/tr><tr><td>Tappen<\/td><td>Bernardine<\/td><td>14<\/td><td>\u00bd<\/td><\/tr><tr><td>Fa\u00dfberger<\/td><td>Elisabeth<\/td><td>14<\/td><td>&nbsp;<\/td><\/tr><tr><td>Ombeck in Drostenhau\u00df<\/td><td>Mar.-Katha.<\/td><td>11<\/td><td>&nbsp;<\/td><\/tr><tr><td>Kleine Breil<\/td><td>Theodor<\/td><td>11<\/td><td>&nbsp;<\/td><\/tr><tr><td>&nbsp;<\/td><td>Theodor<\/td><td>9<\/td><td>&nbsp;<\/td><\/tr><tr><td>Sch\u00f6tner<\/td><td>Susanna<\/td><td>11<\/td><td>1<\/td><\/tr><tr><td>Ombeck<\/td><td>Franz<\/td><td>12<\/td><td>&nbsp;<\/td><\/tr><tr><td>&nbsp;<\/td><td>Bernard<\/td><td>10<\/td><td>&nbsp;<\/td><\/tr><tr><td>Bockholt in Ombecks\u00a0Backhau\u00df<\/td><td>Angela<\/td><td>9<\/td><td>&nbsp;<\/td><\/tr><tr><td>Baukholt<\/td><td>Mar.-Kath.<\/td><td>13<\/td><td>&nbsp;<\/td><\/tr><tr><td>&nbsp;<\/td><td>Laurenz<\/td><td>11<\/td><td>&nbsp;<\/td><\/tr><tr><td>L\u00fcer<\/td><td>Alexander<\/td><td>8<\/td><td>&nbsp;<\/td><\/tr><tr><td>Pelster<\/td><td>Angela<\/td><td>18<\/td><td>&nbsp;<\/td><\/tr><tr><td>&nbsp;<\/td><td>Gertrud<\/td><td>10<\/td><td>&nbsp;<\/td><\/tr><tr><td>&nbsp;<\/td><td>Margareth<\/td><td>8<\/td><td>&nbsp;<\/td><\/tr><tr><td>Tenderich in Fahnebrocks Scheuer<\/td><td>Anna Kathar.<\/td><td>12<\/td><td>&nbsp;<\/td><\/tr><tr><td><\/td><td>Johannes<\/td><td>7<\/td><td>&nbsp;<\/td><\/tr><tr><td>H\u00fctten Manns<\/td><td>R\u00f6tger<\/td><td>11<\/td><td>&nbsp;<\/td><\/tr><tr><td>&nbsp;<\/td><td>Mar. Kath.<\/td><td>9<\/td><td>&nbsp;<\/td><\/tr><tr><td>Hesterkamp<\/td><td>Herman<\/td><td>13<\/td><td>\u00be<\/td><\/tr><tr><td>Im Busch<\/td><td>Angela<\/td><td>13<\/td><td>&nbsp;<\/td><\/tr><tr><td>Diricks<\/td><td>Theodor<\/td><td>11<\/td><td>\u00bd<\/td><\/tr><tr><td>&nbsp;<\/td><td>Johannes<\/td><td>8<\/td><td>&nbsp;<\/td><\/tr><tr><td>Heuwing<\/td><td>Anna Mar.<\/td><td>13<\/td><td>&nbsp;<\/td><\/tr><tr><td>&nbsp;<\/td><td>Anna Kath.<\/td><td>11<\/td><td>&nbsp;<\/td><\/tr><tr><td>Maas auf Heuwings Hof<\/td><td>Gertrud<\/td><td>15<\/td><td>\u00bd<\/td><\/tr><tr><td><\/td><td>Bernard<\/td><td>10<\/td><td>&nbsp;<\/td><\/tr><tr><td>&nbsp;<\/td><td>Petrus<\/td><td>7<\/td><td>&nbsp;<\/td><\/tr><tr><td>Hinterste Schenke<\/td><td>Anna Maria<\/td><td>7<\/td><td>\u00be<\/td><\/tr><tr><td>Stoffers auf Fielen Hof<\/td><td>Gertrud<\/td><td>6<\/td><td>&nbsp;<\/td><\/tr><tr><td>Fiele<\/td><td>Joh. Theodor<\/td><td>9<\/td><td>&nbsp;<\/td><\/tr><tr><td>&nbsp;<\/td><td>Angela<\/td><td>7<\/td><td>&nbsp;<\/td><\/tr><tr><td>K\u00fcper auf Mars Hof<\/td><td>Werner<\/td><td>12<\/td><td>&nbsp;<\/td><\/tr><tr><td>&nbsp;<\/td><td>Anna Mar.<\/td><td>8<\/td><td>&nbsp;<\/td><\/tr><tr><td>Vorderste Schenke<\/td><td>Kaspar<\/td><td>14<\/td><td>&nbsp;<\/td><\/tr><tr><td>&nbsp;<\/td><td>Angela<\/td><td>12<\/td><td>&nbsp;<\/td><\/tr><tr><td>&nbsp;<\/td><td>Elisabeth<\/td><td>9<\/td><td>&nbsp;<\/td><\/tr><tr><td>&nbsp;<\/td><td>Henrich<\/td><td>6<\/td><td>&nbsp;<\/td><\/tr><tr><td>Rotthof<\/td><td>Mar. Franz.<\/td><td>12<\/td><td>&nbsp;<\/td><\/tr><tr><td>&nbsp;<\/td><td>Antoinette<\/td><td>9<\/td><td>&nbsp;<\/td><\/tr><tr><td>Kleine Breil<\/td><td>Gertrud<\/td><td>10<\/td><td>&nbsp;<\/td><\/tr><tr><td>&nbsp;<\/td><td>Henrich<\/td><td>6<\/td><td>&nbsp;<\/td><\/tr><tr><td>In Breils Ochsenkamp<\/td><td>Theodor<\/td><td>11<\/td><td>&nbsp;<\/td><\/tr><tr><td>&nbsp;<\/td><td>Gertrud<\/td><td>7<\/td><td>&nbsp;<\/td><\/tr><tr><td>Beisenbusch<\/td><td>Anna Maria<\/td><td>13<\/td><td>&nbsp;<\/td><\/tr><tr><td>&nbsp;<\/td><td>Angela<\/td><td>12<\/td><td>&nbsp;<\/td><\/tr><tr><td>&nbsp;<\/td><td>Anna Kath.<\/td><td>10<\/td><td>&nbsp;<\/td><\/tr><tr><td>&nbsp;<\/td><td>Susanne<\/td><td>8<\/td><td>&nbsp;<\/td><\/tr><\/tbody><\/table><\/figure>\n\n\n\n<h4 class=\"wp-block-heading\">Oberhagen<\/h4>\n\n\n\n<figure class=\"wp-block-table\"><table><tbody><tr><td><strong>Namen des Hauses<\/strong><\/td><td><strong>Namen des Kindes<\/strong><\/td><td><strong>Alter<\/strong><\/td><td><strong>Entfernung zur Schule<\/strong><\/td><\/tr><tr><td>Kleine Schanze<\/td><td>Bernard<\/td><td>9<\/td><td>\u00bc<\/td><\/tr><tr><td>&nbsp;<\/td><td>Werner<\/td><td>6<\/td><td>&nbsp;<\/td><\/tr><tr><td>Gro\u00dfe Schanze<\/td><td>Laurenz<\/td><td>10<\/td><td>&nbsp;<\/td><\/tr><tr><td>&nbsp;<\/td><td>Anna Maria<\/td><td>6<\/td><td>&nbsp;<\/td><\/tr><tr><td>in Schanzen Backhau\u00df<\/td><td>Katharina<\/td><td>8<\/td><td>\u00bc<\/td><\/tr><tr><td><\/td><td>Gertrud<\/td><td>7<\/td><td>&nbsp;<\/td><\/tr><tr><td>Wei\u00df<\/td><td>Georg<\/td><td>15<\/td><td>&nbsp;<\/td><\/tr><tr><td>Rockholt<\/td><td>Anna Maria<\/td><td>13<\/td><td>&nbsp;<\/td><\/tr><tr><td>&nbsp;<\/td><td>Magdalena<\/td><td>11<\/td><td>&nbsp;<\/td><\/tr><tr><td>&nbsp;<\/td><td>Maria Kath.<\/td><td>9<\/td><td>&nbsp;<\/td><\/tr><tr><td>&nbsp;<\/td><td>Gertrud<\/td><td>7<\/td><td>&nbsp;<\/td><\/tr><tr><td>in Rockholts Brock<\/td><td>Theodor<\/td><td>9<\/td><td>\u00bd<\/td><\/tr><tr><td>&nbsp;<\/td><td>Johannes<\/td><td>5<\/td><td>&nbsp;<\/td><\/tr><tr><td>Umberg<\/td><td>Theodor<\/td><td>13<\/td><td>&nbsp;<\/td><\/tr><tr><td>Hagemann<\/td><td>Maria<\/td><td>9<\/td><td>&nbsp;<\/td><\/tr><tr><td>&nbsp;<\/td><td>Johannes<\/td><td>7<\/td><td>&nbsp;<\/td><\/tr><tr><td>Rommeswinkel genannt Stoffers<\/td><td>Theodor<\/td><td>13<\/td><td>\u00bc<\/td><\/tr><tr><td><\/td><td>Henrich<\/td><td>12<\/td><td>&nbsp;<\/td><\/tr><tr><td>&nbsp;<\/td><td>Anna Kath.<\/td><td>10<\/td><td>&nbsp;<\/td><\/tr><tr><td>&nbsp;<\/td><td>Johannes<\/td><td>8<\/td><td>&nbsp;<\/td><\/tr><tr><td>Pl\u00fcmer in H\u00fclskes Kamp<\/td><td>Anna Maria<\/td><td>6<\/td><td>\u00bd<\/td><\/tr><tr><td>Engbers<\/td><td>Anna Kath.<\/td><td>13<\/td><td>&nbsp;<\/td><\/tr><tr><td>&nbsp;<\/td><td>Theodor<\/td><td>9<\/td><td>&nbsp;<\/td><\/tr><tr><td>Op dem Wall<\/td><td>Johannes<\/td><td>10<\/td><td>&nbsp;<\/td><\/tr><tr><td>&nbsp;<\/td><td>Elisabeth<\/td><td>8<\/td><td>&nbsp;<\/td><\/tr><tr><td>Tenten<\/td><td>Anna Mar.<\/td><td>13<\/td><td>&nbsp;<\/td><\/tr><tr><td>&nbsp;<\/td><td>Angela<\/td><td>10<\/td><td>&nbsp;<\/td><\/tr><tr><td>&nbsp;<\/td><td>Alexander<\/td><td>9<\/td><td>&nbsp;<\/td><\/tr><tr><td>&nbsp;<\/td><td>Theodor<\/td><td>7<\/td><td>&nbsp;<\/td><\/tr><tr><td>Baukholt<\/td><td>Georg<\/td><td>11<\/td><td>\u00bc<\/td><\/tr><tr><td>Bu\u00dfmann<\/td><td>Theodor<\/td><td>10<\/td><td>&nbsp;<\/td><\/tr><tr><td>In Bu\u00dfmanns Kamp<\/td><td>Klemens<\/td><td>12<\/td><td>&nbsp;<\/td><\/tr><tr><td>&nbsp;<\/td><td>Johannes<\/td><td>10<\/td><td>&nbsp;<\/td><\/tr><tr><td>Erlekotte<\/td><td>Susanna<\/td><td>8<\/td><td>\u00bc<\/td><\/tr><tr><td>&nbsp;<\/td><td>Sa.<\/td><td>114<\/td><td>&nbsp;<\/td><\/tr><\/tbody><\/table><\/figure>\n","protected":false},"excerpt":{"rendered":"<p>Bauerschaft Feldhausen Namen des Hauses Namen des Kindes Alter Entfernung zur Schule Schmit Franz 9 in u. nahe bey Feldhausen &nbsp; Bernard 7 &nbsp; K\u00fcster &hellip; <\/p>\n","protected":false},"author":1,"featured_media":0,"parent":0,"menu_order":0,"comment_status":"closed","ping_status":"closed","template":"","meta":{"_acf_changed":false,"footnotes":""},"class_list":["post-22591","page","type-page","status-publish","hentry"],"acf":[],"jetpack_sharing_enabled":true,"_links":{"self":[{"href":"https:\/\/historisches-kirchhellen.de\/index.php?rest_route=\/wp\/v2\/pages\/22591","targetHints":{"allow":["GET"]}}],"collection":[{"href":"https:\/\/historisches-kirchhellen.de\/index.php?rest_route=\/wp\/v2\/pages"}],"about":[{"href":"https:\/\/historisches-kirchhellen.de\/index.php?rest_route=\/wp\/v2\/types\/page"}],"author":[{"embeddable":true,"href":"https:\/\/historisches-kirchhellen.de\/index.php?rest_route=\/wp\/v2\/users\/1"}],"replies":[{"embeddable":true,"href":"https:\/\/historisches-kirchhellen.de\/index.php?rest_route=%2Fwp%2Fv2%2Fcomments&post=22591"}],"version-history":[{"count":2,"href":"https:\/\/historisches-kirchhellen.de\/index.php?rest_route=\/wp\/v2\/pages\/22591\/revisions"}],"predecessor-version":[{"id":22593,"href":"https:\/\/historisches-kirchhellen.de\/index.php?rest_route=\/wp\/v2\/pages\/22591\/revisions\/22593"}],"wp:attachment":[{"href":"https:\/\/historisches-kirchhellen.de\/index.php?rest_route=%2Fwp%2Fv2%2Fmedia&parent=22591"}],"curies":[{"name":"wp","href":"https:\/\/api.w.org\/{rel}","templated":true}]}}