{"id":22625,"date":"2023-11-24T00:46:18","date_gmt":"2023-11-23T22:46:18","guid":{"rendered":"https:\/\/historisches-kirchhellen.de\/?page_id=22625"},"modified":"2023-11-24T00:46:20","modified_gmt":"2023-11-23T22:46:20","slug":"die-kleine-aeltere-vogteirolle-der-grafen-von-isenberg-altena-vor-1220","status":"publish","type":"page","link":"https:\/\/historisches-kirchhellen.de\/?page_id=22625","title":{"rendered":"Die kleine, \u00e4ltere Vogteirolle der Grafen von Isenberg-Altena (vor 1220)"},"content":{"rendered":"\n<p class=\"has-text-align-justify\">Friedrich Graf von Isenberg-Altena war Vogt des Stifts Essen. Er sah sich als rechtm\u00e4\u00dfiger Besitzer der dem Stift unterstellten Curien und Hilfe an und lie\u00df zur Sicherung und Wahrung seiner vermeintlichen Rechte vor 1220 eine Liste der Curien und Orte (H\u00f6fe) anfertigen. Diese ist als die \u201ekleine, \u00e4ltere Vogteirolle\u201c bekannt. In dieser Liste sind eine Reihe von Namen ersichtlich, die \u2013 teils wahrscheinlich, teilt sicher \u2013 H\u00f6fe Kirchhellens waren. So werden u. a. genannt unter<\/p>\n\n\n\n<p>(8.) 4. Curia Hurle<br>(\u2026), Brachtbeke 1 <em>(Brabeck)<\/em>, (\u2026), Holthusen 1 <em>(Holthausen)<\/em>, (\u2026)<\/p>\n\n\n\n<p>(9.) 5. Curia Nienhusen<br>(\u2026), Nachvort 1 <em>(Hackfurth)<\/em>, (\u2026)<\/p>\n\n\n\n<p>(16.) 10. Nunninchove<br>(\u2026) Beke 1 <em>(Beck)<\/em>, (\u2026), Velthusen 1 <em>(Feldhausen)<\/em>, (\u2026), Brachtbeke 1 <em>(Brabeck)<\/em>, (\u2026)<\/p>\n\n\n\n<p>(23.) 16. Curia Ringelincdorp<br>(\u2026) Holthusen 1 <em>(Holthausen)<\/em>, Brachtbeke 1 <em>(Brabeck)<\/em>, Deffete 1 <em>(Deffte)<\/em>, Oppen Lare 1 <em>(Laarmann)<\/em>, Rikensvort 1 <em>(Rexforth)<\/em>, Rechte 1 <em>(Rechmann)<\/em>, Ecgincdorp 1 <em>(Eggendorf)<\/em>, Hage 1 <em>(Hagemann)<\/em>, (\u2026), Bettenbucholt 1 <em>(Vettenbocholt)<\/em>, (\u2026)<\/p>\n","protected":false},"excerpt":{"rendered":"<p>Friedrich Graf von Isenberg-Altena war Vogt des Stifts Essen. Er sah sich als rechtm\u00e4\u00dfiger Besitzer der dem Stift unterstellten Curien und Hilfe an und lie\u00df &hellip; <\/p>\n","protected":false},"author":1,"featured_media":0,"parent":0,"menu_order":0,"comment_status":"closed","ping_status":"closed","template":"","meta":{"_acf_changed":false,"footnotes":""},"class_list":["post-22625","page","type-page","status-publish","hentry"],"acf":[],"jetpack_sharing_enabled":true,"_links":{"self":[{"href":"https:\/\/historisches-kirchhellen.de\/index.php?rest_route=\/wp\/v2\/pages\/22625","targetHints":{"allow":["GET"]}}],"collection":[{"href":"https:\/\/historisches-kirchhellen.de\/index.php?rest_route=\/wp\/v2\/pages"}],"about":[{"href":"https:\/\/historisches-kirchhellen.de\/index.php?rest_route=\/wp\/v2\/types\/page"}],"author":[{"embeddable":true,"href":"https:\/\/historisches-kirchhellen.de\/index.php?rest_route=\/wp\/v2\/users\/1"}],"replies":[{"embeddable":true,"href":"https:\/\/historisches-kirchhellen.de\/index.php?rest_route=%2Fwp%2Fv2%2Fcomments&post=22625"}],"version-history":[{"count":2,"href":"https:\/\/historisches-kirchhellen.de\/index.php?rest_route=\/wp\/v2\/pages\/22625\/revisions"}],"predecessor-version":[{"id":22627,"href":"https:\/\/historisches-kirchhellen.de\/index.php?rest_route=\/wp\/v2\/pages\/22625\/revisions\/22627"}],"wp:attachment":[{"href":"https:\/\/historisches-kirchhellen.de\/index.php?rest_route=%2Fwp%2Fv2%2Fmedia&parent=22625"}],"curies":[{"name":"wp","href":"https:\/\/api.w.org\/{rel}","templated":true}]}}