{"id":232,"date":"2019-05-15T19:00:18","date_gmt":"2019-05-15T19:00:18","guid":{"rendered":"http:\/\/historisches-kirchhellen.de\/?page_id=232"},"modified":"2019-05-15T19:00:18","modified_gmt":"2019-05-15T19:00:18","slug":"schnepfenweg","status":"publish","type":"page","link":"https:\/\/historisches-kirchhellen.de\/?page_id=232","title":{"rendered":"Schnepfenweg"},"content":{"rendered":"\n<p>Dieser Weg f\u00fchrt durch den Burenbrock, einem fr\u00fcheren Eldorado der&nbsp;Schnepfen, die hier das ihnen besonders zusagende Biotop fanden.&nbsp;Schnepfen geh\u00f6ren zur Gruppe der Schnepfenv\u00f6gel mit langem, gebogenem Schnabel, der bei der Nahrungssuche in den weichen Sumpfboden gebohrt wird.&nbsp;In Mitteleuropa leben die Bekassine, die Sumpfschnepfe und die Waldschnepfe. Ihr Winterquartier beziehen sie in den Mittelmeerl\u00e4ndern.&nbsp;Zur Schnepfenjagd kannten die J\u00e4ger diese alte Jagdregel:<\/p>\n\n\n\n<p><em>Reminiscere<\/em>&nbsp;&#8211; putzt die Gewehre! 5. Sonntag vor Ostern<br><em>Oculi&nbsp;<\/em>&#8211; da kommen sie! 4. Sonntag vor Ostern<br><em>L\u00e4tare&nbsp;<\/em>&#8211; das ist das Wahre! 3. Sonntag vor Ostern<br><em>judica&nbsp;<\/em>&#8211; sie sind noch da! 2. Sonntag vor Ostern<br><em>Palmarum&nbsp;<\/em>&#8211; trallarum! Palmsonntag<br><em>Quasi modo geniti<\/em>&nbsp;&#8211; Halt, J\u00e4ger, halt! Jetzt br\u00fcten sie! 1. Sonntag nach Ostern<\/p>\n","protected":false},"excerpt":{"rendered":"<p>Dieser Weg f\u00fchrt durch den Burenbrock, einem fr\u00fcheren Eldorado der&nbsp;Schnepfen, die hier das ihnen besonders zusagende Biotop fanden.&nbsp;Schnepfen geh\u00f6ren zur Gruppe der Schnepfenv\u00f6gel mit langem, &hellip; <\/p>\n","protected":false},"author":1,"featured_media":0,"parent":123,"menu_order":235,"comment_status":"closed","ping_status":"closed","template":"","meta":{"_acf_changed":false,"footnotes":""},"class_list":["post-232","page","type-page","status-publish","hentry"],"acf":[],"jetpack_sharing_enabled":true,"_links":{"self":[{"href":"https:\/\/historisches-kirchhellen.de\/index.php?rest_route=\/wp\/v2\/pages\/232","targetHints":{"allow":["GET"]}}],"collection":[{"href":"https:\/\/historisches-kirchhellen.de\/index.php?rest_route=\/wp\/v2\/pages"}],"about":[{"href":"https:\/\/historisches-kirchhellen.de\/index.php?rest_route=\/wp\/v2\/types\/page"}],"author":[{"embeddable":true,"href":"https:\/\/historisches-kirchhellen.de\/index.php?rest_route=\/wp\/v2\/users\/1"}],"replies":[{"embeddable":true,"href":"https:\/\/historisches-kirchhellen.de\/index.php?rest_route=%2Fwp%2Fv2%2Fcomments&post=232"}],"version-history":[{"count":0,"href":"https:\/\/historisches-kirchhellen.de\/index.php?rest_route=\/wp\/v2\/pages\/232\/revisions"}],"up":[{"embeddable":true,"href":"https:\/\/historisches-kirchhellen.de\/index.php?rest_route=\/wp\/v2\/pages\/123"}],"wp:attachment":[{"href":"https:\/\/historisches-kirchhellen.de\/index.php?rest_route=%2Fwp%2Fv2%2Fmedia&parent=232"}],"curies":[{"name":"wp","href":"https:\/\/api.w.org\/{rel}","templated":true}]}}