{"id":234,"date":"2019-05-15T19:00:36","date_gmt":"2019-05-15T19:00:36","guid":{"rendered":"http:\/\/historisches-kirchhellen.de\/?page_id=234"},"modified":"2019-05-18T12:36:32","modified_gmt":"2019-05-18T12:36:32","slug":"schueltingstrasse","status":"publish","type":"page","link":"https:\/\/historisches-kirchhellen.de\/?page_id=234","title":{"rendered":"Sch\u00fcltingstra\u00dfe"},"content":{"rendered":"\n<p>Die Sch\u00fcltingstra\u00dfe liegt im Wohngebiet zwischen <a href=\"http:\/\/historisches-kirchhellen.de\/?page_id=467\">Feldstra\u00dfe<\/a> und \u201e<a href=\"http:\/\/historisches-kirchhellen.de\/?page_id=603\">Am&nbsp;Pastors Busch<\/a>\u201c.<\/p>\n\n\n\n<p>Benannt ist sie nach Anton Sch\u00fclting, der von 1932 bis 1937 Pfarrer der Johannespfarre war.\n\n<\/p>\n\n\n\n<div class=\"wp-block-image\"><figure class=\"aligncenter is-resized\"><a href=\"http:\/\/historisches-kirchhellen.de\/wp-content\/uploads\/2019\/05\/00460-Sch\u00fclting-Pfarrer.jpg\"><img loading=\"lazy\" decoding=\"async\" src=\"http:\/\/historisches-kirchhellen.de\/wp-content\/uploads\/2019\/05\/00460-Sch\u00fclting-Pfarrer-786x1024.jpg\" alt=\"\" class=\"wp-image-729\" width=\"389\" height=\"506\" srcset=\"https:\/\/historisches-kirchhellen.de\/wp-content\/uploads\/2019\/05\/00460-Sch\u00fclting-Pfarrer-786x1024.jpg 786w, https:\/\/historisches-kirchhellen.de\/wp-content\/uploads\/2019\/05\/00460-Sch\u00fclting-Pfarrer-230x300.jpg 230w, https:\/\/historisches-kirchhellen.de\/wp-content\/uploads\/2019\/05\/00460-Sch\u00fclting-Pfarrer-768x1001.jpg 768w, https:\/\/historisches-kirchhellen.de\/wp-content\/uploads\/2019\/05\/00460-Sch\u00fclting-Pfarrer.jpg 1249w\" sizes=\"auto, (max-width: 389px) 100vw, 389px\" \/><\/a><figcaption>Anton Sch\u00fclting (1877-1937)<\/figcaption><\/figure><\/div>\n","protected":false},"excerpt":{"rendered":"<p>Die Sch\u00fcltingstra\u00dfe liegt im Wohngebiet zwischen Feldstra\u00dfe und \u201eAm&nbsp;Pastors Busch\u201c. Benannt ist sie nach Anton Sch\u00fclting, der von 1932 bis 1937 Pfarrer der Johannespfarre war.<\/p>\n","protected":false},"author":1,"featured_media":0,"parent":123,"menu_order":237,"comment_status":"closed","ping_status":"closed","template":"","meta":{"_acf_changed":false,"footnotes":""},"class_list":["post-234","page","type-page","status-publish","hentry"],"acf":[],"jetpack_sharing_enabled":true,"_links":{"self":[{"href":"https:\/\/historisches-kirchhellen.de\/index.php?rest_route=\/wp\/v2\/pages\/234","targetHints":{"allow":["GET"]}}],"collection":[{"href":"https:\/\/historisches-kirchhellen.de\/index.php?rest_route=\/wp\/v2\/pages"}],"about":[{"href":"https:\/\/historisches-kirchhellen.de\/index.php?rest_route=\/wp\/v2\/types\/page"}],"author":[{"embeddable":true,"href":"https:\/\/historisches-kirchhellen.de\/index.php?rest_route=\/wp\/v2\/users\/1"}],"replies":[{"embeddable":true,"href":"https:\/\/historisches-kirchhellen.de\/index.php?rest_route=%2Fwp%2Fv2%2Fcomments&post=234"}],"version-history":[{"count":0,"href":"https:\/\/historisches-kirchhellen.de\/index.php?rest_route=\/wp\/v2\/pages\/234\/revisions"}],"up":[{"embeddable":true,"href":"https:\/\/historisches-kirchhellen.de\/index.php?rest_route=\/wp\/v2\/pages\/123"}],"wp:attachment":[{"href":"https:\/\/historisches-kirchhellen.de\/index.php?rest_route=%2Fwp%2Fv2%2Fmedia&parent=234"}],"curies":[{"name":"wp","href":"https:\/\/api.w.org\/{rel}","templated":true}]}}