{"id":236,"date":"2019-05-15T19:01:53","date_gmt":"2019-05-15T19:01:53","guid":{"rendered":"http:\/\/historisches-kirchhellen.de\/?page_id=236"},"modified":"2019-05-15T19:01:53","modified_gmt":"2019-05-15T19:01:53","slug":"schuerbrink","status":"publish","type":"page","link":"https:\/\/historisches-kirchhellen.de\/?page_id=236","title":{"rendered":"Sch\u00fcrbrink"},"content":{"rendered":"\n<p>Der Sch\u00fcrbrink verbindet <a href=\"http:\/\/historisches-kirchhellen.de\/?page_id=199\">Utschlagstra\u00dfe<\/a> mit Holthausener Stra\u00dfe.<\/p>\n\n\n\n<p>\u201eSch\u00fcr-\u201c (skur) ist ein verklungenes, vorgeschichtliches Wort f\u00fcr Wasser.&nbsp;So gibt es noch den Sch\u00fcrenbruch im Siegerland den Sch\u00fcrenbusch in Feldhausen, Sch\u00fcren bei Meschede und Dortmund u. a.&nbsp;<\/p>\n\n\n\n<p>\u201eBrink\u201c ist die Anh\u00f6he, sie erhielt wie der Reckelsberg den Namen von&nbsp;dem dazugeh\u00f6rigen Wasser (Schwarzbach &#8211; Wiesentalbach)(idg. \u201ebhreng\u201c&nbsp;= das Hochstehende = H\u00fcgel).\n\n<\/p>\n","protected":false},"excerpt":{"rendered":"<p>Der Sch\u00fcrbrink verbindet Utschlagstra\u00dfe mit Holthausener Stra\u00dfe. \u201eSch\u00fcr-\u201c (skur) ist ein verklungenes, vorgeschichtliches Wort f\u00fcr Wasser.&nbsp;So gibt es noch den Sch\u00fcrenbruch im Siegerland den Sch\u00fcrenbusch &hellip; <\/p>\n","protected":false},"author":1,"featured_media":0,"parent":123,"menu_order":239,"comment_status":"closed","ping_status":"closed","template":"","meta":{"_acf_changed":false,"footnotes":""},"class_list":["post-236","page","type-page","status-publish","hentry"],"acf":[],"jetpack_sharing_enabled":true,"_links":{"self":[{"href":"https:\/\/historisches-kirchhellen.de\/index.php?rest_route=\/wp\/v2\/pages\/236","targetHints":{"allow":["GET"]}}],"collection":[{"href":"https:\/\/historisches-kirchhellen.de\/index.php?rest_route=\/wp\/v2\/pages"}],"about":[{"href":"https:\/\/historisches-kirchhellen.de\/index.php?rest_route=\/wp\/v2\/types\/page"}],"author":[{"embeddable":true,"href":"https:\/\/historisches-kirchhellen.de\/index.php?rest_route=\/wp\/v2\/users\/1"}],"replies":[{"embeddable":true,"href":"https:\/\/historisches-kirchhellen.de\/index.php?rest_route=%2Fwp%2Fv2%2Fcomments&post=236"}],"version-history":[{"count":0,"href":"https:\/\/historisches-kirchhellen.de\/index.php?rest_route=\/wp\/v2\/pages\/236\/revisions"}],"up":[{"embeddable":true,"href":"https:\/\/historisches-kirchhellen.de\/index.php?rest_route=\/wp\/v2\/pages\/123"}],"wp:attachment":[{"href":"https:\/\/historisches-kirchhellen.de\/index.php?rest_route=%2Fwp%2Fv2%2Fmedia&parent=236"}],"curies":[{"name":"wp","href":"https:\/\/api.w.org\/{rel}","templated":true}]}}