{"id":238,"date":"2019-05-15T19:02:20","date_gmt":"2019-05-15T19:02:20","guid":{"rendered":"http:\/\/historisches-kirchhellen.de\/?page_id=238"},"modified":"2019-05-15T19:02:20","modified_gmt":"2019-05-15T19:02:20","slug":"schuhmacherstrasse","status":"publish","type":"page","link":"https:\/\/historisches-kirchhellen.de\/?page_id=238","title":{"rendered":"Schuhmacherstra\u00dfe"},"content":{"rendered":"\n<p>Diese Stra\u00dfe befindet sich ebenfalls im \u201eHandwerkerviertel\u201c Grafenwalds zwischen T\u00f6pferstra\u00dfe und Friedenstra\u00dfe.<\/p>\n\n\n\n<p>Der Beruf der Schuhmacher ist infolge industrieller Schuhfertigung fast v\u00f6llig ausgestorben; er beschr\u00e4nkt sich heute haupts\u00e4chlich auf die Anfertigung von Ma\u00dfschuhwerk (orthop\u00e4dische Schuhe) und die Schuhreparatur.\n\n<\/p>\n","protected":false},"excerpt":{"rendered":"<p>Diese Stra\u00dfe befindet sich ebenfalls im \u201eHandwerkerviertel\u201c Grafenwalds zwischen T\u00f6pferstra\u00dfe und Friedenstra\u00dfe. Der Beruf der Schuhmacher ist infolge industrieller Schuhfertigung fast v\u00f6llig ausgestorben; er beschr\u00e4nkt &hellip; <\/p>\n","protected":false},"author":1,"featured_media":0,"parent":123,"menu_order":244,"comment_status":"closed","ping_status":"closed","template":"","meta":{"_acf_changed":false,"footnotes":""},"class_list":["post-238","page","type-page","status-publish","hentry"],"acf":[],"jetpack_sharing_enabled":true,"_links":{"self":[{"href":"https:\/\/historisches-kirchhellen.de\/index.php?rest_route=\/wp\/v2\/pages\/238","targetHints":{"allow":["GET"]}}],"collection":[{"href":"https:\/\/historisches-kirchhellen.de\/index.php?rest_route=\/wp\/v2\/pages"}],"about":[{"href":"https:\/\/historisches-kirchhellen.de\/index.php?rest_route=\/wp\/v2\/types\/page"}],"author":[{"embeddable":true,"href":"https:\/\/historisches-kirchhellen.de\/index.php?rest_route=\/wp\/v2\/users\/1"}],"replies":[{"embeddable":true,"href":"https:\/\/historisches-kirchhellen.de\/index.php?rest_route=%2Fwp%2Fv2%2Fcomments&post=238"}],"version-history":[{"count":0,"href":"https:\/\/historisches-kirchhellen.de\/index.php?rest_route=\/wp\/v2\/pages\/238\/revisions"}],"up":[{"embeddable":true,"href":"https:\/\/historisches-kirchhellen.de\/index.php?rest_route=\/wp\/v2\/pages\/123"}],"wp:attachment":[{"href":"https:\/\/historisches-kirchhellen.de\/index.php?rest_route=%2Fwp%2Fv2%2Fmedia&parent=238"}],"curies":[{"name":"wp","href":"https:\/\/api.w.org\/{rel}","templated":true}]}}