{"id":240,"date":"2019-05-15T19:02:48","date_gmt":"2019-05-15T19:02:48","guid":{"rendered":"http:\/\/historisches-kirchhellen.de\/?page_id=240"},"modified":"2019-05-15T19:02:48","modified_gmt":"2019-05-15T19:02:48","slug":"schulstrasse","status":"publish","type":"page","link":"https:\/\/historisches-kirchhellen.de\/?page_id=240","title":{"rendered":"Schulstra\u00dfe"},"content":{"rendered":"\n<p>Die Schulstra\u00dfe beginnt an der Hauptstra\u00dfe, kreuzt die Kirchstra\u00dfe, den Kirchhellener Ring, die Pelsstra\u00dfe und m\u00fcndet am Berliner Berg in die M\u00fcnsterstra\u00dfe.<\/p>\n\n\n\n<p>An dieser Stra\u00dfe lag die im Jahre 1820 erbaute &#8222;Alte Schule&#8220; und auch die &#8222;Neue Schule&#8220;, worin heute das Vestische Gymnasium untergebracht ist.<\/p>\n","protected":false},"excerpt":{"rendered":"<p>Die Schulstra\u00dfe beginnt an der Hauptstra\u00dfe, kreuzt die Kirchstra\u00dfe, den Kirchhellener Ring, die Pelsstra\u00dfe und m\u00fcndet am Berliner Berg in die M\u00fcnsterstra\u00dfe. An dieser Stra\u00dfe &hellip; <\/p>\n","protected":false},"author":1,"featured_media":0,"parent":123,"menu_order":243,"comment_status":"closed","ping_status":"closed","template":"","meta":{"_acf_changed":false,"footnotes":""},"class_list":["post-240","page","type-page","status-publish","hentry"],"acf":[],"jetpack_sharing_enabled":true,"_links":{"self":[{"href":"https:\/\/historisches-kirchhellen.de\/index.php?rest_route=\/wp\/v2\/pages\/240","targetHints":{"allow":["GET"]}}],"collection":[{"href":"https:\/\/historisches-kirchhellen.de\/index.php?rest_route=\/wp\/v2\/pages"}],"about":[{"href":"https:\/\/historisches-kirchhellen.de\/index.php?rest_route=\/wp\/v2\/types\/page"}],"author":[{"embeddable":true,"href":"https:\/\/historisches-kirchhellen.de\/index.php?rest_route=\/wp\/v2\/users\/1"}],"replies":[{"embeddable":true,"href":"https:\/\/historisches-kirchhellen.de\/index.php?rest_route=%2Fwp%2Fv2%2Fcomments&post=240"}],"version-history":[{"count":0,"href":"https:\/\/historisches-kirchhellen.de\/index.php?rest_route=\/wp\/v2\/pages\/240\/revisions"}],"up":[{"embeddable":true,"href":"https:\/\/historisches-kirchhellen.de\/index.php?rest_route=\/wp\/v2\/pages\/123"}],"wp:attachment":[{"href":"https:\/\/historisches-kirchhellen.de\/index.php?rest_route=%2Fwp%2Fv2%2Fmedia&parent=240"}],"curies":[{"name":"wp","href":"https:\/\/api.w.org\/{rel}","templated":true}]}}