{"id":244,"date":"2019-05-15T19:03:28","date_gmt":"2019-05-15T19:03:28","guid":{"rendered":"http:\/\/historisches-kirchhellen.de\/?page_id=244"},"modified":"2019-05-15T19:03:28","modified_gmt":"2019-05-15T19:03:28","slug":"schulze-delitzsch-strasse","status":"publish","type":"page","link":"https:\/\/historisches-kirchhellen.de\/?page_id=244","title":{"rendered":"Schulze-Delitzsch-Stra\u00dfe"},"content":{"rendered":"\n<p>Die Schulze-Delitzsch-Stra\u00dfe verl\u00e4uft als Umgehung f\u00fcr den Ortskern Kirchhellens von der Oberhofstra\u00dfe zur Hauptstra\u00dfe.<\/p>\n\n\n\n<p>Hermann Schulze-Delitzsch, geboren 1808, gestorben 1883, war ein deutscher Politiker und einer der Begr\u00fcnder des Genossenschaftswesens.<\/p>\n","protected":false},"excerpt":{"rendered":"<p>Die Schulze-Delitzsch-Stra\u00dfe verl\u00e4uft als Umgehung f\u00fcr den Ortskern Kirchhellens von der Oberhofstra\u00dfe zur Hauptstra\u00dfe. Hermann Schulze-Delitzsch, geboren 1808, gestorben 1883, war ein deutscher Politiker und &hellip; <\/p>\n","protected":false},"author":1,"featured_media":0,"parent":123,"menu_order":247,"comment_status":"closed","ping_status":"closed","template":"","meta":{"_acf_changed":false,"footnotes":""},"class_list":["post-244","page","type-page","status-publish","hentry"],"acf":[],"jetpack_sharing_enabled":true,"_links":{"self":[{"href":"https:\/\/historisches-kirchhellen.de\/index.php?rest_route=\/wp\/v2\/pages\/244","targetHints":{"allow":["GET"]}}],"collection":[{"href":"https:\/\/historisches-kirchhellen.de\/index.php?rest_route=\/wp\/v2\/pages"}],"about":[{"href":"https:\/\/historisches-kirchhellen.de\/index.php?rest_route=\/wp\/v2\/types\/page"}],"author":[{"embeddable":true,"href":"https:\/\/historisches-kirchhellen.de\/index.php?rest_route=\/wp\/v2\/users\/1"}],"replies":[{"embeddable":true,"href":"https:\/\/historisches-kirchhellen.de\/index.php?rest_route=%2Fwp%2Fv2%2Fcomments&post=244"}],"version-history":[{"count":0,"href":"https:\/\/historisches-kirchhellen.de\/index.php?rest_route=\/wp\/v2\/pages\/244\/revisions"}],"up":[{"embeddable":true,"href":"https:\/\/historisches-kirchhellen.de\/index.php?rest_route=\/wp\/v2\/pages\/123"}],"wp:attachment":[{"href":"https:\/\/historisches-kirchhellen.de\/index.php?rest_route=%2Fwp%2Fv2%2Fmedia&parent=244"}],"curies":[{"name":"wp","href":"https:\/\/api.w.org\/{rel}","templated":true}]}}