{"id":248,"date":"2019-05-15T19:04:47","date_gmt":"2019-05-15T19:04:47","guid":{"rendered":"http:\/\/historisches-kirchhellen.de\/?page_id=248"},"modified":"2019-05-15T19:04:47","modified_gmt":"2019-05-15T19:04:47","slug":"schwarzbachtal","status":"publish","type":"page","link":"https:\/\/historisches-kirchhellen.de\/?page_id=248","title":{"rendered":"Schwarzbachtal"},"content":{"rendered":"\n<p> Der Weg l\u00e4uft von der Hiesfelder Stra\u00dfe in Richtung Heidhof, \u00fcberquert den Bach gleichen Namens und ist dann bereits auf Dinslakener Gebiet. Er ist kein Verkehrsweg im \u00fcblichen Sinne, sondern wurde als Spazierweg vom\u00a0RVR (Regionalverband Ruhr) in dem dortigen Naherholungsgebiet ausgebaut.<\/p>\n","protected":false},"excerpt":{"rendered":"<p>Der Weg l\u00e4uft von der Hiesfelder Stra\u00dfe in Richtung Heidhof, \u00fcberquert den Bach gleichen Namens und ist dann bereits auf Dinslakener Gebiet. Er ist kein &hellip; <\/p>\n","protected":false},"author":1,"featured_media":0,"parent":123,"menu_order":251,"comment_status":"closed","ping_status":"closed","template":"","meta":{"_acf_changed":false,"footnotes":""},"class_list":["post-248","page","type-page","status-publish","hentry"],"acf":[],"jetpack_sharing_enabled":true,"_links":{"self":[{"href":"https:\/\/historisches-kirchhellen.de\/index.php?rest_route=\/wp\/v2\/pages\/248","targetHints":{"allow":["GET"]}}],"collection":[{"href":"https:\/\/historisches-kirchhellen.de\/index.php?rest_route=\/wp\/v2\/pages"}],"about":[{"href":"https:\/\/historisches-kirchhellen.de\/index.php?rest_route=\/wp\/v2\/types\/page"}],"author":[{"embeddable":true,"href":"https:\/\/historisches-kirchhellen.de\/index.php?rest_route=\/wp\/v2\/users\/1"}],"replies":[{"embeddable":true,"href":"https:\/\/historisches-kirchhellen.de\/index.php?rest_route=%2Fwp%2Fv2%2Fcomments&post=248"}],"version-history":[{"count":0,"href":"https:\/\/historisches-kirchhellen.de\/index.php?rest_route=\/wp\/v2\/pages\/248\/revisions"}],"up":[{"embeddable":true,"href":"https:\/\/historisches-kirchhellen.de\/index.php?rest_route=\/wp\/v2\/pages\/123"}],"wp:attachment":[{"href":"https:\/\/historisches-kirchhellen.de\/index.php?rest_route=%2Fwp%2Fv2%2Fmedia&parent=248"}],"curies":[{"name":"wp","href":"https:\/\/api.w.org\/{rel}","templated":true}]}}