{"id":250,"date":"2019-05-15T19:06:05","date_gmt":"2019-05-15T19:06:05","guid":{"rendered":"http:\/\/historisches-kirchhellen.de\/?page_id=250"},"modified":"2019-05-15T19:06:05","modified_gmt":"2019-05-15T19:06:05","slug":"senheimer-strasse","status":"publish","type":"page","link":"https:\/\/historisches-kirchhellen.de\/?page_id=250","title":{"rendered":"Senheimer Stra\u00dfe"},"content":{"rendered":"\n<p>Die Senheimer Stra\u00dfe ist eine kurze Stichstra\u00dfe \u00f6stlich des alten Kirchplatzes. Benannt wurde sie nach dem Moselweinort Senheim. Die Gemeinde musste im Jahre 1935 mit diesem Ort eine Zwangspatenschaft eingehen, von den Nazis verordnet zur Hebung des Weinumsatzes, die sich nach dem Krieg aber zu einer echten Patenschaft entwickelte. Senheim besitzt \u00fcbrigens bereits seit 1935 eine Kirchhellener Stra\u00dfe. <\/p>\n\n\n\n<p>Bis zum Zusammenschluss Kirchhellens mit Bottrop trug die Stra\u00dfe den Namen &#8222;Bogenstra\u00dfe&#8220;. Da es in Bottrop bereits eine Bogenstra\u00dfe gab, wurde die Stra\u00dfe umbenannt.<\/p>\n","protected":false},"excerpt":{"rendered":"<p>Die Senheimer Stra\u00dfe ist eine kurze Stichstra\u00dfe \u00f6stlich des alten Kirchplatzes. Benannt wurde sie nach dem Moselweinort Senheim. Die Gemeinde musste im Jahre 1935 mit &hellip; <\/p>\n","protected":false},"author":1,"featured_media":0,"parent":123,"menu_order":253,"comment_status":"closed","ping_status":"closed","template":"","meta":{"_acf_changed":false,"footnotes":""},"class_list":["post-250","page","type-page","status-publish","hentry"],"acf":[],"jetpack_sharing_enabled":true,"_links":{"self":[{"href":"https:\/\/historisches-kirchhellen.de\/index.php?rest_route=\/wp\/v2\/pages\/250","targetHints":{"allow":["GET"]}}],"collection":[{"href":"https:\/\/historisches-kirchhellen.de\/index.php?rest_route=\/wp\/v2\/pages"}],"about":[{"href":"https:\/\/historisches-kirchhellen.de\/index.php?rest_route=\/wp\/v2\/types\/page"}],"author":[{"embeddable":true,"href":"https:\/\/historisches-kirchhellen.de\/index.php?rest_route=\/wp\/v2\/users\/1"}],"replies":[{"embeddable":true,"href":"https:\/\/historisches-kirchhellen.de\/index.php?rest_route=%2Fwp%2Fv2%2Fcomments&post=250"}],"version-history":[{"count":0,"href":"https:\/\/historisches-kirchhellen.de\/index.php?rest_route=\/wp\/v2\/pages\/250\/revisions"}],"up":[{"embeddable":true,"href":"https:\/\/historisches-kirchhellen.de\/index.php?rest_route=\/wp\/v2\/pages\/123"}],"wp:attachment":[{"href":"https:\/\/historisches-kirchhellen.de\/index.php?rest_route=%2Fwp%2Fv2%2Fmedia&parent=250"}],"curies":[{"name":"wp","href":"https:\/\/api.w.org\/{rel}","templated":true}]}}