{"id":254,"date":"2019-05-15T19:07:12","date_gmt":"2019-05-15T19:07:12","guid":{"rendered":"http:\/\/historisches-kirchhellen.de\/?page_id=254"},"modified":"2019-05-15T19:07:12","modified_gmt":"2019-05-15T19:07:12","slug":"spenglerweg","status":"publish","type":"page","link":"https:\/\/historisches-kirchhellen.de\/?page_id=254","title":{"rendered":"Spenglerweg"},"content":{"rendered":"\n<p>Der Spenglerweg ist ein Weg im \u201eHandwerkerviertel\u201c Grafenwalds. Er ist ein kurzer Stichweg s\u00fcdlich der Gerberstra\u00dfe.<\/p>\n\n\n\n<p>Spengler (von Spange) ist der bei uns nicht gebr\u00e4uchliche Name f\u00fcr\u00a0Klempner. <\/p>\n","protected":false},"excerpt":{"rendered":"<p>Der Spenglerweg ist ein Weg im \u201eHandwerkerviertel\u201c Grafenwalds. Er ist ein kurzer Stichweg s\u00fcdlich der Gerberstra\u00dfe. Spengler (von Spange) ist der bei uns nicht gebr\u00e4uchliche &hellip; <\/p>\n","protected":false},"author":1,"featured_media":0,"parent":123,"menu_order":255,"comment_status":"closed","ping_status":"closed","template":"","meta":{"_acf_changed":false,"footnotes":""},"class_list":["post-254","page","type-page","status-publish","hentry"],"acf":[],"jetpack_sharing_enabled":true,"_links":{"self":[{"href":"https:\/\/historisches-kirchhellen.de\/index.php?rest_route=\/wp\/v2\/pages\/254","targetHints":{"allow":["GET"]}}],"collection":[{"href":"https:\/\/historisches-kirchhellen.de\/index.php?rest_route=\/wp\/v2\/pages"}],"about":[{"href":"https:\/\/historisches-kirchhellen.de\/index.php?rest_route=\/wp\/v2\/types\/page"}],"author":[{"embeddable":true,"href":"https:\/\/historisches-kirchhellen.de\/index.php?rest_route=\/wp\/v2\/users\/1"}],"replies":[{"embeddable":true,"href":"https:\/\/historisches-kirchhellen.de\/index.php?rest_route=%2Fwp%2Fv2%2Fcomments&post=254"}],"version-history":[{"count":0,"href":"https:\/\/historisches-kirchhellen.de\/index.php?rest_route=\/wp\/v2\/pages\/254\/revisions"}],"up":[{"embeddable":true,"href":"https:\/\/historisches-kirchhellen.de\/index.php?rest_route=\/wp\/v2\/pages\/123"}],"wp:attachment":[{"href":"https:\/\/historisches-kirchhellen.de\/index.php?rest_route=%2Fwp%2Fv2%2Fmedia&parent=254"}],"curies":[{"name":"wp","href":"https:\/\/api.w.org\/{rel}","templated":true}]}}