{"id":258,"date":"2019-05-15T19:08:28","date_gmt":"2019-05-15T19:08:28","guid":{"rendered":"http:\/\/historisches-kirchhellen.de\/?page_id=258"},"modified":"2019-05-15T19:08:28","modified_gmt":"2019-05-15T19:08:28","slug":"stellmacherstrasse","status":"publish","type":"page","link":"https:\/\/historisches-kirchhellen.de\/?page_id=258","title":{"rendered":"Stellmacherstra\u00dfe"},"content":{"rendered":"\n<p>Die Stellmacherstra\u00dfe liegt im \u201eHandwerkerviertel\u201c Grafenwalds. Der Stellmacher war der Handwerker, der Wagen, Schiebkarren R\u00e4der\u00a0und Gestelle herstellte. <\/p>\n\n\n\n<p>Die Stra\u00dfe verl\u00e4uft vom Brennerweg aus in n\u00f6rdliche Richtung zur <a href=\"http:\/\/historisches-kirchhellen.de\/?page_id=230\">Schneiderstra\u00dfe<\/a> hin.<\/p>\n","protected":false},"excerpt":{"rendered":"<p>Die Stellmacherstra\u00dfe liegt im \u201eHandwerkerviertel\u201c Grafenwalds. Der Stellmacher war der Handwerker, der Wagen, Schiebkarren R\u00e4der\u00a0und Gestelle herstellte. Die Stra\u00dfe verl\u00e4uft vom Brennerweg aus in n\u00f6rdliche &hellip; <\/p>\n","protected":false},"author":1,"featured_media":0,"parent":123,"menu_order":0,"comment_status":"closed","ping_status":"closed","template":"","meta":{"_acf_changed":false,"footnotes":""},"class_list":["post-258","page","type-page","status-publish","hentry"],"acf":[],"jetpack_sharing_enabled":true,"_links":{"self":[{"href":"https:\/\/historisches-kirchhellen.de\/index.php?rest_route=\/wp\/v2\/pages\/258","targetHints":{"allow":["GET"]}}],"collection":[{"href":"https:\/\/historisches-kirchhellen.de\/index.php?rest_route=\/wp\/v2\/pages"}],"about":[{"href":"https:\/\/historisches-kirchhellen.de\/index.php?rest_route=\/wp\/v2\/types\/page"}],"author":[{"embeddable":true,"href":"https:\/\/historisches-kirchhellen.de\/index.php?rest_route=\/wp\/v2\/users\/1"}],"replies":[{"embeddable":true,"href":"https:\/\/historisches-kirchhellen.de\/index.php?rest_route=%2Fwp%2Fv2%2Fcomments&post=258"}],"version-history":[{"count":0,"href":"https:\/\/historisches-kirchhellen.de\/index.php?rest_route=\/wp\/v2\/pages\/258\/revisions"}],"up":[{"embeddable":true,"href":"https:\/\/historisches-kirchhellen.de\/index.php?rest_route=\/wp\/v2\/pages\/123"}],"wp:attachment":[{"href":"https:\/\/historisches-kirchhellen.de\/index.php?rest_route=%2Fwp%2Fv2%2Fmedia&parent=258"}],"curies":[{"name":"wp","href":"https:\/\/api.w.org\/{rel}","templated":true}]}}