{"id":260,"date":"2019-05-15T19:09:00","date_gmt":"2019-05-15T19:09:00","guid":{"rendered":"http:\/\/historisches-kirchhellen.de\/?page_id=260"},"modified":"2019-05-15T19:09:00","modified_gmt":"2019-05-15T19:09:00","slug":"packskamp","status":"publish","type":"page","link":"https:\/\/historisches-kirchhellen.de\/?page_id=260","title":{"rendered":"Packskamp"},"content":{"rendered":"\n<p>Der Packskamp l\u00e4uft von der M\u00fcnsterstra\u00dfe auf die Hofwiese oder, wenn man so will, direkt auf das Flurst\u00fcck \u201ePackskamp\u201c zu. F\u00fcr die Deutung der Silbe \u201ePack\u201c gibt es nur schwer eine Erkl\u00e4rung, es sei denn, es handelte sich hier um ein verschlissenes \u201eback\u201c, das in vielen Orts- und Gel\u00e4ndenamen als Sumpfwort best\u00e4tigt wird. Gew\u00f6hnlich liegen bei uns die K\u00e4mpe aber nicht niedrig, k\u00f6nnen also nicht sumpfig sein. Der Packs-Kamp macht aber da eine Ausnahme, denn er liegt im Quellgebiet des Breilsbaches. <\/p>\n","protected":false},"excerpt":{"rendered":"<p>Der Packskamp l\u00e4uft von der M\u00fcnsterstra\u00dfe auf die Hofwiese oder, wenn man so will, direkt auf das Flurst\u00fcck \u201ePackskamp\u201c zu. F\u00fcr die Deutung der Silbe &hellip; <\/p>\n","protected":false},"author":1,"featured_media":0,"parent":123,"menu_order":6,"comment_status":"closed","ping_status":"closed","template":"","meta":{"_acf_changed":false,"footnotes":""},"class_list":["post-260","page","type-page","status-publish","hentry"],"acf":[],"jetpack_sharing_enabled":true,"_links":{"self":[{"href":"https:\/\/historisches-kirchhellen.de\/index.php?rest_route=\/wp\/v2\/pages\/260","targetHints":{"allow":["GET"]}}],"collection":[{"href":"https:\/\/historisches-kirchhellen.de\/index.php?rest_route=\/wp\/v2\/pages"}],"about":[{"href":"https:\/\/historisches-kirchhellen.de\/index.php?rest_route=\/wp\/v2\/types\/page"}],"author":[{"embeddable":true,"href":"https:\/\/historisches-kirchhellen.de\/index.php?rest_route=\/wp\/v2\/users\/1"}],"replies":[{"embeddable":true,"href":"https:\/\/historisches-kirchhellen.de\/index.php?rest_route=%2Fwp%2Fv2%2Fcomments&post=260"}],"version-history":[{"count":0,"href":"https:\/\/historisches-kirchhellen.de\/index.php?rest_route=\/wp\/v2\/pages\/260\/revisions"}],"up":[{"embeddable":true,"href":"https:\/\/historisches-kirchhellen.de\/index.php?rest_route=\/wp\/v2\/pages\/123"}],"wp:attachment":[{"href":"https:\/\/historisches-kirchhellen.de\/index.php?rest_route=%2Fwp%2Fv2%2Fmedia&parent=260"}],"curies":[{"name":"wp","href":"https:\/\/api.w.org\/{rel}","templated":true}]}}