{"id":264,"date":"2019-05-15T19:10:30","date_gmt":"2019-05-15T19:10:30","guid":{"rendered":"http:\/\/historisches-kirchhellen.de\/?page_id=264"},"modified":"2019-05-18T19:48:53","modified_gmt":"2019-05-18T19:48:53","slug":"pastor-abel-strasse","status":"publish","type":"page","link":"https:\/\/historisches-kirchhellen.de\/?page_id=264","title":{"rendered":"Pastor-Abel-Stra\u00dfe"},"content":{"rendered":"\n<p>Die Pastor-Abel-Stra\u00dfe verl\u00e4uft in Feldhausen zwischen Kapellenstra\u00dfe und &#8222;Am Dornbusch&#8220;. <\/p>\n\n\n\n<p>Pastor Abel war Pfarrer in Feldhausen.<\/p>\n","protected":false},"excerpt":{"rendered":"<p>Die Pastor-Abel-Stra\u00dfe verl\u00e4uft in Feldhausen zwischen Kapellenstra\u00dfe und &#8222;Am Dornbusch&#8220;. Pastor Abel war Pfarrer in Feldhausen.<\/p>\n","protected":false},"author":1,"featured_media":0,"parent":123,"menu_order":11,"comment_status":"closed","ping_status":"closed","template":"","meta":{"_acf_changed":false,"footnotes":""},"class_list":["post-264","page","type-page","status-publish","hentry"],"acf":[],"jetpack_sharing_enabled":true,"_links":{"self":[{"href":"https:\/\/historisches-kirchhellen.de\/index.php?rest_route=\/wp\/v2\/pages\/264","targetHints":{"allow":["GET"]}}],"collection":[{"href":"https:\/\/historisches-kirchhellen.de\/index.php?rest_route=\/wp\/v2\/pages"}],"about":[{"href":"https:\/\/historisches-kirchhellen.de\/index.php?rest_route=\/wp\/v2\/types\/page"}],"author":[{"embeddable":true,"href":"https:\/\/historisches-kirchhellen.de\/index.php?rest_route=\/wp\/v2\/users\/1"}],"replies":[{"embeddable":true,"href":"https:\/\/historisches-kirchhellen.de\/index.php?rest_route=%2Fwp%2Fv2%2Fcomments&post=264"}],"version-history":[{"count":0,"href":"https:\/\/historisches-kirchhellen.de\/index.php?rest_route=\/wp\/v2\/pages\/264\/revisions"}],"up":[{"embeddable":true,"href":"https:\/\/historisches-kirchhellen.de\/index.php?rest_route=\/wp\/v2\/pages\/123"}],"wp:attachment":[{"href":"https:\/\/historisches-kirchhellen.de\/index.php?rest_route=%2Fwp%2Fv2%2Fmedia&parent=264"}],"curies":[{"name":"wp","href":"https:\/\/api.w.org\/{rel}","templated":true}]}}