{"id":278,"date":"2019-05-15T19:14:25","date_gmt":"2019-05-15T19:14:25","guid":{"rendered":"http:\/\/historisches-kirchhellen.de\/?page_id=278"},"modified":"2019-05-15T19:14:25","modified_gmt":"2019-05-15T19:14:25","slug":"raiffeisenstrasse","status":"publish","type":"page","link":"https:\/\/historisches-kirchhellen.de\/?page_id=278","title":{"rendered":"Raiffeisenstra\u00dfe"},"content":{"rendered":"\n<p>Friedrich Wilhelm Raiffeisen, geboren 1818, gestorben 1888, gilt als der\u00a0Vater des l\u00e4ndlichen Genossenschaftswesens und der Spar- und Darlehnskassen. Verst\u00e4ndlich, dass eine Stra\u00dfe im Kirchhellener Gewerbegebiet nahe der\u00a0Agri-V-Genossenschaft nach ihm benannt wurde. <\/p>\n","protected":false},"excerpt":{"rendered":"<p>Friedrich Wilhelm Raiffeisen, geboren 1818, gestorben 1888, gilt als der\u00a0Vater des l\u00e4ndlichen Genossenschaftswesens und der Spar- und Darlehnskassen. Verst\u00e4ndlich, dass eine Stra\u00dfe im Kirchhellener Gewerbegebiet &hellip; <\/p>\n","protected":false},"author":1,"featured_media":0,"parent":123,"menu_order":23,"comment_status":"closed","ping_status":"closed","template":"","meta":{"_acf_changed":false,"footnotes":""},"class_list":["post-278","page","type-page","status-publish","hentry"],"acf":[],"jetpack_sharing_enabled":true,"_links":{"self":[{"href":"https:\/\/historisches-kirchhellen.de\/index.php?rest_route=\/wp\/v2\/pages\/278","targetHints":{"allow":["GET"]}}],"collection":[{"href":"https:\/\/historisches-kirchhellen.de\/index.php?rest_route=\/wp\/v2\/pages"}],"about":[{"href":"https:\/\/historisches-kirchhellen.de\/index.php?rest_route=\/wp\/v2\/types\/page"}],"author":[{"embeddable":true,"href":"https:\/\/historisches-kirchhellen.de\/index.php?rest_route=\/wp\/v2\/users\/1"}],"replies":[{"embeddable":true,"href":"https:\/\/historisches-kirchhellen.de\/index.php?rest_route=%2Fwp%2Fv2%2Fcomments&post=278"}],"version-history":[{"count":0,"href":"https:\/\/historisches-kirchhellen.de\/index.php?rest_route=\/wp\/v2\/pages\/278\/revisions"}],"up":[{"embeddable":true,"href":"https:\/\/historisches-kirchhellen.de\/index.php?rest_route=\/wp\/v2\/pages\/123"}],"wp:attachment":[{"href":"https:\/\/historisches-kirchhellen.de\/index.php?rest_route=%2Fwp%2Fv2%2Fmedia&parent=278"}],"curies":[{"name":"wp","href":"https:\/\/api.w.org\/{rel}","templated":true}]}}