{"id":282,"date":"2019-05-15T19:15:47","date_gmt":"2019-05-15T19:15:47","guid":{"rendered":"http:\/\/historisches-kirchhellen.de\/?page_id=282"},"modified":"2019-05-15T19:15:47","modified_gmt":"2019-05-15T19:15:47","slug":"rentforter-strasse","status":"publish","type":"page","link":"https:\/\/historisches-kirchhellen.de\/?page_id=282","title":{"rendered":"Rentforter Stra\u00dfe"},"content":{"rendered":"\n<p>Die Rentforter Stra\u00dfe bildet die Verl\u00e4ngerung der Oberhofstra\u00dfe nach Gladbeck-Rentfort.\u00a0Bis zum Zusammenschluss Kirchhellens mit Bottrop hie\u00df die Stra\u00dfe &#8222;Gladbecker Stra\u00dfe&#8220;.<\/p>\n\n\n\n<p>Der Name Rentfort besteht aus zwei Teilen: &#8222;ren&#8220; und &#8222;fort&#8220;. &#8222;Ren&#8220; ist wiederum ein Wasserwort (pr\u00e4historisch-vorgermanisch &#8222;rin&#8220;). Auch der Rhein, der durch die R\u00f6mer als Rhenus (keltisch: Rhenos) \u00fcberliefert ist, hat die Wurzel &#8222;ri&#8220;,&#8220;re&#8220; als &#8222;flie\u00dfen&#8220;. Rhenus f\u00fcr Rhein ist keine r\u00f6mische Wortbildung, sondern etwas, das die R\u00f6mer bereits vorfanden. Auf &#8222;ren(t)&#8220; als Wasserwort deutet auch die zweite Silbe &#8222;fort&#8220; = Furt hin.<\/p>\n\n\n\n<p>Welches Gew\u00e4sser gemeint ist, l\u00e4sst sich schwerlich sagen. Die Rentforter Stra\u00dfe ist noch nicht sehr alt. Sie wurde erst nach Inbetriebnahme der Bahnlinie Oberhausen &#8211; Bottrop-Nord &#8211; Kirchhellen &#8211; Dorsten &#8211; Rheine gebaut, also zum Ende des 19. Jahrhunderts. <\/p>\n","protected":false},"excerpt":{"rendered":"<p>Die Rentforter Stra\u00dfe bildet die Verl\u00e4ngerung der Oberhofstra\u00dfe nach Gladbeck-Rentfort.\u00a0Bis zum Zusammenschluss Kirchhellens mit Bottrop hie\u00df die Stra\u00dfe &#8222;Gladbecker Stra\u00dfe&#8220;. Der Name Rentfort besteht aus &hellip; <\/p>\n","protected":false},"author":1,"featured_media":0,"parent":123,"menu_order":27,"comment_status":"closed","ping_status":"closed","template":"","meta":{"_acf_changed":false,"footnotes":""},"class_list":["post-282","page","type-page","status-publish","hentry"],"acf":[],"jetpack_sharing_enabled":true,"_links":{"self":[{"href":"https:\/\/historisches-kirchhellen.de\/index.php?rest_route=\/wp\/v2\/pages\/282","targetHints":{"allow":["GET"]}}],"collection":[{"href":"https:\/\/historisches-kirchhellen.de\/index.php?rest_route=\/wp\/v2\/pages"}],"about":[{"href":"https:\/\/historisches-kirchhellen.de\/index.php?rest_route=\/wp\/v2\/types\/page"}],"author":[{"embeddable":true,"href":"https:\/\/historisches-kirchhellen.de\/index.php?rest_route=\/wp\/v2\/users\/1"}],"replies":[{"embeddable":true,"href":"https:\/\/historisches-kirchhellen.de\/index.php?rest_route=%2Fwp%2Fv2%2Fcomments&post=282"}],"version-history":[{"count":0,"href":"https:\/\/historisches-kirchhellen.de\/index.php?rest_route=\/wp\/v2\/pages\/282\/revisions"}],"up":[{"embeddable":true,"href":"https:\/\/historisches-kirchhellen.de\/index.php?rest_route=\/wp\/v2\/pages\/123"}],"wp:attachment":[{"href":"https:\/\/historisches-kirchhellen.de\/index.php?rest_route=%2Fwp%2Fv2%2Fmedia&parent=282"}],"curies":[{"name":"wp","href":"https:\/\/api.w.org\/{rel}","templated":true}]}}