{"id":284,"date":"2019-05-15T19:16:05","date_gmt":"2019-05-15T19:16:05","guid":{"rendered":"http:\/\/historisches-kirchhellen.de\/?page_id=284"},"modified":"2019-05-15T19:16:05","modified_gmt":"2019-05-15T19:16:05","slug":"repeler-heide","status":"publish","type":"page","link":"https:\/\/historisches-kirchhellen.de\/?page_id=284","title":{"rendered":"Repeler Heide"},"content":{"rendered":"\n<p>Diese Stra\u00dfe l\u00e4uft von der Dorstener Stra\u00dfe zum Hause Repel.<\/p>\n\n\n\n<p>Das Wort \u201eRepel\u201c enth\u00e4lt wiederum ein pr\u00e4historisches Wasserwort \u201erep\u201c, \u201erip\u201c; siehe Repelen bei Moers; Repel\/Emscher; Rephusen an der Lenne, wo eine Reepe flie\u00dft u.a.\n\n<\/p>\n","protected":false},"excerpt":{"rendered":"<p>Diese Stra\u00dfe l\u00e4uft von der Dorstener Stra\u00dfe zum Hause Repel. Das Wort \u201eRepel\u201c enth\u00e4lt wiederum ein pr\u00e4historisches Wasserwort \u201erep\u201c, \u201erip\u201c; siehe Repelen bei Moers; Repel\/Emscher; &hellip; <\/p>\n","protected":false},"author":1,"featured_media":0,"parent":123,"menu_order":29,"comment_status":"closed","ping_status":"closed","template":"","meta":{"_acf_changed":false,"footnotes":""},"class_list":["post-284","page","type-page","status-publish","hentry"],"acf":[],"jetpack_sharing_enabled":true,"_links":{"self":[{"href":"https:\/\/historisches-kirchhellen.de\/index.php?rest_route=\/wp\/v2\/pages\/284","targetHints":{"allow":["GET"]}}],"collection":[{"href":"https:\/\/historisches-kirchhellen.de\/index.php?rest_route=\/wp\/v2\/pages"}],"about":[{"href":"https:\/\/historisches-kirchhellen.de\/index.php?rest_route=\/wp\/v2\/types\/page"}],"author":[{"embeddable":true,"href":"https:\/\/historisches-kirchhellen.de\/index.php?rest_route=\/wp\/v2\/users\/1"}],"replies":[{"embeddable":true,"href":"https:\/\/historisches-kirchhellen.de\/index.php?rest_route=%2Fwp%2Fv2%2Fcomments&post=284"}],"version-history":[{"count":0,"href":"https:\/\/historisches-kirchhellen.de\/index.php?rest_route=\/wp\/v2\/pages\/284\/revisions"}],"up":[{"embeddable":true,"href":"https:\/\/historisches-kirchhellen.de\/index.php?rest_route=\/wp\/v2\/pages\/123"}],"wp:attachment":[{"href":"https:\/\/historisches-kirchhellen.de\/index.php?rest_route=%2Fwp%2Fv2%2Fmedia&parent=284"}],"curies":[{"name":"wp","href":"https:\/\/api.w.org\/{rel}","templated":true}]}}