{"id":286,"date":"2019-05-15T19:16:22","date_gmt":"2019-05-15T19:16:22","guid":{"rendered":"http:\/\/historisches-kirchhellen.de\/?page_id=286"},"modified":"2019-05-15T19:16:22","modified_gmt":"2019-05-15T19:16:22","slug":"repeler-weg","status":"publish","type":"page","link":"https:\/\/historisches-kirchhellen.de\/?page_id=286","title":{"rendered":"Repeler Weg"},"content":{"rendered":"\n<p>Er verbindet das M\u00fchlenpatt \u00fcber die ehemalige Bahntrasse, am Hofe Schulte Repel vorbei mit der Dorstener Stra\u00dfe (L 618).<\/p>\n\n\n\n<p>Das Wort \u201eRepel\u201c enth\u00e4lt wiederum ein pr\u00e4historisches Wasserwort \u201erep\u201c, \u201erip\u201c; siehe Repelen bei Moers; Repel\/Emscher; Rephusen an der Lenne, wo eine Reepe flie\u00dft u.a.\n\n<\/p>\n","protected":false},"excerpt":{"rendered":"<p>Er verbindet das M\u00fchlenpatt \u00fcber die ehemalige Bahntrasse, am Hofe Schulte Repel vorbei mit der Dorstener Stra\u00dfe (L 618). Das Wort \u201eRepel\u201c enth\u00e4lt wiederum ein &hellip; <\/p>\n","protected":false},"author":1,"featured_media":0,"parent":123,"menu_order":259,"comment_status":"closed","ping_status":"closed","template":"","meta":{"_acf_changed":false,"footnotes":""},"class_list":["post-286","page","type-page","status-publish","hentry"],"acf":[],"jetpack_sharing_enabled":true,"_links":{"self":[{"href":"https:\/\/historisches-kirchhellen.de\/index.php?rest_route=\/wp\/v2\/pages\/286","targetHints":{"allow":["GET"]}}],"collection":[{"href":"https:\/\/historisches-kirchhellen.de\/index.php?rest_route=\/wp\/v2\/pages"}],"about":[{"href":"https:\/\/historisches-kirchhellen.de\/index.php?rest_route=\/wp\/v2\/types\/page"}],"author":[{"embeddable":true,"href":"https:\/\/historisches-kirchhellen.de\/index.php?rest_route=\/wp\/v2\/users\/1"}],"replies":[{"embeddable":true,"href":"https:\/\/historisches-kirchhellen.de\/index.php?rest_route=%2Fwp%2Fv2%2Fcomments&post=286"}],"version-history":[{"count":0,"href":"https:\/\/historisches-kirchhellen.de\/index.php?rest_route=\/wp\/v2\/pages\/286\/revisions"}],"up":[{"embeddable":true,"href":"https:\/\/historisches-kirchhellen.de\/index.php?rest_route=\/wp\/v2\/pages\/123"}],"wp:attachment":[{"href":"https:\/\/historisches-kirchhellen.de\/index.php?rest_route=%2Fwp%2Fv2%2Fmedia&parent=286"}],"curies":[{"name":"wp","href":"https:\/\/api.w.org\/{rel}","templated":true}]}}