{"id":292,"date":"2019-05-15T19:18:04","date_gmt":"2019-05-15T19:18:04","guid":{"rendered":"http:\/\/historisches-kirchhellen.de\/?page_id=292"},"modified":"2019-05-15T19:18:04","modified_gmt":"2019-05-15T19:18:04","slug":"ruhehorst","status":"publish","type":"page","link":"https:\/\/historisches-kirchhellen.de\/?page_id=292","title":{"rendered":"Ruhehorst"},"content":{"rendered":"\n<p>Der Ruhehorst f\u00fchrt von der Bottroper Stra\u00dfe kurz vor der Grenze zu Alt-Bottrop zur\u00a0Hegestra\u00dfe und bildet dort zum Teil die Grenze mit Gladbeck. \u201eRuhe\u201c hat sicher nichts mit \u201eruhen\u201c zu tun, allenfalls k\u00f6nnte man eine\u00a0Sinndeutung in \u201erauh\u201c finden, wie in dem Eigennamen \u201eRuge\u201c, \u201eRuhe\u201c =\u00a0der Rauhe. Vergleiche: Ruhkopf, Ruhbaum (ahd.\u00a0\u201eruh\u201c = rauh, haarig; westgerm. \u201eruh(W)a\u201c = aus dem idg. \u201ereuk\u201c, \u201ereu\u201c =\u00a0aufrei\u00dfen, aufrauhen (siehe auch \u201eRauchware\u201c f\u00fcr Pelzwerk). Die Silbe &#8222;Horst&#8220; als Dickicht, Geb\u00fcsch, oder als eine hervortretende gr\u00f6\u00dfere Baumgruppe zu deuten, ist sicherlich auch m\u00f6glich. <\/p>\n","protected":false},"excerpt":{"rendered":"<p>Der Ruhehorst f\u00fchrt von der Bottroper Stra\u00dfe kurz vor der Grenze zu Alt-Bottrop zur\u00a0Hegestra\u00dfe und bildet dort zum Teil die Grenze mit Gladbeck. \u201eRuhe\u201c hat &hellip; <\/p>\n","protected":false},"author":1,"featured_media":0,"parent":123,"menu_order":263,"comment_status":"closed","ping_status":"closed","template":"","meta":{"_acf_changed":false,"footnotes":""},"class_list":["post-292","page","type-page","status-publish","hentry"],"acf":[],"jetpack_sharing_enabled":true,"_links":{"self":[{"href":"https:\/\/historisches-kirchhellen.de\/index.php?rest_route=\/wp\/v2\/pages\/292","targetHints":{"allow":["GET"]}}],"collection":[{"href":"https:\/\/historisches-kirchhellen.de\/index.php?rest_route=\/wp\/v2\/pages"}],"about":[{"href":"https:\/\/historisches-kirchhellen.de\/index.php?rest_route=\/wp\/v2\/types\/page"}],"author":[{"embeddable":true,"href":"https:\/\/historisches-kirchhellen.de\/index.php?rest_route=\/wp\/v2\/users\/1"}],"replies":[{"embeddable":true,"href":"https:\/\/historisches-kirchhellen.de\/index.php?rest_route=%2Fwp%2Fv2%2Fcomments&post=292"}],"version-history":[{"count":0,"href":"https:\/\/historisches-kirchhellen.de\/index.php?rest_route=\/wp\/v2\/pages\/292\/revisions"}],"up":[{"embeddable":true,"href":"https:\/\/historisches-kirchhellen.de\/index.php?rest_route=\/wp\/v2\/pages\/123"}],"wp:attachment":[{"href":"https:\/\/historisches-kirchhellen.de\/index.php?rest_route=%2Fwp%2Fv2%2Fmedia&parent=292"}],"curies":[{"name":"wp","href":"https:\/\/api.w.org\/{rel}","templated":true}]}}