{"id":296,"date":"2019-05-15T19:24:36","date_gmt":"2019-05-15T19:24:36","guid":{"rendered":"http:\/\/historisches-kirchhellen.de\/?page_id=296"},"modified":"2019-05-15T19:24:36","modified_gmt":"2019-05-15T19:24:36","slug":"marienstrasse","status":"publish","type":"page","link":"https:\/\/historisches-kirchhellen.de\/?page_id=296","title":{"rendered":"Marienstra\u00dfe"},"content":{"rendered":"\n<p>Im Zuge der Stra\u00dfenbenennungen nach dem Zweiten Weltkrieg beschloss die Mehrheit der Feldh\u00e4user, diese Stra\u00dfe, die vom Lippweg zur Kapellenstra\u00dfe f\u00fchrt, \u201eZum Wannbrauk\u201c zu nennen. Wannbrock oder Wannbrauk war die vermutlich ehemalige Flurst\u00fcckbezeichnung, durch die dieser Weg lief (Wann = Gewann = Acker- oder Wiesenstreifen).<\/p>\n\n\n\n<p>Die verstorbene Lehrerin Middelhoff jedoch war der Meinung, man sollte sie nach der Marienpfarre &#8211; und, weil an dieser Stra\u00dfe acht Frauen mit Namen Maria wohnten! &#8211; Marienstra\u00dfe nennen. Bei diesem Vorschlag blieb es denn. Die erstere Begr\u00fcndung rettete dann nach der Eingemeindung den Namen, da auch Bottrop eine Marienstra\u00dfe besa\u00df.<\/p>\n","protected":false},"excerpt":{"rendered":"<p>Im Zuge der Stra\u00dfenbenennungen nach dem Zweiten Weltkrieg beschloss die Mehrheit der Feldh\u00e4user, diese Stra\u00dfe, die vom Lippweg zur Kapellenstra\u00dfe f\u00fchrt, \u201eZum Wannbrauk\u201c zu nennen. &hellip; <\/p>\n","protected":false},"author":1,"featured_media":0,"parent":123,"menu_order":268,"comment_status":"closed","ping_status":"closed","template":"","meta":{"_acf_changed":false,"footnotes":""},"class_list":["post-296","page","type-page","status-publish","hentry"],"acf":[],"jetpack_sharing_enabled":true,"_links":{"self":[{"href":"https:\/\/historisches-kirchhellen.de\/index.php?rest_route=\/wp\/v2\/pages\/296","targetHints":{"allow":["GET"]}}],"collection":[{"href":"https:\/\/historisches-kirchhellen.de\/index.php?rest_route=\/wp\/v2\/pages"}],"about":[{"href":"https:\/\/historisches-kirchhellen.de\/index.php?rest_route=\/wp\/v2\/types\/page"}],"author":[{"embeddable":true,"href":"https:\/\/historisches-kirchhellen.de\/index.php?rest_route=\/wp\/v2\/users\/1"}],"replies":[{"embeddable":true,"href":"https:\/\/historisches-kirchhellen.de\/index.php?rest_route=%2Fwp%2Fv2%2Fcomments&post=296"}],"version-history":[{"count":0,"href":"https:\/\/historisches-kirchhellen.de\/index.php?rest_route=\/wp\/v2\/pages\/296\/revisions"}],"up":[{"embeddable":true,"href":"https:\/\/historisches-kirchhellen.de\/index.php?rest_route=\/wp\/v2\/pages\/123"}],"wp:attachment":[{"href":"https:\/\/historisches-kirchhellen.de\/index.php?rest_route=%2Fwp%2Fv2%2Fmedia&parent=296"}],"curies":[{"name":"wp","href":"https:\/\/api.w.org\/{rel}","templated":true}]}}