{"id":298,"date":"2019-05-15T19:25:11","date_gmt":"2019-05-15T19:25:11","guid":{"rendered":"http:\/\/historisches-kirchhellen.de\/?page_id=298"},"modified":"2019-05-15T19:25:11","modified_gmt":"2019-05-15T19:25:11","slug":"martin-luther-strasse","status":"publish","type":"page","link":"https:\/\/historisches-kirchhellen.de\/?page_id=298","title":{"rendered":"Martin-Luther-Stra\u00dfe"},"content":{"rendered":"\n<p>Diese Stra\u00dfe verl\u00e4uft parallel zu der <a href=\"http:\/\/historisches-kirchhellen.de\/?page_id=230\">Schneiderstra\u00dfe<\/a> durch das Wohngebiet am evangelischen Gemeindezentrum in Grafenwald.<\/p>\n\n\n\n<p>Sie wurde nach dem Theologieprofessor Martin Luther (geboren 1483, gestorben 1546) benannt, der als theologischer Urheber der Reformation gilt. Entgegen Luthers Absicht kam es durch sein Werk zur Spaltung der Kirche in r\u00f6misch-katholisch und evangelisch-lutherisch.<\/p>\n","protected":false},"excerpt":{"rendered":"<p>Diese Stra\u00dfe verl\u00e4uft parallel zu der Schneiderstra\u00dfe durch das Wohngebiet am evangelischen Gemeindezentrum in Grafenwald. Sie wurde nach dem Theologieprofessor Martin Luther (geboren 1483, gestorben &hellip; <\/p>\n","protected":false},"author":1,"featured_media":0,"parent":123,"menu_order":269,"comment_status":"closed","ping_status":"closed","template":"","meta":{"_acf_changed":false,"footnotes":""},"class_list":["post-298","page","type-page","status-publish","hentry"],"acf":[],"jetpack_sharing_enabled":true,"_links":{"self":[{"href":"https:\/\/historisches-kirchhellen.de\/index.php?rest_route=\/wp\/v2\/pages\/298","targetHints":{"allow":["GET"]}}],"collection":[{"href":"https:\/\/historisches-kirchhellen.de\/index.php?rest_route=\/wp\/v2\/pages"}],"about":[{"href":"https:\/\/historisches-kirchhellen.de\/index.php?rest_route=\/wp\/v2\/types\/page"}],"author":[{"embeddable":true,"href":"https:\/\/historisches-kirchhellen.de\/index.php?rest_route=\/wp\/v2\/users\/1"}],"replies":[{"embeddable":true,"href":"https:\/\/historisches-kirchhellen.de\/index.php?rest_route=%2Fwp%2Fv2%2Fcomments&post=298"}],"version-history":[{"count":0,"href":"https:\/\/historisches-kirchhellen.de\/index.php?rest_route=\/wp\/v2\/pages\/298\/revisions"}],"up":[{"embeddable":true,"href":"https:\/\/historisches-kirchhellen.de\/index.php?rest_route=\/wp\/v2\/pages\/123"}],"wp:attachment":[{"href":"https:\/\/historisches-kirchhellen.de\/index.php?rest_route=%2Fwp%2Fv2%2Fmedia&parent=298"}],"curies":[{"name":"wp","href":"https:\/\/api.w.org\/{rel}","templated":true}]}}