{"id":302,"date":"2019-05-15T19:26:09","date_gmt":"2019-05-15T19:26:09","guid":{"rendered":"http:\/\/historisches-kirchhellen.de\/?page_id=302"},"modified":"2019-05-15T19:26:09","modified_gmt":"2019-05-15T19:26:09","slug":"maystrasse","status":"publish","type":"page","link":"https:\/\/historisches-kirchhellen.de\/?page_id=302","title":{"rendered":"Maystra\u00dfe"},"content":{"rendered":"\n<p>Die Maystra\u00dfe verbindet die Karl-Wessels-Stra\u00dfe und den <a href=\"http:\/\/historisches-kirchhellen.de\/?page_id=274\">Prozessionsweg<\/a>.<\/p>\n\n\n\n<p>Franz May besa\u00df in Grafenwald einen gro\u00dfen Hof, den er an den Bergbau ver\u00e4u\u00dferte. Er stellte f\u00fcr den ersten Kirchbau in Grafenwald ein sieben Morgen (1,75 ha) gro\u00dfes Grundst\u00fcck zur Verf\u00fcgung. Weiterhin verb\u00fcrgte er sich f\u00fcr einen Bertrag von 20.000 Mark, um den der Kostenvoranschlag \u00fcberzogen war. Der Name May ist also mit dem Kirchbau in Grafenwald auf das engste verbunden.<\/p>\n\n\n\n<p>Als Erinnerung an seinen ehemaligen Hof lie\u00df er noch zu Lebzeiten die in Grafenwald bekannte Franziskusstatue errichten. Dargestellt ist nicht Franz von Assisi, sondern Franziskus Xaverius, sein Namenspatron.<\/p>\n","protected":false},"excerpt":{"rendered":"<p>Die Maystra\u00dfe verbindet die Karl-Wessels-Stra\u00dfe und den Prozessionsweg. Franz May besa\u00df in Grafenwald einen gro\u00dfen Hof, den er an den Bergbau ver\u00e4u\u00dferte. Er stellte f\u00fcr &hellip; <\/p>\n","protected":false},"author":1,"featured_media":0,"parent":123,"menu_order":30,"comment_status":"closed","ping_status":"closed","template":"","meta":{"_acf_changed":false,"footnotes":""},"class_list":["post-302","page","type-page","status-publish","hentry"],"acf":[],"jetpack_sharing_enabled":true,"_links":{"self":[{"href":"https:\/\/historisches-kirchhellen.de\/index.php?rest_route=\/wp\/v2\/pages\/302","targetHints":{"allow":["GET"]}}],"collection":[{"href":"https:\/\/historisches-kirchhellen.de\/index.php?rest_route=\/wp\/v2\/pages"}],"about":[{"href":"https:\/\/historisches-kirchhellen.de\/index.php?rest_route=\/wp\/v2\/types\/page"}],"author":[{"embeddable":true,"href":"https:\/\/historisches-kirchhellen.de\/index.php?rest_route=\/wp\/v2\/users\/1"}],"replies":[{"embeddable":true,"href":"https:\/\/historisches-kirchhellen.de\/index.php?rest_route=%2Fwp%2Fv2%2Fcomments&post=302"}],"version-history":[{"count":0,"href":"https:\/\/historisches-kirchhellen.de\/index.php?rest_route=\/wp\/v2\/pages\/302\/revisions"}],"up":[{"embeddable":true,"href":"https:\/\/historisches-kirchhellen.de\/index.php?rest_route=\/wp\/v2\/pages\/123"}],"wp:attachment":[{"href":"https:\/\/historisches-kirchhellen.de\/index.php?rest_route=%2Fwp%2Fv2%2Fmedia&parent=302"}],"curies":[{"name":"wp","href":"https:\/\/api.w.org\/{rel}","templated":true}]}}