{"id":310,"date":"2019-05-15T19:27:42","date_gmt":"2019-05-15T19:27:42","guid":{"rendered":"http:\/\/historisches-kirchhellen.de\/?page_id=310"},"modified":"2019-05-15T19:27:42","modified_gmt":"2019-05-15T19:27:42","slug":"muehlenpatt","status":"publish","type":"page","link":"https:\/\/historisches-kirchhellen.de\/?page_id=310","title":{"rendered":"M\u00fchlenpatt"},"content":{"rendered":"\n<p>Der\u00a0<em>Patt<\/em>\u00a0ist der Pfad, der zu Engbers M\u00fchle f\u00fchrte, er ist gleichsam die Verl\u00e4ngerung der Adelsbredde \u00fcber\u00a0das Overhagener Feld hinaus bis zur M\u00fcnsterstra\u00dfe. Engbers M\u00fchle geh\u00f6rte zu Engbers Hof (heute Enbergs), wahrscheinlich ein Abspliss vom Hof Rechmann (to rechte, to gerechte). Dieser Hof besa\u00df am Sch\u00f6lsbach eine M\u00fchle, die bereits in der Kartenskizze, welche im Wasserstreit um 1540 zwischen Brabeck und Hackfurth Verfahrensunterlage war, eingezeichnet ist. Der Name Engbert(s) ist ein alter rhe\u0131inisch-westf\u00e4lischer Familienname. Urspr\u00fcnglich\u00a0<em>Engbertsohn<\/em>, also Sohn des Ingbert oder Ingbertsohn, daraus wurde dann im Laufe der Zeit Engberts, von\u00a0der Silbe \u201e-sohn\u201c blieb nur das\u00a0\u201es\u201c erhalten. Auch die alten Taufb\u00fccher Kirchhellens weisen die urspr\u00fcngliche Schreibweise auf. <\/p>\n","protected":false},"excerpt":{"rendered":"<p>Der\u00a0Patt\u00a0ist der Pfad, der zu Engbers M\u00fchle f\u00fchrte, er ist gleichsam die Verl\u00e4ngerung der Adelsbredde \u00fcber\u00a0das Overhagener Feld hinaus bis zur M\u00fcnsterstra\u00dfe. Engbers M\u00fchle geh\u00f6rte &hellip; <\/p>\n","protected":false},"author":1,"featured_media":0,"parent":123,"menu_order":39,"comment_status":"closed","ping_status":"closed","template":"","meta":{"_acf_changed":false,"footnotes":""},"class_list":["post-310","page","type-page","status-publish","hentry"],"acf":[],"jetpack_sharing_enabled":true,"_links":{"self":[{"href":"https:\/\/historisches-kirchhellen.de\/index.php?rest_route=\/wp\/v2\/pages\/310","targetHints":{"allow":["GET"]}}],"collection":[{"href":"https:\/\/historisches-kirchhellen.de\/index.php?rest_route=\/wp\/v2\/pages"}],"about":[{"href":"https:\/\/historisches-kirchhellen.de\/index.php?rest_route=\/wp\/v2\/types\/page"}],"author":[{"embeddable":true,"href":"https:\/\/historisches-kirchhellen.de\/index.php?rest_route=\/wp\/v2\/users\/1"}],"replies":[{"embeddable":true,"href":"https:\/\/historisches-kirchhellen.de\/index.php?rest_route=%2Fwp%2Fv2%2Fcomments&post=310"}],"version-history":[{"count":0,"href":"https:\/\/historisches-kirchhellen.de\/index.php?rest_route=\/wp\/v2\/pages\/310\/revisions"}],"up":[{"embeddable":true,"href":"https:\/\/historisches-kirchhellen.de\/index.php?rest_route=\/wp\/v2\/pages\/123"}],"wp:attachment":[{"href":"https:\/\/historisches-kirchhellen.de\/index.php?rest_route=%2Fwp%2Fv2%2Fmedia&parent=310"}],"curies":[{"name":"wp","href":"https:\/\/api.w.org\/{rel}","templated":true}]}}