{"id":318,"date":"2019-05-15T19:29:35","date_gmt":"2019-05-15T19:29:35","guid":{"rendered":"http:\/\/historisches-kirchhellen.de\/?page_id=318"},"modified":"2019-05-15T19:29:35","modified_gmt":"2019-05-15T19:29:35","slug":"neuenkamp","status":"publish","type":"page","link":"https:\/\/historisches-kirchhellen.de\/?page_id=318","title":{"rendered":"Neuenkamp"},"content":{"rendered":"\n<p>Der Neuenkamp verl\u00e4uft zwischen <a href=\"http:\/\/historisches-kirchhellen.de\/?page_id=276\">R\u00e4uwenkamp<\/a> und Nordhellenstra\u00dfe. <\/p>\n","protected":false},"excerpt":{"rendered":"<p>Der Neuenkamp verl\u00e4uft zwischen R\u00e4uwenkamp und Nordhellenstra\u00dfe.<\/p>\n","protected":false},"author":1,"featured_media":0,"parent":123,"menu_order":45,"comment_status":"closed","ping_status":"closed","template":"","meta":{"_acf_changed":false,"footnotes":""},"class_list":["post-318","page","type-page","status-publish","hentry"],"acf":[],"jetpack_sharing_enabled":true,"_links":{"self":[{"href":"https:\/\/historisches-kirchhellen.de\/index.php?rest_route=\/wp\/v2\/pages\/318","targetHints":{"allow":["GET"]}}],"collection":[{"href":"https:\/\/historisches-kirchhellen.de\/index.php?rest_route=\/wp\/v2\/pages"}],"about":[{"href":"https:\/\/historisches-kirchhellen.de\/index.php?rest_route=\/wp\/v2\/types\/page"}],"author":[{"embeddable":true,"href":"https:\/\/historisches-kirchhellen.de\/index.php?rest_route=\/wp\/v2\/users\/1"}],"replies":[{"embeddable":true,"href":"https:\/\/historisches-kirchhellen.de\/index.php?rest_route=%2Fwp%2Fv2%2Fcomments&post=318"}],"version-history":[{"count":0,"href":"https:\/\/historisches-kirchhellen.de\/index.php?rest_route=\/wp\/v2\/pages\/318\/revisions"}],"up":[{"embeddable":true,"href":"https:\/\/historisches-kirchhellen.de\/index.php?rest_route=\/wp\/v2\/pages\/123"}],"wp:attachment":[{"href":"https:\/\/historisches-kirchhellen.de\/index.php?rest_route=%2Fwp%2Fv2%2Fmedia&parent=318"}],"curies":[{"name":"wp","href":"https:\/\/api.w.org\/{rel}","templated":true}]}}