{"id":322,"date":"2019-05-15T19:31:54","date_gmt":"2019-05-15T19:31:54","guid":{"rendered":"http:\/\/historisches-kirchhellen.de\/?page_id=322"},"modified":"2019-05-15T19:31:54","modified_gmt":"2019-05-15T19:31:54","slug":"oberhofstrasse","status":"publish","type":"page","link":"https:\/\/historisches-kirchhellen.de\/?page_id=322","title":{"rendered":"Oberhofstra\u00dfe"},"content":{"rendered":"\n<p>Die Oberhofstra\u00dfe ist eine Verl\u00e4ngerung der <a href=\"http:\/\/historisches-kirchhellen.de\/?page_id=282\">Rentforter Stra\u00dfe<\/a> von der Hackfurthstra\u00dfe bis zur Hauptstra\u00dfe.\u00a0Benannt wurde diese Stra\u00dfe nach dem Oberhof, der sich zur Burg Kirchhellen entwickelte. Zuerst diente der Oberhof in der fr\u00e4nkisch-karolingischen Zeit als St\u00fctzpunkt oder Nachschubbasis Karls des Gro\u00dfen in seinen langw\u00e4hrenden Sachsenkriegen. Aus ihm entwickelte sich vermutlich die sp\u00e4tere Burg oder das adelige Haus Kirchhellen. F\u00fcr die Auff\u00fcllung der Vorr\u00e4te des Oberhofes waren bei uns 37 nachweisbare Unterh\u00f6fe zust\u00e4ndig.<\/p>\n\n\n\n<p>Im Bereich der Oberhofstra\u00dfe gab es in der letzten 10 Jahren eine rege Baut\u00e4tigkeit. Nach dem Abriss des in Kirchhellen nach einem fr\u00fcheren Namen &#8222;Alt Berlin&#8220; (fr\u00fcher: Gastst\u00e4tte Allekotte) genannten Geb\u00e4udes mit dem markanten Erker an der Ecke zur Burgstra\u00dfe ist auch dort nun ein Neubau entstanden. In Richtung Kreisverkehr Schulze-Delitzsch-Stra\u00dfe wurde au\u00dferdem ein kleines Haus (fr\u00fcher Bauernhof Schmidt) abgerissen und das Grundst\u00fcck mit Mehrfamilienh\u00e4usern bebaut. Au\u00dferdem ist am Kreisverkehr auf einer bisherigen Freifl\u00e4che ein weiteres Mehrfamilienhaus entstanden. Zur Zeit werden ein freies Grundst\u00fcck (Nr. 40) und das Gel\u00e4nde an der Kreuzung zur Hackfurthstra\u00dfe bebaut.<\/p>\n","protected":false},"excerpt":{"rendered":"<p>Die Oberhofstra\u00dfe ist eine Verl\u00e4ngerung der Rentforter Stra\u00dfe von der Hackfurthstra\u00dfe bis zur Hauptstra\u00dfe.\u00a0Benannt wurde diese Stra\u00dfe nach dem Oberhof, der sich zur Burg Kirchhellen &hellip; <\/p>\n","protected":false},"author":1,"featured_media":0,"parent":123,"menu_order":49,"comment_status":"closed","ping_status":"closed","template":"","meta":{"_acf_changed":false,"footnotes":""},"class_list":["post-322","page","type-page","status-publish","hentry"],"acf":[],"jetpack_sharing_enabled":true,"_links":{"self":[{"href":"https:\/\/historisches-kirchhellen.de\/index.php?rest_route=\/wp\/v2\/pages\/322","targetHints":{"allow":["GET"]}}],"collection":[{"href":"https:\/\/historisches-kirchhellen.de\/index.php?rest_route=\/wp\/v2\/pages"}],"about":[{"href":"https:\/\/historisches-kirchhellen.de\/index.php?rest_route=\/wp\/v2\/types\/page"}],"author":[{"embeddable":true,"href":"https:\/\/historisches-kirchhellen.de\/index.php?rest_route=\/wp\/v2\/users\/1"}],"replies":[{"embeddable":true,"href":"https:\/\/historisches-kirchhellen.de\/index.php?rest_route=%2Fwp%2Fv2%2Fcomments&post=322"}],"version-history":[{"count":0,"href":"https:\/\/historisches-kirchhellen.de\/index.php?rest_route=\/wp\/v2\/pages\/322\/revisions"}],"up":[{"embeddable":true,"href":"https:\/\/historisches-kirchhellen.de\/index.php?rest_route=\/wp\/v2\/pages\/123"}],"wp:attachment":[{"href":"https:\/\/historisches-kirchhellen.de\/index.php?rest_route=%2Fwp%2Fv2%2Fmedia&parent=322"}],"curies":[{"name":"wp","href":"https:\/\/api.w.org\/{rel}","templated":true}]}}