{"id":335,"date":"2019-05-16T16:28:51","date_gmt":"2019-05-16T16:28:51","guid":{"rendered":"http:\/\/historisches-kirchhellen.de\/?page_id=335"},"modified":"2019-05-18T19:41:20","modified_gmt":"2019-05-18T19:41:20","slug":"kaplan-xanten-strasse","status":"publish","type":"page","link":"https:\/\/historisches-kirchhellen.de\/?page_id=335","title":{"rendered":"Kaplan-Xanten-Stra\u00dfe"},"content":{"rendered":"\n<p>Die Kaplan-Xanten-Stra\u00dfe verbindet die L 623 (Bottroper Stra\u00dfe) mit der Burgstra\u00dfe.<\/p>\n\n\n\n<p>&#8222;Use olle Kaplan&#8220;, wie die Kirchhellener den Kaplan Xanten nannten, ist in die Geschichte Kirchhellens eingegangen. 1802 in Dorsten geboren, kam er nach seiner Priesterweihe nach Kirchhellen und blieb hier 71 Jahre bis zu seinem Tode im Jahre 1897 als Kaplan. Nicht ohne Grund zeichnete ihn der K\u00f6nig von Preu\u00dfen mit dem &#8222;Adlerorden&#8220;, dem &#8222;Kronenorden&#8220; und, nachdem er auf eine 70j\u00e4hrige T\u00e4tigkeit in der Gemeinde zur\u00fcckblicken konnte, auch mit dem &#8222;Roten Adlerorden&#8220; aus.<\/p>\n\n\n\n<div class=\"wp-block-image\"><figure class=\"aligncenter is-resized\"><a href=\"http:\/\/historisches-kirchhellen.de\/wp-content\/uploads\/2019\/05\/04799-Xanten-Franz.jpg\"><img loading=\"lazy\" decoding=\"async\" src=\"http:\/\/historisches-kirchhellen.de\/wp-content\/uploads\/2019\/05\/04799-Xanten-Franz-e1558208409651-719x1024.jpg\" alt=\"\" class=\"wp-image-748\" width=\"302\" height=\"430\" srcset=\"https:\/\/historisches-kirchhellen.de\/wp-content\/uploads\/2019\/05\/04799-Xanten-Franz-e1558208409651-719x1024.jpg 719w, https:\/\/historisches-kirchhellen.de\/wp-content\/uploads\/2019\/05\/04799-Xanten-Franz-e1558208409651-211x300.jpg 211w, https:\/\/historisches-kirchhellen.de\/wp-content\/uploads\/2019\/05\/04799-Xanten-Franz-e1558208409651-768x1093.jpg 768w, https:\/\/historisches-kirchhellen.de\/wp-content\/uploads\/2019\/05\/04799-Xanten-Franz-e1558208409651.jpg 774w\" sizes=\"auto, (max-width: 302px) 100vw, 302px\" \/><\/a><figcaption>Kaplan Franz Xanten (1802-1897)<\/figcaption><\/figure><\/div>\n","protected":false},"excerpt":{"rendered":"<p>Die Kaplan-Xanten-Stra\u00dfe verbindet die L 623 (Bottroper Stra\u00dfe) mit der Burgstra\u00dfe. &#8222;Use olle Kaplan&#8220;, wie die Kirchhellener den Kaplan Xanten nannten, ist in die Geschichte &hellip; <\/p>\n","protected":false},"author":1,"featured_media":0,"parent":123,"menu_order":62,"comment_status":"closed","ping_status":"closed","template":"","meta":{"_acf_changed":false,"footnotes":""},"class_list":["post-335","page","type-page","status-publish","hentry"],"acf":[],"jetpack_sharing_enabled":true,"_links":{"self":[{"href":"https:\/\/historisches-kirchhellen.de\/index.php?rest_route=\/wp\/v2\/pages\/335","targetHints":{"allow":["GET"]}}],"collection":[{"href":"https:\/\/historisches-kirchhellen.de\/index.php?rest_route=\/wp\/v2\/pages"}],"about":[{"href":"https:\/\/historisches-kirchhellen.de\/index.php?rest_route=\/wp\/v2\/types\/page"}],"author":[{"embeddable":true,"href":"https:\/\/historisches-kirchhellen.de\/index.php?rest_route=\/wp\/v2\/users\/1"}],"replies":[{"embeddable":true,"href":"https:\/\/historisches-kirchhellen.de\/index.php?rest_route=%2Fwp%2Fv2%2Fcomments&post=335"}],"version-history":[{"count":0,"href":"https:\/\/historisches-kirchhellen.de\/index.php?rest_route=\/wp\/v2\/pages\/335\/revisions"}],"up":[{"embeddable":true,"href":"https:\/\/historisches-kirchhellen.de\/index.php?rest_route=\/wp\/v2\/pages\/123"}],"wp:attachment":[{"href":"https:\/\/historisches-kirchhellen.de\/index.php?rest_route=%2Fwp%2Fv2%2Fmedia&parent=335"}],"curies":[{"name":"wp","href":"https:\/\/api.w.org\/{rel}","templated":true}]}}