{"id":347,"date":"2019-05-16T16:34:01","date_gmt":"2019-05-16T16:34:01","guid":{"rendered":"http:\/\/historisches-kirchhellen.de\/?page_id=347"},"modified":"2019-05-16T16:34:01","modified_gmt":"2019-05-16T16:34:01","slug":"koeckenkamp","status":"publish","type":"page","link":"https:\/\/historisches-kirchhellen.de\/?page_id=347","title":{"rendered":"K\u00f6ckenkamp"},"content":{"rendered":"\n<p>Der K\u00f6ckenkamp ist die Verbindung hinter der Bahntrasse in Feldhausen zwischen Feldhausener Stra\u00dfe\u00a0und <a href=\"http:\/\/historisches-kirchhellen.de\/?page_id=226\">Schlo\u00dfgasse<\/a>.<br><br>Die Stra\u00dfe liegt in der N\u00e4he des Hauses Beck, daher ist anzunehmen, dass sich hier der K\u00fcchengarten, der Gem\u00fcsegarten des alten Hauses\u00a0Beck befunden hat (K\u00f6cke = K\u00fcche). \u00a0\u00a0 <\/p>\n","protected":false},"excerpt":{"rendered":"<p>Der K\u00f6ckenkamp ist die Verbindung hinter der Bahntrasse in Feldhausen zwischen Feldhausener Stra\u00dfe\u00a0und Schlo\u00dfgasse. Die Stra\u00dfe liegt in der N\u00e4he des Hauses Beck, daher ist &hellip; <\/p>\n","protected":false},"author":1,"featured_media":0,"parent":123,"menu_order":70,"comment_status":"closed","ping_status":"closed","template":"","meta":{"_acf_changed":false,"footnotes":""},"class_list":["post-347","page","type-page","status-publish","hentry"],"acf":[],"jetpack_sharing_enabled":true,"_links":{"self":[{"href":"https:\/\/historisches-kirchhellen.de\/index.php?rest_route=\/wp\/v2\/pages\/347","targetHints":{"allow":["GET"]}}],"collection":[{"href":"https:\/\/historisches-kirchhellen.de\/index.php?rest_route=\/wp\/v2\/pages"}],"about":[{"href":"https:\/\/historisches-kirchhellen.de\/index.php?rest_route=\/wp\/v2\/types\/page"}],"author":[{"embeddable":true,"href":"https:\/\/historisches-kirchhellen.de\/index.php?rest_route=\/wp\/v2\/users\/1"}],"replies":[{"embeddable":true,"href":"https:\/\/historisches-kirchhellen.de\/index.php?rest_route=%2Fwp%2Fv2%2Fcomments&post=347"}],"version-history":[{"count":0,"href":"https:\/\/historisches-kirchhellen.de\/index.php?rest_route=\/wp\/v2\/pages\/347\/revisions"}],"up":[{"embeddable":true,"href":"https:\/\/historisches-kirchhellen.de\/index.php?rest_route=\/wp\/v2\/pages\/123"}],"wp:attachment":[{"href":"https:\/\/historisches-kirchhellen.de\/index.php?rest_route=%2Fwp%2Fv2%2Fmedia&parent=347"}],"curies":[{"name":"wp","href":"https:\/\/api.w.org\/{rel}","templated":true}]}}