{"id":349,"date":"2019-05-16T16:34:35","date_gmt":"2019-05-16T16:34:35","guid":{"rendered":"http:\/\/historisches-kirchhellen.de\/?page_id=349"},"modified":"2019-05-16T16:34:35","modified_gmt":"2019-05-16T16:34:35","slug":"koehlerstrasse","status":"publish","type":"page","link":"https:\/\/historisches-kirchhellen.de\/?page_id=349","title":{"rendered":"K\u00f6hlerstra\u00dfe"},"content":{"rendered":"\n<p>Im Bereich der Grafenm\u00fchle l\u00e4uft sie von der Stra\u00dfe \u201e<a href=\"http:\/\/historisches-kirchhellen.de\/?page_id=181\">Zur Grafenm\u00fchle<\/a>\u201c\u00a0auf den \u201e<a href=\"http:\/\/historisches-kirchhellen.de\/?page_id=130\">Alten Postweg<\/a>\u201c.<br><br>Noch im 19. Jahrhundert waren in den W\u00e4ldern um Grafenwald die K\u00f6hler t\u00e4tig, die aus Holz die f\u00fcr die Verh\u00fcttung von Eisenerz notwendige Holzkohle in gro\u00dfen Meilern brannten. Als an ihre Stelle der Koks trat, starb dieser Beruf bei uns aus. Erst das Zeitalter des Grillens hat die Holzkohle wieder bekannt gemacht. <\/p>\n","protected":false},"excerpt":{"rendered":"<p>Im Bereich der Grafenm\u00fchle l\u00e4uft sie von der Stra\u00dfe \u201eZur Grafenm\u00fchle\u201c\u00a0auf den \u201eAlten Postweg\u201c. Noch im 19. Jahrhundert waren in den W\u00e4ldern um Grafenwald die &hellip; <\/p>\n","protected":false},"author":1,"featured_media":0,"parent":123,"menu_order":72,"comment_status":"closed","ping_status":"closed","template":"","meta":{"_acf_changed":false,"footnotes":""},"class_list":["post-349","page","type-page","status-publish","hentry"],"acf":[],"jetpack_sharing_enabled":true,"_links":{"self":[{"href":"https:\/\/historisches-kirchhellen.de\/index.php?rest_route=\/wp\/v2\/pages\/349","targetHints":{"allow":["GET"]}}],"collection":[{"href":"https:\/\/historisches-kirchhellen.de\/index.php?rest_route=\/wp\/v2\/pages"}],"about":[{"href":"https:\/\/historisches-kirchhellen.de\/index.php?rest_route=\/wp\/v2\/types\/page"}],"author":[{"embeddable":true,"href":"https:\/\/historisches-kirchhellen.de\/index.php?rest_route=\/wp\/v2\/users\/1"}],"replies":[{"embeddable":true,"href":"https:\/\/historisches-kirchhellen.de\/index.php?rest_route=%2Fwp%2Fv2%2Fcomments&post=349"}],"version-history":[{"count":0,"href":"https:\/\/historisches-kirchhellen.de\/index.php?rest_route=\/wp\/v2\/pages\/349\/revisions"}],"up":[{"embeddable":true,"href":"https:\/\/historisches-kirchhellen.de\/index.php?rest_route=\/wp\/v2\/pages\/123"}],"wp:attachment":[{"href":"https:\/\/historisches-kirchhellen.de\/index.php?rest_route=%2Fwp%2Fv2%2Fmedia&parent=349"}],"curies":[{"name":"wp","href":"https:\/\/api.w.org\/{rel}","templated":true}]}}