{"id":355,"date":"2019-05-16T16:36:06","date_gmt":"2019-05-16T16:36:06","guid":{"rendered":"http:\/\/historisches-kirchhellen.de\/?page_id=355"},"modified":"2019-05-16T16:36:06","modified_gmt":"2019-05-16T16:36:06","slug":"kreienkampsweg","status":"publish","type":"page","link":"https:\/\/historisches-kirchhellen.de\/?page_id=355","title":{"rendered":"Kreienkampsweg"},"content":{"rendered":"\n<p>Dieser Weg l\u00e4uft von der Dinslakener Stra\u00dfe auf die Stra\u00dfe \u201eAuf dem\u00a0Espel\u201c. <\/p>\n\n\n\n<p>Benannt ist die Stra\u00dfe nach dem Hof Kreienkamp. Vielleicht besagt das Wort Kreienkamp nichts anderes, als dass der Kamp (mit Baumbestand) ein bevorzugter Ruheplatz f\u00fcr Kr\u00e4hen war (Schlafb\u00e4ume).\u00a0\u201eKreien\u201c deutet auch auf Wasser hin, Wasser im weitesten Sinne; siehe:\u00a0Kreiensen, Krei(d)ach usw. Wo aber sollte man hier das Wasser suchen?\u00a0Wenn, dann k\u00f6nnte nur der Breilsbach gemeint sein. <\/p>\n","protected":false},"excerpt":{"rendered":"<p>Dieser Weg l\u00e4uft von der Dinslakener Stra\u00dfe auf die Stra\u00dfe \u201eAuf dem\u00a0Espel\u201c. Benannt ist die Stra\u00dfe nach dem Hof Kreienkamp. Vielleicht besagt das Wort Kreienkamp &hellip; <\/p>\n","protected":false},"author":1,"featured_media":0,"parent":123,"menu_order":80,"comment_status":"closed","ping_status":"closed","template":"","meta":{"_acf_changed":false,"footnotes":""},"class_list":["post-355","page","type-page","status-publish","hentry"],"acf":[],"jetpack_sharing_enabled":true,"_links":{"self":[{"href":"https:\/\/historisches-kirchhellen.de\/index.php?rest_route=\/wp\/v2\/pages\/355","targetHints":{"allow":["GET"]}}],"collection":[{"href":"https:\/\/historisches-kirchhellen.de\/index.php?rest_route=\/wp\/v2\/pages"}],"about":[{"href":"https:\/\/historisches-kirchhellen.de\/index.php?rest_route=\/wp\/v2\/types\/page"}],"author":[{"embeddable":true,"href":"https:\/\/historisches-kirchhellen.de\/index.php?rest_route=\/wp\/v2\/users\/1"}],"replies":[{"embeddable":true,"href":"https:\/\/historisches-kirchhellen.de\/index.php?rest_route=%2Fwp%2Fv2%2Fcomments&post=355"}],"version-history":[{"count":0,"href":"https:\/\/historisches-kirchhellen.de\/index.php?rest_route=\/wp\/v2\/pages\/355\/revisions"}],"up":[{"embeddable":true,"href":"https:\/\/historisches-kirchhellen.de\/index.php?rest_route=\/wp\/v2\/pages\/123"}],"wp:attachment":[{"href":"https:\/\/historisches-kirchhellen.de\/index.php?rest_route=%2Fwp%2Fv2%2Fmedia&parent=355"}],"curies":[{"name":"wp","href":"https:\/\/api.w.org\/{rel}","templated":true}]}}