{"id":361,"date":"2019-05-16T16:38:32","date_gmt":"2019-05-16T16:38:32","guid":{"rendered":"http:\/\/historisches-kirchhellen.de\/?page_id=361"},"modified":"2019-05-16T16:38:32","modified_gmt":"2019-05-16T16:38:32","slug":"lehmschlenke","status":"publish","type":"page","link":"https:\/\/historisches-kirchhellen.de\/?page_id=361","title":{"rendered":"Lehmschlenke"},"content":{"rendered":"\n<p>Die Lehmschlenke l\u00e4uft von der Bottroper Stra\u00dfe nach Westen \u00fcber die Stra\u00dfe \u201e<a href=\"http:\/\/historisches-kirchhellen.de\/?page_id=252\">Sensenfeld<\/a>\u201c bis zum \u201e<a href=\"http:\/\/historisches-kirchhellen.de\/?page_id=130\">Alten Postweg<\/a>\u201c. <\/p>\n\n\n\n<p>Mit Schlenke bezeichnet man Wege oder auch B\u00e4che, die sich durch sich\u00a0kr\u00fcmmende, bruchige Engt\u00e4ler winden (siehe: Schlenker, aus dem Niederdeutschen \u201eSchlenge\u201c). Schlengen sind dort Bodenerhebungen auf Mooroberfl\u00e4chen. Die sich zwischen den Schlengen oder B\u00fclten hinziehenden Vertiefungen werden noch heute Schlenken genannt.\u00a0Wer auf der Lehmschlenke einmal versucht hat, ein Loch zu graben, dem\u00a0wird der Zusatz \u201eLehm\u201c bald klar. Der Lehm wurde in alter Zeit zu Feldbr\u00e4nden genutzt.\u00a0<\/p>\n\n\n\n<p>Die ehemaligen Lehmkuhlen sind noch heute im Gel\u00e4nde deutlich sichtbar.\u00a0\u00dcbrigens gibt es noch in Kirchhellen die Beukenschlenke, Kohlschlenke,\u00a0Braukmannsschlenke und es gab den Familiennamen Beukenschlenke.<\/p>\n","protected":false},"excerpt":{"rendered":"<p>Die Lehmschlenke l\u00e4uft von der Bottroper Stra\u00dfe nach Westen \u00fcber die Stra\u00dfe \u201eSensenfeld\u201c bis zum \u201eAlten Postweg\u201c. Mit Schlenke bezeichnet man Wege oder auch B\u00e4che, &hellip; <\/p>\n","protected":false},"author":1,"featured_media":0,"parent":123,"menu_order":82,"comment_status":"closed","ping_status":"closed","template":"","meta":{"_acf_changed":false,"footnotes":""},"class_list":["post-361","page","type-page","status-publish","hentry"],"acf":[],"jetpack_sharing_enabled":true,"_links":{"self":[{"href":"https:\/\/historisches-kirchhellen.de\/index.php?rest_route=\/wp\/v2\/pages\/361","targetHints":{"allow":["GET"]}}],"collection":[{"href":"https:\/\/historisches-kirchhellen.de\/index.php?rest_route=\/wp\/v2\/pages"}],"about":[{"href":"https:\/\/historisches-kirchhellen.de\/index.php?rest_route=\/wp\/v2\/types\/page"}],"author":[{"embeddable":true,"href":"https:\/\/historisches-kirchhellen.de\/index.php?rest_route=\/wp\/v2\/users\/1"}],"replies":[{"embeddable":true,"href":"https:\/\/historisches-kirchhellen.de\/index.php?rest_route=%2Fwp%2Fv2%2Fcomments&post=361"}],"version-history":[{"count":0,"href":"https:\/\/historisches-kirchhellen.de\/index.php?rest_route=\/wp\/v2\/pages\/361\/revisions"}],"up":[{"embeddable":true,"href":"https:\/\/historisches-kirchhellen.de\/index.php?rest_route=\/wp\/v2\/pages\/123"}],"wp:attachment":[{"href":"https:\/\/historisches-kirchhellen.de\/index.php?rest_route=%2Fwp%2Fv2%2Fmedia&parent=361"}],"curies":[{"name":"wp","href":"https:\/\/api.w.org\/{rel}","templated":true}]}}