{"id":365,"date":"2019-05-16T16:39:31","date_gmt":"2019-05-16T16:39:31","guid":{"rendered":"http:\/\/historisches-kirchhellen.de\/?page_id=365"},"modified":"2019-05-16T16:39:31","modified_gmt":"2019-05-16T16:39:31","slug":"lerchenweg","status":"publish","type":"page","link":"https:\/\/historisches-kirchhellen.de\/?page_id=365","title":{"rendered":"Lerchenweg"},"content":{"rendered":"\n<p>Der Lerchenweg liegt in der \u201eVogelsiedlung\u201c zwischen ehemaliger Bahnlinie Kirchhellen-Bottrop und der Stra\u00dfe Dorfheide.<br><br>Die Lerche geh\u00f6rt zur Familie der Singv\u00f6gel mit vielen Arten. Bekannt\u00a0sind bei uns die Haubenlerche, Feldlerche und Heidelerche. <\/p>\n","protected":false},"excerpt":{"rendered":"<p>Der Lerchenweg liegt in der \u201eVogelsiedlung\u201c zwischen ehemaliger Bahnlinie Kirchhellen-Bottrop und der Stra\u00dfe Dorfheide. Die Lerche geh\u00f6rt zur Familie der Singv\u00f6gel mit vielen Arten. Bekannt\u00a0sind &hellip; <\/p>\n","protected":false},"author":1,"featured_media":0,"parent":123,"menu_order":90,"comment_status":"closed","ping_status":"closed","template":"","meta":{"_acf_changed":false,"footnotes":""},"class_list":["post-365","page","type-page","status-publish","hentry"],"acf":[],"jetpack_sharing_enabled":true,"_links":{"self":[{"href":"https:\/\/historisches-kirchhellen.de\/index.php?rest_route=\/wp\/v2\/pages\/365","targetHints":{"allow":["GET"]}}],"collection":[{"href":"https:\/\/historisches-kirchhellen.de\/index.php?rest_route=\/wp\/v2\/pages"}],"about":[{"href":"https:\/\/historisches-kirchhellen.de\/index.php?rest_route=\/wp\/v2\/types\/page"}],"author":[{"embeddable":true,"href":"https:\/\/historisches-kirchhellen.de\/index.php?rest_route=\/wp\/v2\/users\/1"}],"replies":[{"embeddable":true,"href":"https:\/\/historisches-kirchhellen.de\/index.php?rest_route=%2Fwp%2Fv2%2Fcomments&post=365"}],"version-history":[{"count":0,"href":"https:\/\/historisches-kirchhellen.de\/index.php?rest_route=\/wp\/v2\/pages\/365\/revisions"}],"up":[{"embeddable":true,"href":"https:\/\/historisches-kirchhellen.de\/index.php?rest_route=\/wp\/v2\/pages\/123"}],"wp:attachment":[{"href":"https:\/\/historisches-kirchhellen.de\/index.php?rest_route=%2Fwp%2Fv2%2Fmedia&parent=365"}],"curies":[{"name":"wp","href":"https:\/\/api.w.org\/{rel}","templated":true}]}}