{"id":369,"date":"2019-05-16T16:40:26","date_gmt":"2019-05-16T16:40:26","guid":{"rendered":"http:\/\/historisches-kirchhellen.de\/?page_id=369"},"modified":"2019-05-16T16:40:26","modified_gmt":"2019-05-16T16:40:26","slug":"lippweg","status":"publish","type":"page","link":"https:\/\/historisches-kirchhellen.de\/?page_id=369","title":{"rendered":"Lippweg"},"content":{"rendered":"\n<p>Der Lippweg war bis in die zwanziger Jahre hinein der einzige Weg nach Feldhausen, die heutige Feldhausener Stra\u00dfe ist noch verh\u00e4ltnism\u00e4\u00dfig jung.<\/p>\n\n\n\n<p>Lippweg &#8211; Weg zur Lippe? Dies erscheint zun\u00e4chst unwahrscheinlich, doch es ist so.<\/p>\n\n\n\n<p>Der Lippweg ist eine der \u00e4ltesten &#8211; historischen &#8211; Stra\u00dfen mit \u00fcber\u00f6rtlicher Bedeutung, die durch Kirchhellen f\u00fchrten. Erst als R\u00f6merstra\u00dfe, aus dem Raume Xanten kommend. Seinen Verlauf geben Forscher wie folgt an: Xanten &#8211; Schermbeck (hier Lippe\u00fcberf\u00fchrung) &#8211; westlich des Hardtberges nach Kirchhellen &#8211; hier nach Osten abschwenkend. Auch als germansiche Heerstra\u00dfe wird der Lippweg angesehen. Die Franken haben ihn in ihren Sachsenkriegen benutzt. Er wird in der Stiftungsurkunde der Vikarie St. Marien Feldhausen 1473 zweimal namentlich als&nbsp;<em>Lyppwech<\/em>&nbsp;erw\u00e4hnt.&nbsp;<\/p>\n\n\n\n<p>Die Lippe, nach dem Zeugnis des Tacitus und des Strabo (griechischer Geograph um Christi Geburt) urspr\u00fcnglich&nbsp;<em>Lupia<\/em>&nbsp;lautend, geh\u00f6rt in eine Reihe mit den alteurop\u00e4ischen Flussnamen Lupia in Polen, Lupow in Pommern, Luppe zur Elster, Loupe in Frankreich, Luppach im Elsass. Der Name ist also sowohl in slawischen als auch im keltoligurischen Raum zu Hause.<\/p>\n","protected":false},"excerpt":{"rendered":"<p>Der Lippweg war bis in die zwanziger Jahre hinein der einzige Weg nach Feldhausen, die heutige Feldhausener Stra\u00dfe ist noch verh\u00e4ltnism\u00e4\u00dfig jung. Lippweg &#8211; Weg &hellip; <\/p>\n","protected":false},"author":1,"featured_media":0,"parent":123,"menu_order":95,"comment_status":"closed","ping_status":"closed","template":"","meta":{"_acf_changed":false,"footnotes":""},"class_list":["post-369","page","type-page","status-publish","hentry"],"acf":[],"jetpack_sharing_enabled":true,"_links":{"self":[{"href":"https:\/\/historisches-kirchhellen.de\/index.php?rest_route=\/wp\/v2\/pages\/369","targetHints":{"allow":["GET"]}}],"collection":[{"href":"https:\/\/historisches-kirchhellen.de\/index.php?rest_route=\/wp\/v2\/pages"}],"about":[{"href":"https:\/\/historisches-kirchhellen.de\/index.php?rest_route=\/wp\/v2\/types\/page"}],"author":[{"embeddable":true,"href":"https:\/\/historisches-kirchhellen.de\/index.php?rest_route=\/wp\/v2\/users\/1"}],"replies":[{"embeddable":true,"href":"https:\/\/historisches-kirchhellen.de\/index.php?rest_route=%2Fwp%2Fv2%2Fcomments&post=369"}],"version-history":[{"count":0,"href":"https:\/\/historisches-kirchhellen.de\/index.php?rest_route=\/wp\/v2\/pages\/369\/revisions"}],"up":[{"embeddable":true,"href":"https:\/\/historisches-kirchhellen.de\/index.php?rest_route=\/wp\/v2\/pages\/123"}],"wp:attachment":[{"href":"https:\/\/historisches-kirchhellen.de\/index.php?rest_route=%2Fwp%2Fv2%2Fmedia&parent=369"}],"curies":[{"name":"wp","href":"https:\/\/api.w.org\/{rel}","templated":true}]}}