{"id":373,"date":"2019-05-16T16:41:24","date_gmt":"2019-05-16T16:41:24","guid":{"rendered":"http:\/\/historisches-kirchhellen.de\/?page_id=373"},"modified":"2019-05-16T16:41:24","modified_gmt":"2019-05-16T16:41:24","slug":"lohbraucksweg","status":"publish","type":"page","link":"https:\/\/historisches-kirchhellen.de\/?page_id=373","title":{"rendered":"Lohbraucksweg"},"content":{"rendered":"\n<p>Der Lohbraucksweg f\u00fchrt in weitem Bogen von der Feldhausener Stra\u00dfe\u00a0nach Nordwesten \u00fcber den Grenzbach zur Dorstener Stra\u00dfe. Die Silbe &#8222;Loh&#8220; steht hier f\u00fcr Geb\u00fcsch, Wald. &#8222;Brauk&#8220; bezeichnet Sumpf und Moor (althochdeutsch &#8222;bruoh&#8220;). An diesem Weg liegt der uralte Hof Dieckmann, also der \u201eMann, der seinen Hof am Dieke = am Teiche\u201c stehen hatte. Henrich ten Dyke &#8211; wahrscheinlich dem Hofe entstammend &#8211; war der erste Vikar der 1473 gestifteten Vikarie St. Marien Feldhausen. <\/p>\n","protected":false},"excerpt":{"rendered":"<p>Der Lohbraucksweg f\u00fchrt in weitem Bogen von der Feldhausener Stra\u00dfe\u00a0nach Nordwesten \u00fcber den Grenzbach zur Dorstener Stra\u00dfe. Die Silbe &#8222;Loh&#8220; steht hier f\u00fcr Geb\u00fcsch, Wald. &hellip; <\/p>\n","protected":false},"author":1,"featured_media":0,"parent":123,"menu_order":98,"comment_status":"closed","ping_status":"closed","template":"","meta":{"_acf_changed":false,"footnotes":""},"class_list":["post-373","page","type-page","status-publish","hentry"],"acf":[],"jetpack_sharing_enabled":true,"_links":{"self":[{"href":"https:\/\/historisches-kirchhellen.de\/index.php?rest_route=\/wp\/v2\/pages\/373","targetHints":{"allow":["GET"]}}],"collection":[{"href":"https:\/\/historisches-kirchhellen.de\/index.php?rest_route=\/wp\/v2\/pages"}],"about":[{"href":"https:\/\/historisches-kirchhellen.de\/index.php?rest_route=\/wp\/v2\/types\/page"}],"author":[{"embeddable":true,"href":"https:\/\/historisches-kirchhellen.de\/index.php?rest_route=\/wp\/v2\/users\/1"}],"replies":[{"embeddable":true,"href":"https:\/\/historisches-kirchhellen.de\/index.php?rest_route=%2Fwp%2Fv2%2Fcomments&post=373"}],"version-history":[{"count":0,"href":"https:\/\/historisches-kirchhellen.de\/index.php?rest_route=\/wp\/v2\/pages\/373\/revisions"}],"up":[{"embeddable":true,"href":"https:\/\/historisches-kirchhellen.de\/index.php?rest_route=\/wp\/v2\/pages\/123"}],"wp:attachment":[{"href":"https:\/\/historisches-kirchhellen.de\/index.php?rest_route=%2Fwp%2Fv2%2Fmedia&parent=373"}],"curies":[{"name":"wp","href":"https:\/\/api.w.org\/{rel}","templated":true}]}}