{"id":396,"date":"2019-05-16T16:49:30","date_gmt":"2019-05-16T16:49:30","guid":{"rendered":"http:\/\/historisches-kirchhellen.de\/?page_id=396"},"modified":"2019-05-16T16:49:30","modified_gmt":"2019-05-16T16:49:30","slug":"im-wenkendiek","status":"publish","type":"page","link":"https:\/\/historisches-kirchhellen.de\/?page_id=396","title":{"rendered":"Im Wenkendiek"},"content":{"rendered":"\n<p>Eine Stra\u00dfe, die den Wohnbereich n\u00f6rdlich der \u00f6stlichen Hauptstra\u00dfe umfasst.<br>Benannt ist sie nach dem ehemaligen Haus und Hof Wenkendiek. Die Silbe \u201eDiek\u201c meint den Teich. \u201eWenke&#8220; oder auch \u201eWenge\u201c ist der Bach oder Fluss, aber auch das zum Bach oder Fluss abfallende Gel\u00e4nde. <\/p>\n","protected":false},"excerpt":{"rendered":"<p>Eine Stra\u00dfe, die den Wohnbereich n\u00f6rdlich der \u00f6stlichen Hauptstra\u00dfe umfasst.Benannt ist sie nach dem ehemaligen Haus und Hof Wenkendiek. Die Silbe \u201eDiek\u201c meint den Teich. &hellip; <\/p>\n","protected":false},"author":1,"featured_media":0,"parent":123,"menu_order":123,"comment_status":"closed","ping_status":"closed","template":"","meta":{"_acf_changed":false,"footnotes":""},"class_list":["post-396","page","type-page","status-publish","hentry"],"acf":[],"jetpack_sharing_enabled":true,"_links":{"self":[{"href":"https:\/\/historisches-kirchhellen.de\/index.php?rest_route=\/wp\/v2\/pages\/396","targetHints":{"allow":["GET"]}}],"collection":[{"href":"https:\/\/historisches-kirchhellen.de\/index.php?rest_route=\/wp\/v2\/pages"}],"about":[{"href":"https:\/\/historisches-kirchhellen.de\/index.php?rest_route=\/wp\/v2\/types\/page"}],"author":[{"embeddable":true,"href":"https:\/\/historisches-kirchhellen.de\/index.php?rest_route=\/wp\/v2\/users\/1"}],"replies":[{"embeddable":true,"href":"https:\/\/historisches-kirchhellen.de\/index.php?rest_route=%2Fwp%2Fv2%2Fcomments&post=396"}],"version-history":[{"count":0,"href":"https:\/\/historisches-kirchhellen.de\/index.php?rest_route=\/wp\/v2\/pages\/396\/revisions"}],"up":[{"embeddable":true,"href":"https:\/\/historisches-kirchhellen.de\/index.php?rest_route=\/wp\/v2\/pages\/123"}],"wp:attachment":[{"href":"https:\/\/historisches-kirchhellen.de\/index.php?rest_route=%2Fwp%2Fv2%2Fmedia&parent=396"}],"curies":[{"name":"wp","href":"https:\/\/api.w.org\/{rel}","templated":true}]}}