{"id":398,"date":"2019-05-16T16:50:43","date_gmt":"2019-05-16T16:50:43","guid":{"rendered":"http:\/\/historisches-kirchhellen.de\/?page_id=398"},"modified":"2019-05-16T16:50:43","modified_gmt":"2019-05-16T16:50:43","slug":"im-winkel","status":"publish","type":"page","link":"https:\/\/historisches-kirchhellen.de\/?page_id=398","title":{"rendered":"Im Winkel"},"content":{"rendered":"\n<p>Ein Verbindungsweg von der Feldhausener Stra\u00dfe zum Hof Borgmann,\u00a0dort nach Osten abknickend zum <a href=\"http:\/\/historisches-kirchhellen.de\/?page_id=373\">Lohbraucksweg<\/a>.<\/p>\n\n\n\n<p>Es gibt in Kirchhellen zwei Flure namens \u201eIm Winkel\u201c. Das eine Flurst\u00fcck liegt im obigen Raum, das andere im Bereich der Flur 6, also im \u00e4u\u00dfersten Nordwesten.\u00a0<\/p>\n\n\n\n<p>Bei dem Begriff  &#8222;Winkel&#8220; wird es sich wohl um\u00a0das geometrische Gebilde \u201eWinkel\u201c als Ortsangabe handeln. (Das althochdeutsche \u201eWinkil\u201c meint eine Biegung oder Kr\u00fcmmung.) <\/p>\n","protected":false},"excerpt":{"rendered":"<p>Ein Verbindungsweg von der Feldhausener Stra\u00dfe zum Hof Borgmann,\u00a0dort nach Osten abknickend zum Lohbraucksweg. Es gibt in Kirchhellen zwei Flure namens \u201eIm Winkel\u201c. Das eine &hellip; <\/p>\n","protected":false},"author":1,"featured_media":0,"parent":123,"menu_order":124,"comment_status":"closed","ping_status":"closed","template":"","meta":{"_acf_changed":false,"footnotes":""},"class_list":["post-398","page","type-page","status-publish","hentry"],"acf":[],"jetpack_sharing_enabled":true,"_links":{"self":[{"href":"https:\/\/historisches-kirchhellen.de\/index.php?rest_route=\/wp\/v2\/pages\/398","targetHints":{"allow":["GET"]}}],"collection":[{"href":"https:\/\/historisches-kirchhellen.de\/index.php?rest_route=\/wp\/v2\/pages"}],"about":[{"href":"https:\/\/historisches-kirchhellen.de\/index.php?rest_route=\/wp\/v2\/types\/page"}],"author":[{"embeddable":true,"href":"https:\/\/historisches-kirchhellen.de\/index.php?rest_route=\/wp\/v2\/users\/1"}],"replies":[{"embeddable":true,"href":"https:\/\/historisches-kirchhellen.de\/index.php?rest_route=%2Fwp%2Fv2%2Fcomments&post=398"}],"version-history":[{"count":0,"href":"https:\/\/historisches-kirchhellen.de\/index.php?rest_route=\/wp\/v2\/pages\/398\/revisions"}],"up":[{"embeddable":true,"href":"https:\/\/historisches-kirchhellen.de\/index.php?rest_route=\/wp\/v2\/pages\/123"}],"wp:attachment":[{"href":"https:\/\/historisches-kirchhellen.de\/index.php?rest_route=%2Fwp%2Fv2%2Fmedia&parent=398"}],"curies":[{"name":"wp","href":"https:\/\/api.w.org\/{rel}","templated":true}]}}