{"id":406,"date":"2019-05-16T16:53:44","date_gmt":"2019-05-16T16:53:44","guid":{"rendered":"http:\/\/historisches-kirchhellen.de\/?page_id=406"},"modified":"2019-05-16T16:53:44","modified_gmt":"2019-05-16T16:53:44","slug":"in-der-koppel","status":"publish","type":"page","link":"https:\/\/historisches-kirchhellen.de\/?page_id=406","title":{"rendered":"In der Koppel"},"content":{"rendered":"\n<p>Diese Stra\u00dfe verbindet die Bottroper Stra\u00dfe \u00fcber die Burgstra\u00dfe hinweg mit der <a href=\"http:\/\/historisches-kirchhellen.de\/?page_id=282\">Rentforter Stra\u00dfe<\/a>.<br><br>Der Name ist kaum zu deuten. Vielleicht erkl\u00e4rt er sich aus dem keltischen\u00a0Wort \u201eCob-l\u201c als Bezeichnung f\u00fcr Wasser. Es gibt einen Cobelbach bei Nagold, eine Kobelache (Ache = Bach) bei Dornbirn, ein Cobelwiel in Holland.\u00a0Ein Bach ist ja \u201eIn der Koppel\u201c und \u201eAuf der Koppel\u201c nicht weit (Wiesentalbach). Gehen wir aber von den vielen Eigennamen in der Zusammensetzung mit\u00a0\u201eKoppel-\u201c aus, Koppel, Koppelmann, Koppelmeier, Koppelk\u00e4mper, so\u00a0k\u00f6nnte auch eine gemeinsame Viehweide gemeint gewesen sein. <\/p>\n","protected":false},"excerpt":{"rendered":"<p>Diese Stra\u00dfe verbindet die Bottroper Stra\u00dfe \u00fcber die Burgstra\u00dfe hinweg mit der Rentforter Stra\u00dfe. Der Name ist kaum zu deuten. Vielleicht erkl\u00e4rt er sich aus &hellip; <\/p>\n","protected":false},"author":1,"featured_media":0,"parent":123,"menu_order":130,"comment_status":"closed","ping_status":"closed","template":"","meta":{"_acf_changed":false,"footnotes":""},"class_list":["post-406","page","type-page","status-publish","hentry"],"acf":[],"jetpack_sharing_enabled":true,"_links":{"self":[{"href":"https:\/\/historisches-kirchhellen.de\/index.php?rest_route=\/wp\/v2\/pages\/406","targetHints":{"allow":["GET"]}}],"collection":[{"href":"https:\/\/historisches-kirchhellen.de\/index.php?rest_route=\/wp\/v2\/pages"}],"about":[{"href":"https:\/\/historisches-kirchhellen.de\/index.php?rest_route=\/wp\/v2\/types\/page"}],"author":[{"embeddable":true,"href":"https:\/\/historisches-kirchhellen.de\/index.php?rest_route=\/wp\/v2\/users\/1"}],"replies":[{"embeddable":true,"href":"https:\/\/historisches-kirchhellen.de\/index.php?rest_route=%2Fwp%2Fv2%2Fcomments&post=406"}],"version-history":[{"count":0,"href":"https:\/\/historisches-kirchhellen.de\/index.php?rest_route=\/wp\/v2\/pages\/406\/revisions"}],"up":[{"embeddable":true,"href":"https:\/\/historisches-kirchhellen.de\/index.php?rest_route=\/wp\/v2\/pages\/123"}],"wp:attachment":[{"href":"https:\/\/historisches-kirchhellen.de\/index.php?rest_route=%2Fwp%2Fv2%2Fmedia&parent=406"}],"curies":[{"name":"wp","href":"https:\/\/api.w.org\/{rel}","templated":true}]}}