{"id":408,"date":"2019-05-16T16:54:22","date_gmt":"2019-05-16T16:54:22","guid":{"rendered":"http:\/\/historisches-kirchhellen.de\/?page_id=408"},"modified":"2019-05-16T16:54:22","modified_gmt":"2019-05-16T16:54:22","slug":"in-der-miere","status":"publish","type":"page","link":"https:\/\/historisches-kirchhellen.de\/?page_id=408","title":{"rendered":"In der Miere"},"content":{"rendered":"\n<p>Ein schmaler Verbindungsweg zwischen <a href=\"http:\/\/historisches-kirchhellen.de\/?page_id=312\">M\u00fcnsterstra\u00dfe<\/a> zur <a href=\"http:\/\/historisches-kirchhellen.de\/?page_id=240\">Schulstra\u00dfe<\/a> in H\u00f6he\u00a0der Einm\u00fcndung in die <a href=\"http:\/\/historisches-kirchhellen.de\/?page_id=270\">Pelsstra\u00dfe<\/a>.<br><br>Der Verlauf dieses Weges durch die feuchte Niederung der \u201eMiere\u201c sagt\u00a0eigentlich schon alles \u00fcber den Namen. Mi(e)re bezeichnet ein nasses, niedriggelegenes Gel\u00e4nde, kurz: einen Sumpf. <\/p>\n","protected":false},"excerpt":{"rendered":"<p>Ein schmaler Verbindungsweg zwischen M\u00fcnsterstra\u00dfe zur Schulstra\u00dfe in H\u00f6he\u00a0der Einm\u00fcndung in die Pelsstra\u00dfe. Der Verlauf dieses Weges durch die feuchte Niederung der \u201eMiere\u201c sagt\u00a0eigentlich schon &hellip; <\/p>\n","protected":false},"author":1,"featured_media":0,"parent":123,"menu_order":132,"comment_status":"closed","ping_status":"closed","template":"","meta":{"_acf_changed":false,"footnotes":""},"class_list":["post-408","page","type-page","status-publish","hentry"],"acf":[],"jetpack_sharing_enabled":true,"_links":{"self":[{"href":"https:\/\/historisches-kirchhellen.de\/index.php?rest_route=\/wp\/v2\/pages\/408","targetHints":{"allow":["GET"]}}],"collection":[{"href":"https:\/\/historisches-kirchhellen.de\/index.php?rest_route=\/wp\/v2\/pages"}],"about":[{"href":"https:\/\/historisches-kirchhellen.de\/index.php?rest_route=\/wp\/v2\/types\/page"}],"author":[{"embeddable":true,"href":"https:\/\/historisches-kirchhellen.de\/index.php?rest_route=\/wp\/v2\/users\/1"}],"replies":[{"embeddable":true,"href":"https:\/\/historisches-kirchhellen.de\/index.php?rest_route=%2Fwp%2Fv2%2Fcomments&post=408"}],"version-history":[{"count":0,"href":"https:\/\/historisches-kirchhellen.de\/index.php?rest_route=\/wp\/v2\/pages\/408\/revisions"}],"up":[{"embeddable":true,"href":"https:\/\/historisches-kirchhellen.de\/index.php?rest_route=\/wp\/v2\/pages\/123"}],"wp:attachment":[{"href":"https:\/\/historisches-kirchhellen.de\/index.php?rest_route=%2Fwp%2Fv2%2Fmedia&parent=408"}],"curies":[{"name":"wp","href":"https:\/\/api.w.org\/{rel}","templated":true}]}}